{"id":1434,"date":"2024-04-02T07:00:25","date_gmt":"2024-04-02T04:00:25","guid":{"rendered":"https:\/\/olyboost.eu\/politica-de-privacidad\/"},"modified":"2025-05-06T14:37:40","modified_gmt":"2025-05-06T11:37:40","slug":"politica-de-privacidad","status":"publish","type":"page","link":"https:\/\/olyboost.eu\/es\/politica-de-privacidad\/","title":{"rendered":"Pol\u00edtica de Privacidad"},"content":{"rendered":"\t\t<div data-elementor-type=\"wp-page\" data-elementor-id=\"1434\" class=\"elementor elementor-1434 elementor-3\" data-elementor-post-type=\"page\">\n\t\t\t\t<div data-particle_enable=\"false\" data-particle-mobile-disabled=\"false\" class=\"elementor-element elementor-element-4ad5b709 e-flex e-con-boxed e-con e-parent\" data-id=\"4ad5b709\" data-element_type=\"container\" data-e-type=\"container\" data-settings=\"{&quot;background_background&quot;:&quot;classic&quot;}\">\n\t\t\t\t\t<div class=\"e-con-inner\">\n\t\t\t\t<div class=\"elementor-element elementor-element-08dbf19 elementor-widget elementor-widget-heading\" data-id=\"08dbf19\" data-element_type=\"widget\" data-e-type=\"widget\" data-widget_type=\"heading.default\">\n\t\t\t\t<div class=\"elementor-widget-container\">\n\t\t\t\t\t<h2 class=\"elementor-heading-title elementor-size-default\">Aviso de privacidad del sitio web de Olyboost.eu<\/h2>\t\t\t\t<\/div>\n\t\t\t\t<\/div>\n\t\t\t\t<div class=\"elementor-element elementor-element-d6fd040 elementor-widget elementor-widget-text-editor\" data-id=\"d6fd040\" data-element_type=\"widget\" data-e-type=\"widget\" data-widget_type=\"text-editor.default\">\n\t\t\t\t<div class=\"elementor-widget-container\">\n\t\t\t\t\t\t\t\t\t<p style=\"text-align: right;\"><strong>V\u00e1lido desde: 06.05.2025<\/strong><\/p>\n<p><strong>1. Disposiciones generales<\/strong><\/p>\n<p style=\"padding-left: 40px;\">1.1. Este aviso explica el procesamiento de los datos personales de los visitantes en el sitio web y los derechos en relaci\u00f3n con el procesamiento de datos personales.<br \/>\n1.2. El responsable del tratamiento de los datos es OB Holding 1 O\u00dc (en adelante, OlyBOOST), c\u00f3digo de registro 14975047, direcci\u00f3n Pronksi 19, Tallin 10124, Estonia, +3726671250, <a href=\"mailto:estonia@oc.eu\">estonia@oc.eu<\/a>.<br \/>\n1.3. Los datos de contacto del Delegado de Protecci\u00f3n de Datos de Olyboost.eu son los siguientes: <a href=\"mailto:olybetestoniaDPO@olybet.com\">olybetestoniaDPO@olybet.com<\/a>, Pronksi 19, Tallin 10124.<br \/>\n1.4. OLYBET implementa medidas t\u00e9cnicas y organizativas apropiadas para proteger los datos personales contra el acceso no autorizado, la divulgaci\u00f3n ilegal, la p\u00e9rdida accidental, la alteraci\u00f3n, la destrucci\u00f3n u otro procesamiento ilegal. Tambi\u00e9n exigimos a nuestros socios colaboradores, a los que transferimos datos personales de acuerdo con este Aviso de privacidad, que implementen las medidas de seguridad organizativas, f\u00edsicas e inform\u00e1ticas necesarias. Sin embargo, tenga en cuenta que, incluso utilizando todas las medidas t\u00e9cnicas y organizativas para proteger los datos personales, persisten algunos riesgos, como el ciberataque, la p\u00e9rdida de electricidad, el error de software o las acciones maliciosas de una persona. Al descubrir dicha infracci\u00f3n, tomaremos todas las medidas razonables para mitigar y minimizar el riesgo para los visitantes de nuestro sitio web.<br \/>\n1.5. Las disposiciones sobre el procesamiento de datos personales tambi\u00e9n pueden incluirse en los contratos entre el visitante del sitio web y OlyBet, como los T\u00e9rminos y Condiciones. En tal caso, en caso de conflicto de cl\u00e1usulas, se aplicar\u00e1n las disposiciones acordadas en los <a href=\"https:\/\/olyboost.eu\/es\/terminos-y-condiciones\/\">T\u00e9rminos y Condiciones<\/a>.<br \/>\n1.6. Si OlyBet modifica el aviso sobre el tratamiento de datos personales, publicar\u00e1 la versi\u00f3n actualizada en su sitio web <a href=\"https:\/\/olyboost.eu\/es\/\">www.olyboost.eu<\/a>.<\/p>\n<p><strong>2. Derechos de los visitantes del sitio web en relaci\u00f3n con el tratamiento de sus datos personales<\/strong><\/p>\n<p style=\"padding-left: 40px;\">2.1. El visitante del sitio web tiene derecho a ser informado sobre si OlyBOOST procesa sus datos personales y, en caso afirmativo, a recibir una copia de los datos antes mencionados.<br \/>\n2.2. El visitante del sitio web tiene derecho a solicitar la rectificaci\u00f3n de los datos personales inexactos que le conciernen.<br \/>\n2.3. El visitante del sitio web tiene derecho a retirar su consentimiento para el tratamiento de datos personales en cualquier momento (por ejemplo, consentimiento de marketing directo), si el tratamiento se basa en el consentimiento. La retirada del consentimiento no afecta a la licitud del tratamiento que tuvo lugar antes de la retirada.<br \/>\n2.4. El visitante del sitio web tiene derecho a exigir la supresi\u00f3n de sus datos personales. OlyBOOST puede eliminar los datos procesados sobre la base del consentimiento o el inter\u00e9s leg\u00edtimo, si los intereses de OlyBOOST no prevalecen sobre los intereses del visitante del sitio web. El derecho de supresi\u00f3n no se aplica a los datos que se procesan para el cumplimiento de obligaciones legales o contractuales, mientras la obligaci\u00f3n legal o contractual sea v\u00e1lida.<br \/>\n2.5. El visitante del sitio web tiene derecho a oponerse al tratamiento de sus datos personales (especialmente sobre la base de un inter\u00e9s leg\u00edtimo) y a restringir el tratamiento de sus datos personales cuando est\u00e9 justificado.<br \/>\n2.6. El visitante del sitio web tiene derecho a recibir sus datos personales, que ha facilitado sobre la base de su consentimiento o para ejecutar un contrato, en un formato estructurado y legible por m\u00e1quina (si es t\u00e9cnicamente posible) para su transmisi\u00f3n a otras empresas.<br \/>\n2.7. El visitante del sitio web tiene derecho a presentar una queja sobre el procesamiento de datos personales ante la Inspecci\u00f3n de Protecci\u00f3n de Datos de Estonia o por correo electr\u00f3nico a info@aki.ee o en persona en Tatari 39, Tallin.<\/p>\n<p><strong>3. Datos personales tratados y sus fuentes<\/strong><\/p>\n<p style=\"padding-left: 40px;\">3.1. OlyBOOST procesa los siguientes datos personales de los visitantes del sitio web.<br \/>\n3.1.1. <strong>Datos de visualizaci\u00f3n del sitio web<\/strong>: direcci\u00f3n IP (incluida la ubicaci\u00f3n basada en la direcci\u00f3n IP), proveedor de servicios de Internet, URL de referencia, fecha, hora, token de acceso, clave de sesi\u00f3n, tipo y versi\u00f3n del navegador web, sistema operativo, cantidad y estado de los datos transmitidos, direcci\u00f3n MAC;<br \/>\n3.1.2. <strong>Datos de cookies<\/strong>: OlyBOOST utiliza cookies en sus sitios web para optimizar los sitios web y sus funciones. Las cookies pueden recopilar datos personales. Para obtener m\u00e1s informaci\u00f3n, consulte el Aviso de cookies de OlyBOOST.<br \/>\n3.2. OlyBOOST no procesa categor\u00edas especiales de datos personales relacionados con el visitante del sitio web (datos relativos al origen racial o \u00e9tnico, creencias religiosas o filos\u00f3ficas, vida sexual, orientaci\u00f3n sexual, opiniones pol\u00edticas, afiliaci\u00f3n sindical, informaci\u00f3n sobre salud y datos gen\u00e9ticos y biom\u00e9tricos).<br \/>\n3.3. Dependiendo de la finalidad y la naturaleza del tratamiento, OlyBOOST recopila datos personales relacionados con el visitante del sitio web, del navegador del visitante del sitio web mediante cookies, del proveedor de servicios de Internet del visitante del sitio web.<\/p>\n<p><strong>4. Base jur\u00eddica y finalidades del tratamiento de datos personales<\/strong><\/p>\n<p style=\"padding-left: 40px;\">4.1. Las bases legales para el tratamiento de los datos personales del visitante del sitio web son: el cumplimiento de las obligaciones contractuales, el consentimiento del interesado y el inter\u00e9s leg\u00edtimo de OlyBOOST. A continuaci\u00f3n se muestra una lista de las actividades de procesamiento y su base legal:<br \/>\n4.1.1. Para la ejecuci\u00f3n del contrato procesamos: datos de <strong>visita al sitio web, datos de cookies<\/strong>.<br \/>\n4.1.2. Sobre la base de intereses leg\u00edtimos, procesamos: <strong>datos de visitas al sitio web, datos de cookies<\/strong>.<\/p>\n<p><\/p>\n<p style=\"padding-left: 40px;\">4.2. Los fines del tratamiento de los datos personales del visitante del sitio web son: mostrar el contenido del sitio web, comercializar los servicios\/productos de OlyBOOST, gestionar los comentarios de los visitantes del sitio web, ampliar la base de visitantes del sitio web, fidelizar a los visitantes del sitio web y proporcionar valor a\u00f1adido, gestionar los recursos de OlyBOOST, mejorar el sitio web.<br \/>\n4.3. En el caso del tratamiento de datos para el cumplimiento de obligaciones legales o contractuales, el visitante del sitio web est\u00e1 obligado a proporcionar dichos datos personales. El no proporcionar dichos datos impedir\u00e1 a OlyBOOST cumplir con sus obligaciones contractuales o legales y limitar\u00e1 la capacidad del visitante del sitio web para utilizar los servicios ofrecidos.<br \/>\n4.4. Cuando OlyBOOST procesa datos personales sobre la base de un inter\u00e9s leg\u00edtimo, OlyBOOST ha evaluado que su inter\u00e9s leg\u00edtimo en el procesamiento de datos personales para ciertos fines supera los intereses y derechos del visitante del sitio web.<br \/>\n4.5. En caso de que el tratamiento de los datos personales se base en el consentimiento del visitante del sitio web, este consentimiento puede retirarse poni\u00e9ndose en contacto con el responsable de la protecci\u00f3n de datos, cuyos datos de contacto se encuentran en la cl\u00e1usula 1.3, o haciendo clic en el enlace para darse de baja al final de cada mensaje de marketing.<\/p>\n<p><strong>5. Elaboraci\u00f3n de perfiles y toma de decisiones automatizada<\/strong><\/p>\n<p style=\"padding-left: 40px;\">5.1. <strong>La generaci\u00f3n de perfiles<\/strong> se utiliza en los siguientes procesos y se basa en la siguiente l\u00f3gica.<br \/>\n5.1.1. Comercializaci\u00f3n de los servicios\/productos ofrecidos por OlyBOOST sobre la base del an\u00e1lisis del tr\u00e1fico del sitio web y la determinaci\u00f3n del uso del sitio web.<br \/>\n5.2. <strong>La toma de decisiones automatizada<\/strong> no se utiliza en este sitio web.<\/p>\n<p><strong>6. Transmisi\u00f3n de datos personales<\/strong><\/p>\n<p style=\"padding-left: 40px;\">6.1. Con el fin de prestar servicios y\/o cumplir con sus obligaciones legales, OlyBOOST utiliza socios como procesadores de datos personales, que procesan los datos en base y en la medida de las instrucciones dadas por OlyBOOST.<br \/>\n6.2. Al procesar datos personales, OlyBOOST transferir\u00e1 sus datos personales a los siguientes destinatarios, que pueden ser controladores o procesadores de datos: empresas de su propio grupo, autoridades p\u00fablicas, tribunales, bancos, auditores y asesores legales, compa\u00f1\u00edas de seguros, proveedores de servicios de an\u00e1lisis, proveedores de servicios de detecci\u00f3n y prevenci\u00f3n de fraudes, proveedores de servicios de autenticaci\u00f3n de visitantes del sitio web, proveedores de servicios de encuestas, proveedores de servicios de archivo, proveedores de servicios de transmisi\u00f3n y comunicaci\u00f3n de informaci\u00f3n, intermediarios de servicios de streaming, operadores de plataformas de denuncia de irregularidades.<br \/>\n6.3. Si el socio de OlyBOOST que procesa los datos se encuentra fuera de la Uni\u00f3n Europea, las garant\u00edas que se deben utilizar para la transmisi\u00f3n de datos personales son: un <a href=\"https:\/\/commission.europa.eu\/law\/law-topic\/data-protection\/international-dimension-data-protection\/adequacy-decisions_en\" target=\"_blank\" rel=\"noopener\">nivel adecuado de protecci\u00f3n de datos<\/a> en el pa\u00eds destinatario de acuerdo con la decisi\u00f3n de la Comisi\u00f3n Europea, o el uso de <a href=\"https:\/\/commission.europa.eu\/law\/law-topic\/data-protection\/international-dimension-data-protection\/standard-contractual-clauses-scc_en\" target=\"_blank\" rel=\"noopener\">cl\u00e1usulas contractuales est\u00e1ndar para la protecci\u00f3n de datos<\/a> desarrolladas por la Comisi\u00f3n Europea en el acuerdo de cooperaci\u00f3n (haga clic en el enlace correspondiente para obtener m\u00e1s informaci\u00f3n).<br \/>\n6.4. El corresponsable del tratamiento de los datos personales es Kungla Investeeringu Osa\u00fching (direcci\u00f3n Pronksi 19, Tallin 10124, Estonia, +3726671250, <a href=\"mailto:estonia@oc.eu\">estonia@oc.eu<\/a>), y que forman parte del mismo grupo que OlyBOOST, con el que OlyBOOST procesa datos personales con fines de marketing de servicios\/productos, an\u00e1lisis de sitios web y gesti\u00f3n de los recursos de OlyBOOST. Las partes han celebrado un acuerdo a tal efecto, que permite a las partes compartir los datos personales para lograr los fines contenidos en este Aviso de Privacidad.<\/p>\n<p><strong>7. Plazos de conservaci\u00f3n de los datos personales<\/strong><\/p>\n<p style=\"padding-left: 40px;\">7.1. Los datos personales de un visitante del sitio web se conservan hasta que se hayan cumplido los fines del tratamiento o hasta que se hayan cumplido las obligaciones derivadas de la legislaci\u00f3n.<br \/>\n7.2. Los datos de visita al sitio web se conservan de acuerdo con los tiempos de retenci\u00f3n indicados en el Aviso de cookies. Esto depende de los diferentes tipos de cookies que se utilicen.<br \/>\n7.3. Los datos personales recopilados sobre la base de intereses leg\u00edtimos se conservan durante el tiempo que sea necesario para los fines para los que fueron recopilados.<\/p>\n\t\t\t\t\t\t\t\t<\/div>\n\t\t\t\t<\/div>\n\t\t\t\t\t<\/div>\n\t\t\t\t<\/div>\n\t\t\t\t<\/div>\n\t\t","protected":false},"excerpt":{"rendered":"<p>Aviso de privacidad del sitio web de Olyboost.eu V\u00e1lido desde: 06.05.2025 1. Disposiciones generales 1.1. Este aviso explica el procesamiento de los datos personales de los visitantes en el sitio web y los derechos en relaci\u00f3n con el procesamiento de datos personales. 1.2. El responsable del tratamiento de los datos es OB Holding 1 O\u00dc [&hellip;]<\/p>\n","protected":false},"author":2,"featured_media":0,"parent":0,"menu_order":0,"comment_status":"closed","ping_status":"open","template":"elementor_header_footer","meta":{"footnotes":""},"class_list":["post-1434","page","type-page","status-publish","hentry"],"yoast_head":"<!-- This site is optimized with the Yoast SEO plugin v27.4 - https:\/\/yoast.com\/product\/yoast-seo-wordpress\/ -->\n<title>Pol\u00edtica de Privacidad - OlyBoost<\/title>\n<meta name=\"robots\" content=\"index, follow, max-snippet:-1, max-image-preview:large, max-video-preview:-1\" \/>\n<link rel=\"canonical\" href=\"https:\/\/olyboost.eu\/es\/politica-de-privacidad\/\" \/>\n<meta property=\"og:locale\" content=\"es_ES\" \/>\n<meta property=\"og:type\" content=\"article\" \/>\n<meta property=\"og:title\" content=\"Pol\u00edtica de Privacidad - OlyBoost\" \/>\n<meta property=\"og:description\" content=\"Aviso de privacidad del sitio web de Olyboost.eu V\u00e1lido desde: 06.05.2025 1. Disposiciones generales 1.1. Este aviso explica el procesamiento de los datos personales de los visitantes en el sitio web y los derechos en relaci\u00f3n con el procesamiento de datos personales. 1.2. El responsable del tratamiento de los datos es OB Holding 1 O\u00dc [&hellip;]\" \/>\n<meta property=\"og:url\" content=\"https:\/\/olyboost.eu\/es\/politica-de-privacidad\/\" \/>\n<meta property=\"og:site_name\" content=\"OlyBoost\" \/>\n<meta property=\"article:modified_time\" content=\"2025-05-06T11:37:40+00:00\" \/>\n<meta name=\"twitter:card\" content=\"summary_large_image\" \/>\n<meta name=\"twitter:label1\" content=\"Tiempo de lectura\" \/>\n\t<meta name=\"twitter:data1\" content=\"8 minutos\" \/>\n<script type=\"application\/ld+json\" class=\"yoast-schema-graph\">{\"@context\":\"https:\\\/\\\/schema.org\",\"@graph\":[{\"@type\":\"WebPage\",\"@id\":\"https:\\\/\\\/olyboost.eu\\\/es\\\/politica-de-privacidad\\\/\",\"url\":\"https:\\\/\\\/olyboost.eu\\\/es\\\/politica-de-privacidad\\\/\",\"name\":\"Pol\u00edtica de Privacidad - OlyBoost\",\"isPartOf\":{\"@id\":\"https:\\\/\\\/olyboost.eu\\\/es\\\/#website\"},\"datePublished\":\"2024-04-02T04:00:25+00:00\",\"dateModified\":\"2025-05-06T11:37:40+00:00\",\"breadcrumb\":{\"@id\":\"https:\\\/\\\/olyboost.eu\\\/es\\\/politica-de-privacidad\\\/#breadcrumb\"},\"inLanguage\":\"es\",\"potentialAction\":[{\"@type\":\"ReadAction\",\"target\":[\"https:\\\/\\\/olyboost.eu\\\/es\\\/politica-de-privacidad\\\/\"]}]},{\"@type\":\"BreadcrumbList\",\"@id\":\"https:\\\/\\\/olyboost.eu\\\/es\\\/politica-de-privacidad\\\/#breadcrumb\",\"itemListElement\":[{\"@type\":\"ListItem\",\"position\":1,\"name\":\"Home\",\"item\":\"https:\\\/\\\/olyboost.eu\\\/es\\\/\"},{\"@type\":\"ListItem\",\"position\":2,\"name\":\"Pol\u00edtica de Privacidad\"}]},{\"@type\":\"WebSite\",\"@id\":\"https:\\\/\\\/olyboost.eu\\\/es\\\/#website\",\"url\":\"https:\\\/\\\/olyboost.eu\\\/es\\\/\",\"name\":\"OlyBoost\",\"description\":\"Your moments\",\"publisher\":{\"@id\":\"https:\\\/\\\/olyboost.eu\\\/es\\\/#organization\"},\"potentialAction\":[{\"@type\":\"SearchAction\",\"target\":{\"@type\":\"EntryPoint\",\"urlTemplate\":\"https:\\\/\\\/olyboost.eu\\\/es\\\/?s={search_term_string}\"},\"query-input\":{\"@type\":\"PropertyValueSpecification\",\"valueRequired\":true,\"valueName\":\"search_term_string\"}}],\"inLanguage\":\"es\"},{\"@type\":\"Organization\",\"@id\":\"https:\\\/\\\/olyboost.eu\\\/es\\\/#organization\",\"name\":\"OlyBoost\",\"url\":\"https:\\\/\\\/olyboost.eu\\\/es\\\/\",\"logo\":{\"@type\":\"ImageObject\",\"inLanguage\":\"es\",\"@id\":\"https:\\\/\\\/olyboost.eu\\\/es\\\/#\\\/schema\\\/logo\\\/image\\\/\",\"url\":\"https:\\\/\\\/olyboost.eu\\\/wp-content\\\/uploads\\\/2024\\\/04\\\/olyboost-logo-new-1.png\",\"contentUrl\":\"https:\\\/\\\/olyboost.eu\\\/wp-content\\\/uploads\\\/2024\\\/04\\\/olyboost-logo-new-1.png\",\"width\":1100,\"height\":326,\"caption\":\"OlyBoost\"},\"image\":{\"@id\":\"https:\\\/\\\/olyboost.eu\\\/es\\\/#\\\/schema\\\/logo\\\/image\\\/\"}}]}<\/script>\n<!-- \/ Yoast SEO plugin. -->","yoast_head_json":{"title":"Pol\u00edtica de Privacidad - OlyBoost","robots":{"index":"index","follow":"follow","max-snippet":"max-snippet:-1","max-image-preview":"max-image-preview:large","max-video-preview":"max-video-preview:-1"},"canonical":"https:\/\/olyboost.eu\/es\/politica-de-privacidad\/","og_locale":"es_ES","og_type":"article","og_title":"Pol\u00edtica de Privacidad - OlyBoost","og_description":"Aviso de privacidad del sitio web de Olyboost.eu V\u00e1lido desde: 06.05.2025 1. Disposiciones generales 1.1. Este aviso explica el procesamiento de los datos personales de los visitantes en el sitio web y los derechos en relaci\u00f3n con el procesamiento de datos personales. 1.2. El responsable del tratamiento de los datos es OB Holding 1 O\u00dc [&hellip;]","og_url":"https:\/\/olyboost.eu\/es\/politica-de-privacidad\/","og_site_name":"OlyBoost","article_modified_time":"2025-05-06T11:37:40+00:00","twitter_card":"summary_large_image","twitter_misc":{"Tiempo de lectura":"8 minutos"},"schema":{"@context":"https:\/\/schema.org","@graph":[{"@type":"WebPage","@id":"https:\/\/olyboost.eu\/es\/politica-de-privacidad\/","url":"https:\/\/olyboost.eu\/es\/politica-de-privacidad\/","name":"Pol\u00edtica de Privacidad - OlyBoost","isPartOf":{"@id":"https:\/\/olyboost.eu\/es\/#website"},"datePublished":"2024-04-02T04:00:25+00:00","dateModified":"2025-05-06T11:37:40+00:00","breadcrumb":{"@id":"https:\/\/olyboost.eu\/es\/politica-de-privacidad\/#breadcrumb"},"inLanguage":"es","potentialAction":[{"@type":"ReadAction","target":["https:\/\/olyboost.eu\/es\/politica-de-privacidad\/"]}]},{"@type":"BreadcrumbList","@id":"https:\/\/olyboost.eu\/es\/politica-de-privacidad\/#breadcrumb","itemListElement":[{"@type":"ListItem","position":1,"name":"Home","item":"https:\/\/olyboost.eu\/es\/"},{"@type":"ListItem","position":2,"name":"Pol\u00edtica de Privacidad"}]},{"@type":"WebSite","@id":"https:\/\/olyboost.eu\/es\/#website","url":"https:\/\/olyboost.eu\/es\/","name":"OlyBoost","description":"Your moments","publisher":{"@id":"https:\/\/olyboost.eu\/es\/#organization"},"potentialAction":[{"@type":"SearchAction","target":{"@type":"EntryPoint","urlTemplate":"https:\/\/olyboost.eu\/es\/?s={search_term_string}"},"query-input":{"@type":"PropertyValueSpecification","valueRequired":true,"valueName":"search_term_string"}}],"inLanguage":"es"},{"@type":"Organization","@id":"https:\/\/olyboost.eu\/es\/#organization","name":"OlyBoost","url":"https:\/\/olyboost.eu\/es\/","logo":{"@type":"ImageObject","inLanguage":"es","@id":"https:\/\/olyboost.eu\/es\/#\/schema\/logo\/image\/","url":"https:\/\/olyboost.eu\/wp-content\/uploads\/2024\/04\/olyboost-logo-new-1.png","contentUrl":"https:\/\/olyboost.eu\/wp-content\/uploads\/2024\/04\/olyboost-logo-new-1.png","width":1100,"height":326,"caption":"OlyBoost"},"image":{"@id":"https:\/\/olyboost.eu\/es\/#\/schema\/logo\/image\/"}}]}},"publishpress_future_action":{"enabled":false,"date":"2026-05-10 12:43:35","action":"change-status","newStatus":"draft","terms":[],"taxonomy":"translation_priority","extraData":[]},"publishpress_future_workflow_manual_trigger":{"enabledWorkflows":[]},"_links":{"self":[{"href":"https:\/\/olyboost.eu\/es\/wp-json\/wp\/v2\/pages\/1434","targetHints":{"allow":["GET"]}}],"collection":[{"href":"https:\/\/olyboost.eu\/es\/wp-json\/wp\/v2\/pages"}],"about":[{"href":"https:\/\/olyboost.eu\/es\/wp-json\/wp\/v2\/types\/page"}],"author":[{"embeddable":true,"href":"https:\/\/olyboost.eu\/es\/wp-json\/wp\/v2\/users\/2"}],"replies":[{"embeddable":true,"href":"https:\/\/olyboost.eu\/es\/wp-json\/wp\/v2\/comments?post=1434"}],"version-history":[{"count":3,"href":"https:\/\/olyboost.eu\/es\/wp-json\/wp\/v2\/pages\/1434\/revisions"}],"predecessor-version":[{"id":1439,"href":"https:\/\/olyboost.eu\/es\/wp-json\/wp\/v2\/pages\/1434\/revisions\/1439"}],"wp:attachment":[{"href":"https:\/\/olyboost.eu\/es\/wp-json\/wp\/v2\/media?parent=1434"}],"curies":[{"name":"wp","href":"https:\/\/api.w.org\/{rel}","templated":true}]}}