{"id":1436,"date":"2024-05-22T10:29:24","date_gmt":"2024-05-22T07:29:24","guid":{"rendered":"https:\/\/olyboost.eu\/terminos-y-condiciones\/"},"modified":"2025-05-06T14:33:09","modified_gmt":"2025-05-06T11:33:09","slug":"terminos-y-condiciones","status":"publish","type":"page","link":"https:\/\/olyboost.eu\/es\/terminos-y-condiciones\/","title":{"rendered":"T\u00e9rminos y condiciones"},"content":{"rendered":"\t\t<div data-elementor-type=\"wp-page\" data-elementor-id=\"1436\" class=\"elementor elementor-1436 elementor-375\" data-elementor-post-type=\"page\">\n\t\t\t\t<div data-particle_enable=\"false\" data-particle-mobile-disabled=\"false\" class=\"elementor-element elementor-element-2882f83 e-flex e-con-boxed e-con e-parent\" data-id=\"2882f83\" data-element_type=\"container\" data-e-type=\"container\" data-settings=\"{&quot;background_background&quot;:&quot;classic&quot;}\">\n\t\t\t\t\t<div class=\"e-con-inner\">\n\t\t\t\t<div class=\"elementor-element elementor-element-5523caa elementor-widget elementor-widget-heading\" data-id=\"5523caa\" data-element_type=\"widget\" data-e-type=\"widget\" data-widget_type=\"heading.default\">\n\t\t\t\t<div class=\"elementor-widget-container\">\n\t\t\t\t\t<h2 class=\"elementor-heading-title elementor-size-default\">Olyboost.eu T\u00e9rminos y condiciones del sitio web<\/h2>\t\t\t\t<\/div>\n\t\t\t\t<\/div>\n\t\t\t\t<div class=\"elementor-element elementor-element-3685489 elementor-widget elementor-widget-text-editor\" data-id=\"3685489\" data-element_type=\"widget\" data-e-type=\"widget\" data-widget_type=\"text-editor.default\">\n\t\t\t\t<div class=\"elementor-widget-container\">\n\t\t\t\t\t\t\t\t\t<p style=\"text-align: right;\"><strong>V\u00e1lido desde: 10.09.2024<\/strong><\/p>\n<p>1. Este sitio web <a href=\"https:\/\/olyboost.eu\/es\/\">www.olyboost.eu<\/a> ( \u00ab<strong>Sitio web<\/strong>\u00ab) es operado por Kungla Investeeringu Osa\u00fching, c\u00f3digo de registro 10103126, registrada en Pronksi 19, 10124 Tallin, Estonia (la \u00ab<strong>Compa\u00f1\u00eda\u00bb o \u00abnosotros<\/strong>\u00ab).<\/p>\n<p>2. Al visitar este Sitio Web, usted acepta estos T\u00e9rminos y Condiciones y garantiza que ha le\u00eddo y comprendido la informaci\u00f3n contenida en el Aviso de Privacidad y la Pol\u00edtica de Cookies sobre el uso de datos personales durante la visita a este Sitio Web, y que es mayor de 18 a\u00f1os. Si no acepta los T\u00e9rminos y Condiciones o es menor de 18 a\u00f1os, abandone este sitio web.<br \/>Quedan terminantemente prohibidas las siguientes actividades:<br \/>\u2022 Usar el sitio web de cualquier manera que pueda da\u00f1ar, deshabilitar, sobrecargar o perjudicar el sitio web.<br \/>\u2022 Intentar obtener acceso no autorizado a cualquier parte del sitio web o a cualquier sistema o red conectada al sitio web.<br \/>\u2022 Usar el sitio web para fines ilegales.<\/p>\n<p>3. <strong>Propiedad intelectual.<\/strong> El contenido, la organizaci\u00f3n, los gr\u00e1ficos, el dise\u00f1o, la compilaci\u00f3n y otros asuntos relacionados con el sitio web est\u00e1n protegidos por las leyes de derechos de autor, marcas comerciales y propiedad intelectual de Estonia, la Uni\u00f3n Europea e internacionales aplicables. \u00abOlyBOOST\u00bb y nuestros logotipos y otras marcas son marcas comerciales registradas de la Compa\u00f1\u00eda o de las empresas de su grupo afiliado (\u00ab<strong>Marcas comerciales<\/strong>\u00ab). Somos propietarios exclusivos o tenemos derechos de uso sobre todos los derechos, t\u00edtulos e intereses sobre todas las marcas comerciales, documentaci\u00f3n, software, contenidos, gr\u00e1ficos, dise\u00f1os, datos, c\u00f3digos inform\u00e1ticos, ideas, conocimientos t\u00e9cnicos, \u00abapariencia y sensaci\u00f3n\u00bb, compilaciones, traducciones magn\u00e9ticas, conversiones digitales y otros materiales incluidos en el sitio web y relacionados con el sitio web, y todas las modificaciones y trabajos derivados de los mismos, y todos los derechos de propiedad intelectual relacionados con los mismos (\u00ab<strong>Propiedad Intelectual<\/strong>\u00ab). La publicaci\u00f3n de informaci\u00f3n o materiales en el sitio web por nuestra parte no constituye una renuncia a ning\u00fan derecho de propiedad intelectual o a dicha informaci\u00f3n y materiales. No podr\u00e1 impugnar o perjudicar de otro modo la propiedad de la Empresa sobre el Sitio web y el contenido del mismo o la validez o aplicabilidad de los derechos de la Empresa sobre la Propiedad Intelectual. Nos reservamos el derecho, a nuestra entera discreci\u00f3n, de editar o eliminar cualquier informaci\u00f3n u otro contenido que aparezca en el sitio web en cualquier momento sin previo aviso. Nada de lo contenido en estos T\u00e9rminos y Condiciones se interpretar\u00e1 impl\u00edcitamente o de otro modo como una concesi\u00f3n al usuario de un inter\u00e9s en la Propiedad Intelectual o cualquier derecho de autor, marca comercial, patente u otro derecho de propiedad intelectual de la Compa\u00f1\u00eda o de cualquier tercero. Sujeto a los T\u00e9rminos y Condiciones, La Compa\u00f1\u00eda le otorga una licencia limitada, libre de regal\u00edas, no exclusiva, revocable, rescindible y personal para usar la Propiedad Intelectual \u00fanicamente para su uso personal y no comercial. Ninguno de los materiales de nuestro sitio web puede descargarse, distribuirse, reproducirse, volver a publicarse, publicarse, transmitirse o copiarse de ninguna forma ni por ning\u00fan medio, sin el permiso previo por escrito de la Compa\u00f1\u00eda, permiso que puede ser denegado a nuestra entera y absoluta discreci\u00f3n.<\/p>\n<p>4. <strong>Finalidad y producto.<\/strong> La Compa\u00f1\u00eda distribuye y vende la Bebida Energ\u00e9tica OlyBOOST (el \u00ab<strong>Producto<\/strong>\u00ab). El prop\u00f3sito de este sitio web es proporcionar informaci\u00f3n sobre el Producto y comercializar el Producto. El contenido que se muestra en el sitio web sobre el producto es solo para fines informativos y el contenido no est\u00e1 destinado a la venta a menores de edad.<\/p>\n<p>5. <strong>Exactitud de la informaci\u00f3n.<\/strong> Si bien hacemos todos los esfuerzos razonables para incluir informaci\u00f3n precisa y actualizada en el sitio web, en la medida m\u00e1xima permitida por la ley, no ofrecemos ni renunciamos a todas las garant\u00edas o representaciones en cuanto a la exactitud, correcci\u00f3n, confiabilidad o de otro tipo con respecto a dicha informaci\u00f3n, y no asumimos ninguna responsabilidad por omisiones o errores (incluidos, sin limitaci\u00f3n, errores tipogr\u00e1ficos y errores t\u00e9cnicos) en la informaci\u00f3n contenida en el Sitio Web.<\/p>\n<p>6. <strong>Sin garant\u00eda.<\/strong> La Compa\u00f1\u00eda garantiza que el Producto cumple con todas las normas y regulaciones con respecto a la seguridad alimentaria y las regulaciones aplicables a las bebidas energ\u00e9ticas, pero no tendr\u00e1 ninguna responsabilidad ante ninguna persona que compre o adquiera el Producto por su comerciabilidad, idoneidad para un prop\u00f3sito particular o cualquier otra garant\u00eda impl\u00edcita.<\/p>\n<p>7. <strong>Limitaci\u00f3n de responsabilidad.<\/strong> En la medida m\u00e1xima permitida por la ley aplicable, la Compa\u00f1\u00eda no ser\u00e1 responsable de ning\u00fan da\u00f1o directo o indirecto, ya sea previsible o no, que est\u00e9 relacionado de alguna manera con estos T\u00e9rminos y Condiciones, cualquier virus que afecte a este sitio web, el uso o la imposibilidad de usar este sitio web, los resultados generados por el uso de este sitio web, p\u00e9rdida de beneficios, p\u00e9rdida de negocio, cualquiera que sea su denominaci\u00f3n, y\/o por cualquier otra causa, incluso si se ha advertido con antelaci\u00f3n de la posibilidad de dichos da\u00f1os o p\u00e9rdidas. Sin perjuicio de cualquier disposici\u00f3n en contrario contenida en este documento, en la medida en que lo permita la ley aplicable, la responsabilidad total de la Compa\u00f1\u00eda hacia usted por cualquier causa e independientemente de la forma de la acci\u00f3n, se limitar\u00e1 en todo momento a la cantidad que pag\u00f3, si la hubiera, a la Compa\u00f1\u00eda en los seis (6) meses anteriores a los eventos que dieron lugar a su reclamo.<\/p>\n<p>8. <strong>Indemnizaci\u00f3n.<\/strong> Excepto en la medida en que lo proh\u00edba la ley aplicable, usted nos indemnizar\u00e1 y nos eximir\u00e1 a nosotros, nuestras subsidiarias, matrices, afiliadas, funcionarios, directores, accionistas, representantes legales, agentes y otros socios y empleados, de p\u00e9rdidas, responsabilidades, costos, da\u00f1os o gastos de todas y cada una de las reclamaciones, acciones y demandas, ya sean infundadas o de otro tipo, y de y contra todas y cada una de las reclamaciones, responsabilidades, juicios, p\u00e9rdidas, da\u00f1os, costos, cargos, honorarios de abogados y otros gastos de cualquier naturaleza y car\u00e1cter por raz\u00f3n de (i) su uso del sitio web; (ii) su incumplimiento o presunto incumplimiento de estos T\u00e9rminos y Condiciones y\/o cualquier incumplimiento o presunto incumplimiento de sus declaraciones y garant\u00edas establecidas en estos T\u00e9rminos y Condiciones (iii) su participaci\u00f3n en cualquier evento fuera de l\u00ednea de la marca OlyBOOST.<\/p>\n<p>9. <strong>Ley aplicable y jurisdicci\u00f3n.<\/strong> Estos T\u00e9rminos y Condiciones se rigen por las leyes de la Rep\u00fablica de Estonia sin dar efecto a ning\u00fan principio de conflicto de leyes. Cualquier acci\u00f3n legal relacionada con estos T\u00e9rminos y Condiciones se presentar\u00e1 primero ante la autoridad de protecci\u00f3n al consumidor. En caso de disputas legales que no puedan resolverse, la disputa debe llevarse al Tribunal del Condado de Harju en Tallin, Estonia y se llevar\u00e1 a cabo de conformidad con las leyes de procedimiento civil vigentes en la Rep\u00fablica de Estonia.<\/p>\n<p>10. <strong>Disposiciones finales.<\/strong> Si alguna disposici\u00f3n de estos T\u00e9rminos y Condiciones fuera ilegal, nula o inaplicable por cualquier motivo, dicha disposici\u00f3n se considerar\u00e1 separable de estos T\u00e9rminos y Condiciones y no afectar\u00e1 la validez y aplicabilidad de las disposiciones restantes. El hecho de que no hagamos cumplir alguna disposici\u00f3n de estos T\u00e9rminos y Condiciones no se considerar\u00e1 una renuncia a dicha disposici\u00f3n ni el derecho a hacer cumplir dicha disposici\u00f3n. Estos T\u00e9rminos y Condiciones no crean, ni se interpretar\u00e1n en el sentido de crear ninguna relaci\u00f3n de asociaci\u00f3n, empresa conjunta, empleador-empleado, agencia o franquiciador-franquiciado entre usted y nosotros. No puede ceder, transferir o sublicenciar ninguno o todos sus derechos u obligaciones en virtud de estos T\u00e9rminos y Condiciones sin nuestro consentimiento previo y expreso por escrito. Podemos ceder, transferir o sublicenciar cualquiera o todos nuestros derechos u obligaciones en virtud de estos T\u00e9rminos y Condiciones sin restricciones. Cualquier encabezado, leyenda o t\u00edtulo de secci\u00f3n contenido en este documento es solo para su conveniencia y de ninguna manera define o explica ninguna secci\u00f3n o disposici\u00f3n. Todos los t\u00e9rminos definidos en singular tendr\u00e1n el mismo significado cuando se utilicen en plural, cuando proceda y a menos que se especifique lo contrario. Cualquier uso del t\u00e9rmino \u00abincluyendo\u00bb o variaciones del mismo en estos T\u00e9rminos y Condiciones se interpretar\u00e1 como si fuera seguido por la frase \u00absin limitaci\u00f3n\u00bb. Estos T\u00e9rminos y Condiciones, incluidos los t\u00e9rminos y condiciones incorporados en este documento, son el acuerdo completo entre usted y nosotros en relaci\u00f3n con el objeto del presente, y reemplazan todos y cada uno de los acuerdos o entendimientos escritos u orales anteriores o contempor\u00e1neos entre usted y nosotros en relaci\u00f3n con dicho tema. correo. No seremos responsables de ning\u00fan incumplimiento de cualquier obligaci\u00f3n debido a cualquier causa fuera de su control.<\/p>\n\t\t\t\t\t\t\t\t<\/div>\n\t\t\t\t<\/div>\n\t\t\t\t\t<\/div>\n\t\t\t\t<\/div>\n\t\t\t\t<\/div>\n\t\t","protected":false},"excerpt":{"rendered":"<p>Olyboost.eu T\u00e9rminos y condiciones del sitio web V\u00e1lido desde: 10.09.2024 1. Este sitio web www.olyboost.eu ( \u00abSitio web\u00ab) es operado por Kungla Investeeringu Osa\u00fching, c\u00f3digo de registro 10103126, registrada en Pronksi 19, 10124 Tallin, Estonia (la \u00abCompa\u00f1\u00eda\u00bb o \u00abnosotros\u00ab). 2. Al visitar este Sitio Web, usted acepta estos T\u00e9rminos y Condiciones y garantiza que ha [&hellip;]<\/p>\n","protected":false},"author":2,"featured_media":0,"parent":0,"menu_order":0,"comment_status":"closed","ping_status":"closed","template":"elementor_header_footer","meta":{"footnotes":""},"class_list":["post-1436","page","type-page","status-publish","hentry"],"yoast_head":"<!-- This site is optimized with the Yoast SEO plugin v27.4 - https:\/\/yoast.com\/product\/yoast-seo-wordpress\/ -->\n<title>T\u00e9rminos y condiciones - OlyBoost<\/title>\n<meta name=\"robots\" content=\"index, follow, max-snippet:-1, max-image-preview:large, max-video-preview:-1\" \/>\n<link rel=\"canonical\" href=\"https:\/\/olyboost.eu\/es\/terminos-y-condiciones\/\" \/>\n<meta property=\"og:locale\" content=\"es_ES\" \/>\n<meta property=\"og:type\" content=\"article\" \/>\n<meta property=\"og:title\" content=\"T\u00e9rminos y condiciones - OlyBoost\" \/>\n<meta property=\"og:description\" content=\"Olyboost.eu T\u00e9rminos y condiciones del sitio web V\u00e1lido desde: 10.09.2024 1. Este sitio web www.olyboost.eu ( \u00abSitio web\u00ab) es operado por Kungla Investeeringu Osa\u00fching, c\u00f3digo de registro 10103126, registrada en Pronksi 19, 10124 Tallin, Estonia (la \u00abCompa\u00f1\u00eda\u00bb o \u00abnosotros\u00ab). 2. Al visitar este Sitio Web, usted acepta estos T\u00e9rminos y Condiciones y garantiza que ha [&hellip;]\" \/>\n<meta property=\"og:url\" content=\"https:\/\/olyboost.eu\/es\/terminos-y-condiciones\/\" \/>\n<meta property=\"og:site_name\" content=\"OlyBoost\" \/>\n<meta property=\"article:modified_time\" content=\"2025-05-06T11:33:09+00:00\" \/>\n<meta name=\"twitter:card\" content=\"summary_large_image\" \/>\n<meta name=\"twitter:label1\" content=\"Tiempo de lectura\" \/>\n\t<meta name=\"twitter:data1\" content=\"8 minutos\" \/>\n<script type=\"application\/ld+json\" class=\"yoast-schema-graph\">{\"@context\":\"https:\\\/\\\/schema.org\",\"@graph\":[{\"@type\":\"WebPage\",\"@id\":\"https:\\\/\\\/olyboost.eu\\\/es\\\/terminos-y-condiciones\\\/\",\"url\":\"https:\\\/\\\/olyboost.eu\\\/es\\\/terminos-y-condiciones\\\/\",\"name\":\"T\u00e9rminos y condiciones - OlyBoost\",\"isPartOf\":{\"@id\":\"https:\\\/\\\/olyboost.eu\\\/es\\\/#website\"},\"datePublished\":\"2024-05-22T07:29:24+00:00\",\"dateModified\":\"2025-05-06T11:33:09+00:00\",\"breadcrumb\":{\"@id\":\"https:\\\/\\\/olyboost.eu\\\/es\\\/terminos-y-condiciones\\\/#breadcrumb\"},\"inLanguage\":\"es\",\"potentialAction\":[{\"@type\":\"ReadAction\",\"target\":[\"https:\\\/\\\/olyboost.eu\\\/es\\\/terminos-y-condiciones\\\/\"]}]},{\"@type\":\"BreadcrumbList\",\"@id\":\"https:\\\/\\\/olyboost.eu\\\/es\\\/terminos-y-condiciones\\\/#breadcrumb\",\"itemListElement\":[{\"@type\":\"ListItem\",\"position\":1,\"name\":\"Home\",\"item\":\"https:\\\/\\\/olyboost.eu\\\/es\\\/\"},{\"@type\":\"ListItem\",\"position\":2,\"name\":\"T\u00e9rminos y condiciones\"}]},{\"@type\":\"WebSite\",\"@id\":\"https:\\\/\\\/olyboost.eu\\\/es\\\/#website\",\"url\":\"https:\\\/\\\/olyboost.eu\\\/es\\\/\",\"name\":\"OlyBoost\",\"description\":\"Your moments\",\"publisher\":{\"@id\":\"https:\\\/\\\/olyboost.eu\\\/es\\\/#organization\"},\"potentialAction\":[{\"@type\":\"SearchAction\",\"target\":{\"@type\":\"EntryPoint\",\"urlTemplate\":\"https:\\\/\\\/olyboost.eu\\\/es\\\/?s={search_term_string}\"},\"query-input\":{\"@type\":\"PropertyValueSpecification\",\"valueRequired\":true,\"valueName\":\"search_term_string\"}}],\"inLanguage\":\"es\"},{\"@type\":\"Organization\",\"@id\":\"https:\\\/\\\/olyboost.eu\\\/es\\\/#organization\",\"name\":\"OlyBoost\",\"url\":\"https:\\\/\\\/olyboost.eu\\\/es\\\/\",\"logo\":{\"@type\":\"ImageObject\",\"inLanguage\":\"es\",\"@id\":\"https:\\\/\\\/olyboost.eu\\\/es\\\/#\\\/schema\\\/logo\\\/image\\\/\",\"url\":\"https:\\\/\\\/olyboost.eu\\\/wp-content\\\/uploads\\\/2024\\\/04\\\/olyboost-logo-new-1.png\",\"contentUrl\":\"https:\\\/\\\/olyboost.eu\\\/wp-content\\\/uploads\\\/2024\\\/04\\\/olyboost-logo-new-1.png\",\"width\":1100,\"height\":326,\"caption\":\"OlyBoost\"},\"image\":{\"@id\":\"https:\\\/\\\/olyboost.eu\\\/es\\\/#\\\/schema\\\/logo\\\/image\\\/\"}}]}<\/script>\n<!-- \/ Yoast SEO plugin. -->","yoast_head_json":{"title":"T\u00e9rminos y condiciones - OlyBoost","robots":{"index":"index","follow":"follow","max-snippet":"max-snippet:-1","max-image-preview":"max-image-preview:large","max-video-preview":"max-video-preview:-1"},"canonical":"https:\/\/olyboost.eu\/es\/terminos-y-condiciones\/","og_locale":"es_ES","og_type":"article","og_title":"T\u00e9rminos y condiciones - OlyBoost","og_description":"Olyboost.eu T\u00e9rminos y condiciones del sitio web V\u00e1lido desde: 10.09.2024 1. Este sitio web www.olyboost.eu ( \u00abSitio web\u00ab) es operado por Kungla Investeeringu Osa\u00fching, c\u00f3digo de registro 10103126, registrada en Pronksi 19, 10124 Tallin, Estonia (la \u00abCompa\u00f1\u00eda\u00bb o \u00abnosotros\u00ab). 2. Al visitar este Sitio Web, usted acepta estos T\u00e9rminos y Condiciones y garantiza que ha [&hellip;]","og_url":"https:\/\/olyboost.eu\/es\/terminos-y-condiciones\/","og_site_name":"OlyBoost","article_modified_time":"2025-05-06T11:33:09+00:00","twitter_card":"summary_large_image","twitter_misc":{"Tiempo de lectura":"8 minutos"},"schema":{"@context":"https:\/\/schema.org","@graph":[{"@type":"WebPage","@id":"https:\/\/olyboost.eu\/es\/terminos-y-condiciones\/","url":"https:\/\/olyboost.eu\/es\/terminos-y-condiciones\/","name":"T\u00e9rminos y condiciones - OlyBoost","isPartOf":{"@id":"https:\/\/olyboost.eu\/es\/#website"},"datePublished":"2024-05-22T07:29:24+00:00","dateModified":"2025-05-06T11:33:09+00:00","breadcrumb":{"@id":"https:\/\/olyboost.eu\/es\/terminos-y-condiciones\/#breadcrumb"},"inLanguage":"es","potentialAction":[{"@type":"ReadAction","target":["https:\/\/olyboost.eu\/es\/terminos-y-condiciones\/"]}]},{"@type":"BreadcrumbList","@id":"https:\/\/olyboost.eu\/es\/terminos-y-condiciones\/#breadcrumb","itemListElement":[{"@type":"ListItem","position":1,"name":"Home","item":"https:\/\/olyboost.eu\/es\/"},{"@type":"ListItem","position":2,"name":"T\u00e9rminos y condiciones"}]},{"@type":"WebSite","@id":"https:\/\/olyboost.eu\/es\/#website","url":"https:\/\/olyboost.eu\/es\/","name":"OlyBoost","description":"Your moments","publisher":{"@id":"https:\/\/olyboost.eu\/es\/#organization"},"potentialAction":[{"@type":"SearchAction","target":{"@type":"EntryPoint","urlTemplate":"https:\/\/olyboost.eu\/es\/?s={search_term_string}"},"query-input":{"@type":"PropertyValueSpecification","valueRequired":true,"valueName":"search_term_string"}}],"inLanguage":"es"},{"@type":"Organization","@id":"https:\/\/olyboost.eu\/es\/#organization","name":"OlyBoost","url":"https:\/\/olyboost.eu\/es\/","logo":{"@type":"ImageObject","inLanguage":"es","@id":"https:\/\/olyboost.eu\/es\/#\/schema\/logo\/image\/","url":"https:\/\/olyboost.eu\/wp-content\/uploads\/2024\/04\/olyboost-logo-new-1.png","contentUrl":"https:\/\/olyboost.eu\/wp-content\/uploads\/2024\/04\/olyboost-logo-new-1.png","width":1100,"height":326,"caption":"OlyBoost"},"image":{"@id":"https:\/\/olyboost.eu\/es\/#\/schema\/logo\/image\/"}}]}},"publishpress_future_action":{"enabled":false,"date":"2026-05-09 00:59:47","action":"change-status","newStatus":"draft","terms":[],"taxonomy":"translation_priority","extraData":[]},"publishpress_future_workflow_manual_trigger":{"enabledWorkflows":[]},"_links":{"self":[{"href":"https:\/\/olyboost.eu\/es\/wp-json\/wp\/v2\/pages\/1436","targetHints":{"allow":["GET"]}}],"collection":[{"href":"https:\/\/olyboost.eu\/es\/wp-json\/wp\/v2\/pages"}],"about":[{"href":"https:\/\/olyboost.eu\/es\/wp-json\/wp\/v2\/types\/page"}],"author":[{"embeddable":true,"href":"https:\/\/olyboost.eu\/es\/wp-json\/wp\/v2\/users\/2"}],"replies":[{"embeddable":true,"href":"https:\/\/olyboost.eu\/es\/wp-json\/wp\/v2\/comments?post=1436"}],"version-history":[{"count":1,"href":"https:\/\/olyboost.eu\/es\/wp-json\/wp\/v2\/pages\/1436\/revisions"}],"predecessor-version":[{"id":1437,"href":"https:\/\/olyboost.eu\/es\/wp-json\/wp\/v2\/pages\/1436\/revisions\/1437"}],"wp:attachment":[{"href":"https:\/\/olyboost.eu\/es\/wp-json\/wp\/v2\/media?parent=1436"}],"curies":[{"name":"wp","href":"https:\/\/api.w.org\/{rel}","templated":true}]}}