{"id":1582,"date":"2024-05-22T10:29:24","date_gmt":"2024-05-22T07:29:24","guid":{"rendered":"https:\/\/olyboost.eu\/reeglid-ja-tingimused\/"},"modified":"2025-05-12T17:21:44","modified_gmt":"2025-05-12T14:21:44","slug":"reeglid-ja-tingimused","status":"publish","type":"page","link":"https:\/\/olyboost.eu\/et\/reeglid-ja-tingimused\/","title":{"rendered":"Reeglid ja tingimused"},"content":{"rendered":"\t\t<div data-elementor-type=\"wp-page\" data-elementor-id=\"1582\" class=\"elementor elementor-1582 elementor-375\" data-elementor-post-type=\"page\">\n\t\t\t\t<div data-particle_enable=\"false\" data-particle-mobile-disabled=\"false\" class=\"elementor-element elementor-element-2882f83 e-flex e-con-boxed e-con e-parent\" data-id=\"2882f83\" data-element_type=\"container\" data-e-type=\"container\" data-settings=\"{&quot;background_background&quot;:&quot;classic&quot;}\">\n\t\t\t\t\t<div class=\"e-con-inner\">\n\t\t\t\t<div class=\"elementor-element elementor-element-5523caa elementor-widget elementor-widget-heading\" data-id=\"5523caa\" data-element_type=\"widget\" data-e-type=\"widget\" data-widget_type=\"heading.default\">\n\t\t\t\t<div class=\"elementor-widget-container\">\n\t\t\t\t\t<h2 class=\"elementor-heading-title elementor-size-default\">Reeglid ja tingimused<\/h2>\t\t\t\t<\/div>\n\t\t\t\t<\/div>\n\t\t\t\t<div class=\"elementor-element elementor-element-3685489 elementor-widget elementor-widget-text-editor\" data-id=\"3685489\" data-element_type=\"widget\" data-e-type=\"widget\" data-widget_type=\"text-editor.default\">\n\t\t\t\t<div class=\"elementor-widget-container\">\n\t\t\t\t\t\t\t\t\t<p style=\"text-align: right;\"><strong>Kehtiv alates:10.09.2024<\/strong><\/p>\n<p>1. K\u00e4esolevat veebisaiti <a href=\"http:\/\/www.olyboost.eu\/\">http:\/\/www.olyboost.eu\/<\/a> (\u201e<strong>Veebisait<\/strong>\u201c) haldab Kungla Investeeringu Osa\u00fching, registrikood 10103126, registreeritud aadressil Pronksi 19, 10124 Tallinn, Eesti (\u201e<strong>Ettev\u00f5te<\/strong>\u201c v\u00f5i \u201e<strong>meie<\/strong>\u201c).<\/p>\n<p>2. K\u00fclastades seda Veebisaiti, n\u00f5ustute te k\u00e4esolevate Kasutustingimustega ning kinnitate, et olete lugenud ja aru saanud Privaatsusteates ja K\u00fcpsistepoliitikas sisalduvast teabest isikuandmete kasutamise kohta selle Veebisaidi k\u00fclastamisel, ning et olete v\u00e4hemalt 18-aastane. Kui te ei n\u00f5ustu Kasutustingimustega v\u00f5i olete alla 18-aastane, palume veebisaidilt lahkuda.<\/p>\n<p>J\u00e4rgmised tegevused on rangelt keelatud:<br \/>\u2022 Veebisaidi kasutamine viisil, mis v\u00f5ib seda kahjustada, \u00fcle koormata v\u00f5i takistada selle toimimist;<br \/>\u2022 Katse saada loata juurdep\u00e4\u00e4su Veebisaidi v\u00f5i sellega seotud s\u00fcsteemide v\u00f5i v\u00f5rkude mis tahes osale;<br \/>\u2022 Veebisaidi kasutamine ebaseaduslikel eesm\u00e4rkidel.<\/p>\n<p>3. <strong>Intellektuaalomand<\/strong>. Veebisaidi sisu, korraldus, graafika, kujundus, koostamine ja muud sellega seotud k\u00fcsimused on kaitstud kehtivate Eesti, Euroopa Liidu ja rahvusvaheliste autori\u00f5iguse, kaubam\u00e4rgi- ja intellektuaalomandi seadustega. \u201eOlyBOOST\u201d ja meie logod ja muud kaubam\u00e4rgid on ettev\u00f5tte v\u00f5i selle sidusettev\u00f5tete kaubam\u00e4rgid v\u00f5i registreeritud kaubam\u00e4rgid (\u201ekaubam\u00e4rgid\u201d). Meil on ainu\u00f5igus v\u00f5i kasutus\u00f5igused k\u00f5igile \u00f5igustele, omandi\u00f5igusele ja huvidele k\u00f5igi kaubam\u00e4rkide, dokumentatsiooni, tarkvara, sisu, graafika, kujunduste, andmete, arvutikoodide, ideede, oskusteabe, \u201ev\u00e4limuse ja tunnetuse\u201d, koostamiste, magnett\u00f5lgete, digitaalsete konversioonide ja muude veebisaidil sisalduvate ja veebisaidiga seotud materjalide ning k\u00f5igi nende modifikatsioonide ja tuletatud teoste ning k\u00f5igi nendega seotud intellektuaalomandi \u00f5iguste (\u201eintellektuaalomand\u201d) suhtes. Meie poolt teabe v\u00f5i materjalide postitamine veebisaidile ei t\u00e4henda intellektuaalomandi v\u00f5i sellise teabe ja materjalide \u00f5iguste loobumist. Te ei tohi vaidlustada ega muul viisil kahjustada ettev\u00f5tte omandi\u00f5igust veebisaidile ja selle sisule ega ettev\u00f5tte \u00f5iguste kehtivust v\u00f5i j\u00f5ustatavust intellektuaalomandi suhtes. J\u00e4tame endale \u00f5iguse oma \u00e4ran\u00e4gemisel igal ajal ette teatamata muuta v\u00f5i kustutada mis tahes veebisaidil ilmuvat teavet v\u00f5i muud sisu. Mitte midagi k\u00e4esolevates tingimustes ei tohiks t\u00f5lgendada kaudselt ega muul viisil kasutajale intellektuaalomandi omandi\u00f5iguse v\u00f5i ettev\u00f5tte v\u00f5i mis tahes kolmanda isiku autori\u00f5iguse, kaubam\u00e4rgi, patendi v\u00f5i muu intellektuaalomandi \u00f5iguse andmisena. Vastavalt k\u00e4esolevate tingimuste tingimustele annab ettev\u00f5te teile piiratud, tasuta, mitte-eksklusiivse, t\u00fchistatava, l\u00f5petatava ja isikliku litsentsi intellektuaalomandi kasutamiseks \u00fcksnes isiklikul, mitte\u00e4rilisel eesm\u00e4rgil. Meie veebisaidil olevat materjali ei tohi ilma ettev\u00f5tte eelneva kirjaliku loata mingil kujul ega viisil alla laadida, levitada, reprodutseerida, uuesti avaldada, postitada, edastada ega kopeerida, kusjuures loa andmisest v\u00f5ime keelduda oma ainuisikulisel ja absoluutsel \u00e4ran\u00e4gemisel.<\/p>\n<p>4. <strong>Eesm\u00e4rk ja toode<\/strong>. Ettev\u00f5te levitab ja m\u00fc\u00fcb energiajooki OlyBOOST (\u201eToode\u201c). Selle veebisaidi eesm\u00e4rk on anda teavet toote kohta ja seda turustada. Veebisaidil toote kohta kuvatav sisu on ainult informatiivsel eesm\u00e4rgil ja sisu ei ole m\u00f5eldud alaealistele m\u00fc\u00fcgiks.<\/p>\n<p>5. <strong>Teabe t\u00e4psus<\/strong>. Kuigi me teeme m\u00f5istlikke pingutusi, et lisada veebisaidile t\u00e4pne ja ajakohane teave seadusega lubatud maksimaalses ulatuses, ei anna me mingeid garantiisid ega avaldusi sellise teabe t\u00e4psuse, \u00f5igsuse, usaldusv\u00e4\u00e4rsuse v\u00f5i muu osas ning ei vastuta veebisaidil sisalduva teabe puuduste v\u00f5i vigade (sealhulgas, kuid mitte ainult, tr\u00fckivigade ja tehniliste vigade) eest.<\/p>\n<p>6. <strong>Garantii puudumine<\/strong>. Ettev\u00f5te garanteerib, et Toode vastab k\u00f5igile toiduohutuse ja energiajookide suhtes kohaldatavatele normidele ja eeskirjadele, kuid ei vastuta Toote ostja v\u00f5i muul viisil omandaja ees selle m\u00fc\u00fcgik\u00f5lblikkuse, konkreetseks otstarbeks sobivuse ega muude kaudsete garantiide eest.<\/p>\n<p>7. <strong>Vastutuse piirang<\/strong>. Kohaldatava \u00f5igusega lubatud ulatuses ei vastuta Ettev\u00f5te otseste ega kaudsete kahjude eest, olenemata sellest, kas need on etten\u00e4htavad v\u00f5i mitte, mis on mingil viisil seotud k\u00e4esolevate Tingimustega, Veebisaiti m\u00f5jutavate viirustega, Veebisaidi kasutamise v\u00f5i kasutamise v\u00f5imatusega, Veebisaidi kasutamisest tulenevate tulemustega, firmav\u00e4\u00e4rtuse v\u00f5i kasumi kaotusega, saamata j\u00e4\u00e4nud \u00e4ritegevusega, olenemata selle iseloomust, ja\/v\u00f5i mis tahes muu p\u00f5hjusega, isegi kui selliste kahjude v\u00f5i kaotuste v\u00f5imalikkusest on eelnevalt teavitatud. Olenemata k\u00e4esolevas dokumendis sisalduvast vastupidisest piirdub Ettev\u00f5tte koguvastutus Teie ees kohaldatava \u00f5igusega lubatud ulatuses mis tahes p\u00f5hjusel ja olenemata hagi vormist alati summaga, mille maksite Ettev\u00f5ttele kuue (6) kuu jooksul enne Teie n\u00f5ude aluseks olevaid s\u00fcndmusi, kui see on olemas.<\/p>\n<p>8. <strong>Kahjude h\u00fcvitamine<\/strong>. V\u00e4lja arvatud kohaldatava seadusega keelatud ulatuses, h\u00fcvitate meile, meie t\u00fctarettev\u00f5tetele, emaettev\u00f5tetele, sidusettev\u00f5tetele, ametnikele, direktoritele, aktsion\u00e4ridele, seaduslikele esindajatele, agentidele ja teistele partneritele ja t\u00f6\u00f6tajatele k\u00f5ik kahjud, kulud, kahjutasud v\u00f5i v\u00e4ljaminekud, mis tulenevad mis tahes n\u00f5uetest, hagidest ja kohtuasjadest, olenemata sellest, kas need on alusetud v\u00f5i mitte, ning mis tahes n\u00f5uete, vastutuse, kohtuotsuste, kahjutasude, kulude, tasude, advokaaditasude ja muude igat laadi ja iseloomuga kulude eest, mis tulenevad (i) teiepoolsest veebisaidi kasutamisest; (ii) teiepoolsest k\u00e4esolevate tingimuste rikkumisest v\u00f5i v\u00e4idetavast rikkumisest ja\/v\u00f5i mis tahes k\u00e4esolevates tingimustes s\u00e4testatud esituste ja garantiide rikkumisest v\u00f5i v\u00e4idetavast rikkumisest; (iii) teie osalemisest mis tahes OlyBOOST-kaubam\u00e4rgiga \u00fcritusel v\u00e4ljaspool veebi.<\/p>\n<p>9. <strong>Kohaldatav \u00f5igus ja jurisdiktsioon<\/strong>. 9. Kohaldatav \u00f5igus ja kohtualluvus. K\u00e4esolevatele tingimustele kohaldatakse Eesti Vabariigi \u00f5igust, arvestamata kollisiooninorme. K\u00f5ik k\u00e4esolevate tingimustega seotud \u00f5iguslikud vaidlused esitatakse esmalt tarbijakaitseametile. Lahendamatute \u00f5igusvaidluste korral tuleb vaidlus esitada Harju Maakohtule Tallinnas, Eestis, ja vaidlus lahendatakse Eesti Vabariigis kehtivate tsiviilkohtumenetluse seaduste kohaselt.<\/p>\n<p>10. <strong>L\u00f5pps\u00e4tted<\/strong>. Kui m\u00f5ni k\u00e4esolevate tingimuste s\u00e4te on ebaseaduslik, kehtetu v\u00f5i mis tahes p\u00f5hjusel j\u00f5ustamatu, loetakse see s\u00e4te k\u00e4esolevatest tingimustest eraldatavaks ega m\u00f5juta \u00fclej\u00e4\u00e4nud s\u00e4tete kehtivust ega j\u00f5ustatavust. Meiepoolne suutmatus j\u00f5ustada k\u00e4esolevate tingimuste mis tahes s\u00e4tet ei loeta sellisest s\u00e4ttest loobumiseks ega \u00f5igusest seda s\u00e4tet j\u00f5ustada. K\u00e4esolevad tingimused ei loo ega t\u00f5lgendata partnerlust, \u00fchisettev\u00f5tet, t\u00f6\u00f6andja-t\u00f6\u00f6taja, esindus- ega frantsiisiandja-frantsiisiv\u00f5tja suhet teie ja meie vahel. Te ei tohi ilma meie eelneva selges\u00f5nalise kirjaliku n\u00f5usolekuta loovutada, \u00fcle anda ega all-litsentsida \u00fchtegi v\u00f5i k\u00f5iki oma \u00f5igusi v\u00f5i kohustusi k\u00e4esolevate tingimuste alusel. Meil on \u00f5igus loovutada, \u00fcle anda v\u00f5i all-litsentsida m\u00f5nda v\u00f5i k\u00f5iki oma \u00f5igusi v\u00f5i kohustusi k\u00e4esolevate tingimuste alusel ilma piiranguteta. K\u00f5ik siin sisalduvad pealkirjad, allkirjad v\u00f5i jaotise pealkirjad on ainult mugavuse huvides ega m\u00e4\u00e4ratle ega selgita mingil viisil \u00fchtegi jaotist ega s\u00e4tet. K\u00f5igil ainsuses m\u00e4\u00e4ratletud terminitel on sama t\u00e4hendus ka mitmuses, kui see on asjakohane ja kui ei ole s\u00e4testatud teisiti. M\u00f5iste \u201esealhulgas\u201c v\u00f5i selle variatsioonide kasutamist k\u00e4esolevates tingimustes t\u00f5lgendatakse nii, nagu sellele j\u00e4rgneks fraas \u201epiiranguteta\u201c. K\u00e4esolevad tingimused, sealhulgas k\u00f5ik siin sisalduvad tingimused, moodustavad teie ja meie vahelise t\u00e4ieliku kokkuleppe k\u00e4esoleva lepingu eseme kohta ning asendab k\u00f5ik varasemad v\u00f5i samaaegsed kirjalikud v\u00f5i suulised kokkulepped v\u00f5i arusaamad teie ja meie vahel seoses nimetatud teemaga. Me ei vastuta mis tahes kohustuse t\u00e4itmata j\u00e4tmise eest, mis on tingitud mis tahes p\u00f5hjusel, mis ei ole meie kontrolli all.<\/p>\n\t\t\t\t\t\t\t\t<\/div>\n\t\t\t\t<\/div>\n\t\t\t\t\t<\/div>\n\t\t\t\t<\/div>\n\t\t\t\t<\/div>\n\t\t","protected":false},"excerpt":{"rendered":"<p>Reeglid ja tingimused Kehtiv alates:10.09.2024 1. K\u00e4esolevat veebisaiti http:\/\/www.olyboost.eu\/ (\u201eVeebisait\u201c) haldab Kungla Investeeringu Osa\u00fching, registrikood 10103126, registreeritud aadressil Pronksi 19, 10124 Tallinn, Eesti (\u201eEttev\u00f5te\u201c v\u00f5i \u201emeie\u201c). 2. K\u00fclastades seda Veebisaiti, n\u00f5ustute te k\u00e4esolevate Kasutustingimustega ning kinnitate, et olete lugenud ja aru saanud Privaatsusteates ja K\u00fcpsistepoliitikas sisalduvast teabest isikuandmete kasutamise kohta selle Veebisaidi k\u00fclastamisel, ning et [&hellip;]<\/p>\n","protected":false},"author":2,"featured_media":0,"parent":0,"menu_order":0,"comment_status":"closed","ping_status":"closed","template":"elementor_header_footer","meta":{"footnotes":""},"class_list":["post-1582","page","type-page","status-publish","hentry"],"yoast_head":"<!-- This site is optimized with the Yoast SEO plugin v27.5 - https:\/\/yoast.com\/product\/yoast-seo-wordpress\/ -->\n<title>Reeglid ja tingimused - OlyBoost<\/title>\n<meta name=\"robots\" content=\"index, follow, max-snippet:-1, max-image-preview:large, max-video-preview:-1\" \/>\n<link rel=\"canonical\" href=\"https:\/\/olyboost.eu\/et\/reeglid-ja-tingimused\/\" \/>\n<meta property=\"og:locale\" content=\"et_EE\" \/>\n<meta property=\"og:type\" content=\"article\" \/>\n<meta property=\"og:title\" content=\"Reeglid ja tingimused - OlyBoost\" \/>\n<meta property=\"og:description\" content=\"Reeglid ja tingimused Kehtiv alates:10.09.2024 1. K\u00e4esolevat veebisaiti http:\/\/www.olyboost.eu\/ (\u201eVeebisait\u201c) haldab Kungla Investeeringu Osa\u00fching, registrikood 10103126, registreeritud aadressil Pronksi 19, 10124 Tallinn, Eesti (\u201eEttev\u00f5te\u201c v\u00f5i \u201emeie\u201c). 2. K\u00fclastades seda Veebisaiti, n\u00f5ustute te k\u00e4esolevate Kasutustingimustega ning kinnitate, et olete lugenud ja aru saanud Privaatsusteates ja K\u00fcpsistepoliitikas sisalduvast teabest isikuandmete kasutamise kohta selle Veebisaidi k\u00fclastamisel, ning et [&hellip;]\" \/>\n<meta property=\"og:url\" content=\"https:\/\/olyboost.eu\/et\/reeglid-ja-tingimused\/\" \/>\n<meta property=\"og:site_name\" content=\"OlyBoost\" \/>\n<meta property=\"article:modified_time\" content=\"2025-05-12T14:21:44+00:00\" \/>\n<meta name=\"twitter:card\" content=\"summary_large_image\" \/>\n<meta name=\"twitter:label1\" content=\"Est. reading time\" \/>\n\t<meta name=\"twitter:data1\" content=\"6 minutit\" \/>\n<script type=\"application\/ld+json\" class=\"yoast-schema-graph\">{\"@context\":\"https:\\\/\\\/schema.org\",\"@graph\":[{\"@type\":\"WebPage\",\"@id\":\"https:\\\/\\\/olyboost.eu\\\/et\\\/reeglid-ja-tingimused\\\/\",\"url\":\"https:\\\/\\\/olyboost.eu\\\/et\\\/reeglid-ja-tingimused\\\/\",\"name\":\"Reeglid ja tingimused - OlyBoost\",\"isPartOf\":{\"@id\":\"https:\\\/\\\/olyboost.eu\\\/et\\\/#website\"},\"datePublished\":\"2024-05-22T07:29:24+00:00\",\"dateModified\":\"2025-05-12T14:21:44+00:00\",\"breadcrumb\":{\"@id\":\"https:\\\/\\\/olyboost.eu\\\/et\\\/reeglid-ja-tingimused\\\/#breadcrumb\"},\"inLanguage\":\"et\",\"potentialAction\":[{\"@type\":\"ReadAction\",\"target\":[\"https:\\\/\\\/olyboost.eu\\\/et\\\/reeglid-ja-tingimused\\\/\"]}]},{\"@type\":\"BreadcrumbList\",\"@id\":\"https:\\\/\\\/olyboost.eu\\\/et\\\/reeglid-ja-tingimused\\\/#breadcrumb\",\"itemListElement\":[{\"@type\":\"ListItem\",\"position\":1,\"name\":\"Home\",\"item\":\"https:\\\/\\\/olyboost.eu\\\/et\\\/\"},{\"@type\":\"ListItem\",\"position\":2,\"name\":\"Reeglid ja tingimused\"}]},{\"@type\":\"WebSite\",\"@id\":\"https:\\\/\\\/olyboost.eu\\\/et\\\/#website\",\"url\":\"https:\\\/\\\/olyboost.eu\\\/et\\\/\",\"name\":\"OlyBoost\",\"description\":\"Your moments\",\"publisher\":{\"@id\":\"https:\\\/\\\/olyboost.eu\\\/et\\\/#organization\"},\"potentialAction\":[{\"@type\":\"SearchAction\",\"target\":{\"@type\":\"EntryPoint\",\"urlTemplate\":\"https:\\\/\\\/olyboost.eu\\\/et\\\/?s={search_term_string}\"},\"query-input\":{\"@type\":\"PropertyValueSpecification\",\"valueRequired\":true,\"valueName\":\"search_term_string\"}}],\"inLanguage\":\"et\"},{\"@type\":\"Organization\",\"@id\":\"https:\\\/\\\/olyboost.eu\\\/et\\\/#organization\",\"name\":\"OlyBoost\",\"url\":\"https:\\\/\\\/olyboost.eu\\\/et\\\/\",\"logo\":{\"@type\":\"ImageObject\",\"inLanguage\":\"et\",\"@id\":\"https:\\\/\\\/olyboost.eu\\\/et\\\/#\\\/schema\\\/logo\\\/image\\\/\",\"url\":\"https:\\\/\\\/olyboost.eu\\\/wp-content\\\/uploads\\\/2024\\\/04\\\/olyboost-logo-new-1.png\",\"contentUrl\":\"https:\\\/\\\/olyboost.eu\\\/wp-content\\\/uploads\\\/2024\\\/04\\\/olyboost-logo-new-1.png\",\"width\":1100,\"height\":326,\"caption\":\"OlyBoost\"},\"image\":{\"@id\":\"https:\\\/\\\/olyboost.eu\\\/et\\\/#\\\/schema\\\/logo\\\/image\\\/\"}}]}<\/script>\n<!-- \/ Yoast SEO plugin. -->","yoast_head_json":{"title":"Reeglid ja tingimused - OlyBoost","robots":{"index":"index","follow":"follow","max-snippet":"max-snippet:-1","max-image-preview":"max-image-preview:large","max-video-preview":"max-video-preview:-1"},"canonical":"https:\/\/olyboost.eu\/et\/reeglid-ja-tingimused\/","og_locale":"et_EE","og_type":"article","og_title":"Reeglid ja tingimused - OlyBoost","og_description":"Reeglid ja tingimused Kehtiv alates:10.09.2024 1. K\u00e4esolevat veebisaiti http:\/\/www.olyboost.eu\/ (\u201eVeebisait\u201c) haldab Kungla Investeeringu Osa\u00fching, registrikood 10103126, registreeritud aadressil Pronksi 19, 10124 Tallinn, Eesti (\u201eEttev\u00f5te\u201c v\u00f5i \u201emeie\u201c). 2. K\u00fclastades seda Veebisaiti, n\u00f5ustute te k\u00e4esolevate Kasutustingimustega ning kinnitate, et olete lugenud ja aru saanud Privaatsusteates ja K\u00fcpsistepoliitikas sisalduvast teabest isikuandmete kasutamise kohta selle Veebisaidi k\u00fclastamisel, ning et [&hellip;]","og_url":"https:\/\/olyboost.eu\/et\/reeglid-ja-tingimused\/","og_site_name":"OlyBoost","article_modified_time":"2025-05-12T14:21:44+00:00","twitter_card":"summary_large_image","twitter_misc":{"Est. reading time":"6 minutit"},"schema":{"@context":"https:\/\/schema.org","@graph":[{"@type":"WebPage","@id":"https:\/\/olyboost.eu\/et\/reeglid-ja-tingimused\/","url":"https:\/\/olyboost.eu\/et\/reeglid-ja-tingimused\/","name":"Reeglid ja tingimused - OlyBoost","isPartOf":{"@id":"https:\/\/olyboost.eu\/et\/#website"},"datePublished":"2024-05-22T07:29:24+00:00","dateModified":"2025-05-12T14:21:44+00:00","breadcrumb":{"@id":"https:\/\/olyboost.eu\/et\/reeglid-ja-tingimused\/#breadcrumb"},"inLanguage":"et","potentialAction":[{"@type":"ReadAction","target":["https:\/\/olyboost.eu\/et\/reeglid-ja-tingimused\/"]}]},{"@type":"BreadcrumbList","@id":"https:\/\/olyboost.eu\/et\/reeglid-ja-tingimused\/#breadcrumb","itemListElement":[{"@type":"ListItem","position":1,"name":"Home","item":"https:\/\/olyboost.eu\/et\/"},{"@type":"ListItem","position":2,"name":"Reeglid ja tingimused"}]},{"@type":"WebSite","@id":"https:\/\/olyboost.eu\/et\/#website","url":"https:\/\/olyboost.eu\/et\/","name":"OlyBoost","description":"Your moments","publisher":{"@id":"https:\/\/olyboost.eu\/et\/#organization"},"potentialAction":[{"@type":"SearchAction","target":{"@type":"EntryPoint","urlTemplate":"https:\/\/olyboost.eu\/et\/?s={search_term_string}"},"query-input":{"@type":"PropertyValueSpecification","valueRequired":true,"valueName":"search_term_string"}}],"inLanguage":"et"},{"@type":"Organization","@id":"https:\/\/olyboost.eu\/et\/#organization","name":"OlyBoost","url":"https:\/\/olyboost.eu\/et\/","logo":{"@type":"ImageObject","inLanguage":"et","@id":"https:\/\/olyboost.eu\/et\/#\/schema\/logo\/image\/","url":"https:\/\/olyboost.eu\/wp-content\/uploads\/2024\/04\/olyboost-logo-new-1.png","contentUrl":"https:\/\/olyboost.eu\/wp-content\/uploads\/2024\/04\/olyboost-logo-new-1.png","width":1100,"height":326,"caption":"OlyBoost"},"image":{"@id":"https:\/\/olyboost.eu\/et\/#\/schema\/logo\/image\/"}}]}},"publishpress_future_action":{"enabled":false,"date":"2026-05-14 12:14:23","action":"change-status","newStatus":"draft","terms":[],"taxonomy":"translation_priority","extraData":[]},"publishpress_future_workflow_manual_trigger":{"enabledWorkflows":[]},"_links":{"self":[{"href":"https:\/\/olyboost.eu\/et\/wp-json\/wp\/v2\/pages\/1582","targetHints":{"allow":["GET"]}}],"collection":[{"href":"https:\/\/olyboost.eu\/et\/wp-json\/wp\/v2\/pages"}],"about":[{"href":"https:\/\/olyboost.eu\/et\/wp-json\/wp\/v2\/types\/page"}],"author":[{"embeddable":true,"href":"https:\/\/olyboost.eu\/et\/wp-json\/wp\/v2\/users\/2"}],"replies":[{"embeddable":true,"href":"https:\/\/olyboost.eu\/et\/wp-json\/wp\/v2\/comments?post=1582"}],"version-history":[{"count":3,"href":"https:\/\/olyboost.eu\/et\/wp-json\/wp\/v2\/pages\/1582\/revisions"}],"predecessor-version":[{"id":1586,"href":"https:\/\/olyboost.eu\/et\/wp-json\/wp\/v2\/pages\/1582\/revisions\/1586"}],"wp:attachment":[{"href":"https:\/\/olyboost.eu\/et\/wp-json\/wp\/v2\/media?parent=1582"}],"curies":[{"name":"wp","href":"https:\/\/api.w.org\/{rel}","templated":true}]}}