{"id":572,"date":"2024-04-02T07:00:25","date_gmt":"2024-04-02T07:00:25","guid":{"rendered":"https:\/\/olyboost.eu\/privaatsuspoliitika\/"},"modified":"2025-05-12T15:59:05","modified_gmt":"2025-05-12T12:59:05","slug":"privaatsuspoliitika","status":"publish","type":"page","link":"https:\/\/olyboost.eu\/et\/privaatsuspoliitika\/","title":{"rendered":"Privaatsuspoliitika"},"content":{"rendered":"\t\t<div data-elementor-type=\"wp-page\" data-elementor-id=\"572\" class=\"elementor elementor-572 elementor-3\" data-elementor-post-type=\"page\">\n\t\t\t\t<div data-particle_enable=\"false\" data-particle-mobile-disabled=\"false\" class=\"elementor-element elementor-element-4ad5b709 e-flex e-con-boxed e-con e-parent\" data-id=\"4ad5b709\" data-element_type=\"container\" data-e-type=\"container\" data-settings=\"{&quot;background_background&quot;:&quot;classic&quot;}\">\n\t\t\t\t\t<div class=\"e-con-inner\">\n\t\t\t\t<div class=\"elementor-element elementor-element-08dbf19 elementor-widget elementor-widget-heading\" data-id=\"08dbf19\" data-element_type=\"widget\" data-e-type=\"widget\" data-widget_type=\"heading.default\">\n\t\t\t\t<div class=\"elementor-widget-container\">\n\t\t\t\t\t<h2 class=\"elementor-heading-title elementor-size-default\">Privaatsuspoliitika<\/h2>\t\t\t\t<\/div>\n\t\t\t\t<\/div>\n\t\t\t\t<div class=\"elementor-element elementor-element-d6fd040 elementor-widget elementor-widget-text-editor\" data-id=\"d6fd040\" data-element_type=\"widget\" data-e-type=\"widget\" data-widget_type=\"text-editor.default\">\n\t\t\t\t<div class=\"elementor-widget-container\">\n\t\t\t\t\t\t\t\t\t<p style=\"text-align: right;\"><strong>Kehtib alates: 10.09.2024<\/strong><\/p>\n<p><strong>1. \u00dclds\u00e4tted<\/strong><\/p>\n<p style=\"padding-left: 40px;\">1.1. K\u00e4esolev teade selgitab veebisaidi k\u00fclastajate isikuandmete t\u00f6\u00f6tlemist veebisaidil ja isikuandmete t\u00f6\u00f6tlemisega seotud \u00f5igusi.<br \/>\n1.2. Andmet\u00f6\u00f6tleja on OB Holding 1 O\u00dc (edaspidi OlyBOOST), registrikood 14975047, aadress Pronksi 19, Tallinn 10124, Eesti, <a href=\"tel:+3726671250\">+3726671250<\/a>, <a href=\"mailto:estonia@oc.eu\">estonia@oc.eu<\/a> .<br \/>\n1.3. Olyboost.eu andmekaitseametniku kontaktandmed on j\u00e4rgmised: <a href=\"mailto:olybetestoniaDPO@olybet.com\">olybetestoniaDPO@olybet.com<\/a>, Pronksi 19, Tallinn 10124.<br \/>\n1.4. OLYBET rakendab asjakohaseid tehnilisi ja korralduslikke meetmeid isikuandmete kaitsmiseks volitamata juurdep\u00e4\u00e4su, ebaseadusliku avalikustamise, juhusliku kaotsimineku, muutmise, h\u00e4vimise v\u00f5i muu ebaseadusliku t\u00f6\u00f6tlemise eest. Samuti n\u00f5uame oma koost\u00f6\u00f6partneritelt, kellele edastame isikuandmeid vastavalt k\u00e4esolevale privaatsusteatisele, vajalike organisatsiooniliste, f\u00fc\u00fcsiliste ja IT-turvameetmete rakendamist. Siiski palume arvestada, et isegi k\u00f5igi isikuandmete kaitsmiseks tehniliste ja organisatsiooniliste meetmete rakendamise korral j\u00e4\u00e4vad siiski p\u00fcsima m\u00f5ned riskid, n\u00e4iteks k\u00fcberr\u00fcnnak, elektrikatkestus, tarkvaraviga v\u00f5i \u00fcksikisiku pahatahtlik tegevus. Sellise rikkumise avastamisel v\u00f5tame k\u00f5ik m\u00f5istlikud meetmed, et leevendada ja minimeerida riski meie veebisaidi k\u00fclastajatele.<br \/>\n1.5. Isikuandmete t\u00f6\u00f6tlemist k\u00e4sitlevad s\u00e4tted v\u00f5ivad sisalduda ka veebisaidi k\u00fclastaja ja OlyBeti vahelistes lepingutes, n\u00e4iteks tingimustes. Sellisel juhul kohaldatakse s\u00e4tete vastuolu korral tingimustes kokkulepitud s\u00e4tteid.<br \/>\n1.6. Kui OlyBet muudab isikuandmete t\u00f6\u00f6tlemise teadet, avaldab ta ajakohastatud versiooni oma veebisaidil http:\/\/www.olyboost.eu\/.<\/p>\n<p><strong>2. Veebilehe k\u00fclastaja \u00f5igused seoses oma isikuandmete t\u00f6\u00f6tlemisega<\/strong><\/p>\n<p style=\"padding-left: 40px;\">2.1. Veebilehe k\u00fclastajal on \u00f5igus saada teavet selle kohta, kas OlyBOOST t\u00f6\u00f6tleb tema isikuandmeid ning kui jah, siis saada eelnimetatud andmete koopia.<br \/>\n2.2. Veebilehe k\u00fclastajal on \u00f5igus n\u00f5uda enda kohta k\u00e4ivate ebat\u00e4psete isikuandmete parandamist.<br \/>\n2.3. Veebilehe k\u00fclastajal on \u00f5igus igal ajal oma n\u00f5usolek isikuandmete t\u00f6\u00f6tlemiseks tagasi v\u00f5tta (nt otseturunduse n\u00f5usolek), kui t\u00f6\u00f6tlemine p\u00f5hineb n\u00f5usolekul. N\u00f5usoleku tagasiv\u00f5tmine ei m\u00f5juta enne tagasiv\u00f5tmist toimunud t\u00f6\u00f6tlemise seaduslikkust.<br \/>\n2.4. Veebilehe k\u00fclastajal on \u00f5igus n\u00f5uda oma isikuandmete kustutamist. OlyBOOST v\u00f5ib kustutada n\u00f5usoleku v\u00f5i \u00f5igustatud huvi alusel t\u00f6\u00f6deldud andmed, kui OlyBOOSTi huvid ei kaalu \u00fcles veebilehe k\u00fclastaja huve. Kustutamis\u00f5igus ei kehti andmete kohta, mida t\u00f6\u00f6deldakse seadusest v\u00f5i lepingust tulenevate kohustuste t\u00e4itmiseks, kui seadus v\u00f5i lepingust tulenev kohustus on kehtiv.<br \/>\n2.5. Veebilehe k\u00fclastajal on \u00f5igus esitada vastuv\u00e4iteid oma isikuandmete t\u00f6\u00f6tlemisele (eelk\u00f5ige \u00f5igustatud huvi alusel) ja piirata oma isikuandmete t\u00f6\u00f6tlemist p\u00f5hjendatud juhtudel.<br \/>\n2.6. Veebilehe k\u00fclastajal on \u00f5igus saada oma isikuandmeid, mis ta on esitanud n\u00f5usoleku alusel v\u00f5i lepingu t\u00e4itmiseks, struktureeritud ja masinloetavas vormingus (kui see on tehniliselt teostatav) edastamiseks teistele ettev\u00f5tetele.<br \/>\n2.7. Veebilehe k\u00fclastajal on \u00f5igus esitada isikuandmete t\u00f6\u00f6tlemise kohta kaebus Andmekaitse Inspektsioonile, e-posti teel aadressile info@aki.ee v\u00f5i isiklikult aadressil Tatari 39, Tallinn.<\/p>\n<p><strong>3. T\u00f6\u00f6deldavad isikuandmed ja nende allikad<\/strong><\/p>\n<p style=\"padding-left: 40px;\">3.1. OlyBOOST t\u00f6\u00f6tleb j\u00e4rgmisi veebisaidi k\u00fclastajate isikuandmeid.<br \/>\n3.1.1. Veebisaidi k\u00fclastuse andmed: IP-aadress (sh asukoht IP-aadressi p\u00f5hjal), internetiteenuse pakkuja, suunaja URL, kuup\u00e4ev, kellaaeg, juurdep\u00e4\u00e4sutunnus, seansiv\u00f5ti, veebibrauseri t\u00fc\u00fcp ja versioon, operatsioonis\u00fcsteem, edastatud andmete hulk ja olek, MAC-aadress;<br \/>\n3.1.2. K\u00fcpsiste andmed: OlyBOOST kasutab oma veebisaitidel k\u00fcpsiseid veebisaitide ja nende funktsioonide optimeerimiseks. K\u00fcpsised v\u00f5ivad koguda isikuandmeid. Lisateabe saamiseks lugege OlyBOOSTi k\u00fcpsiste teatist.<br \/>\n3.2. OlyBOOST ei t\u00f6\u00f6tle veebisaidi k\u00fclastajaga seotud isikuandmete erikategooriaid (andmed rassilise v\u00f5i etnilise p\u00e4ritolu, usuliste v\u00f5i filosoofiliste veendumuste, seksuaalelu, seksuaalse s\u00e4ttumuse, poliitiliste vaadete, ameti\u00fchingu liikmelisuse, terviseteabe ning geneetiliste ja biomeetriliste andmete kohta).<br \/>\n3.3. S\u00f5ltuvalt t\u00f6\u00f6tlemise eesm\u00e4rgist ja laadist kogub OlyBOOST veebisaidi k\u00fclastajaga seotud isikuandmeid veebisaidi k\u00fclastajalt endalt, veebisaidi k\u00fclastaja brauserilt k\u00fcpsiste abil ja veebisaidi k\u00fclastaja internetiteenuse pakkujalt.<\/p>\n<p><strong>4. Isikuandmete t\u00f6\u00f6tlemise \u00f5iguslik alus ja eesm\u00e4rgid<\/strong><\/p>\n<p style=\"padding-left: 40px;\">4.1. Veebisaidi k\u00fclastaja isikuandmete t\u00f6\u00f6tlemise \u00f5iguslikeks alusteks on: lepinguliste kohustuste t\u00e4itmine, andmesubjekti n\u00f5usolek ja OlyBOOSTi \u00f5igustatud huvi. J\u00e4rgnevalt on loetletud t\u00f6\u00f6tlemistegevused ja nende \u00f5iguslik alus:<br \/>\n4.1.1. Lepingu t\u00e4itmiseks t\u00f6\u00f6tleme: veebisaidi k\u00fclastusandmeid, k\u00fcpsiste andmeid.<br \/>\n4.1.2. \u00d5igustatud huvi alusel t\u00f6\u00f6tleme: veebisaidi k\u00fclastusandmeid, k\u00fcpsiste andmeid.<br \/>\n4.2. Veebisaidi k\u00fclastaja isikuandmete t\u00f6\u00f6tlemise eesm\u00e4rgid on: veebisaidi sisu kuvamine, OlyBOOSTi teenuste\/toodete turundamine, veebisaidi k\u00fclastajate tagasiside haldamine, veebisaidi k\u00fclastajaskonna laiendamine, veebisaidi k\u00fclastajate lojaalsuse suurendamine ja lisav\u00e4\u00e4rtuse pakkumine, OlyBOOSTi ressursside haldamine, veebisaidi t\u00e4iustamine.<br \/>\n4.3. \u00d5iguslike v\u00f5i lepinguliste kohustuste t\u00e4itmiseks toimuva andmet\u00f6\u00f6tluse korral on veebisaidi k\u00fclastaja kohustatud need isikuandmed esitama. Selliste andmete esitamata j\u00e4tmine takistab OlyBOOSTil t\u00e4ita oma lepingulisi v\u00f5i seadusest tulenevaid kohustusi ja piirab veebisaidi k\u00fclastaja v\u00f5imalusi pakutavate teenuste kasutamiseks.<br \/>\n4.4. Kui OlyBOOST t\u00f6\u00f6tleb isikuandmeid \u00f5igustatud huvi alusel, on OlyBOOST hinnanud, et tema \u00f5igustatud huvi isikuandmete t\u00f6\u00f6tlemiseks teatud eesm\u00e4rkidel kaalub \u00fcles veebisaidi k\u00fclastaja huvid ja \u00f5igused.<br \/>\n4.5. Kui isikuandmeid t\u00f6\u00f6deldakse veebisaidi k\u00fclastaja n\u00f5usoleku alusel, saab selle n\u00f5usoleku tagasi v\u00f5tta, v\u00f5ttes \u00fchendust andmekaitseametnikuga, kelle kontaktandmed leiate punktist 1.3, v\u00f5i kl\u00f5psates iga turunduss\u00f5numi l\u00f5pus oleval tellimuse t\u00fchistamise lingil.<\/p>\n<p><strong>5. Profileerimine ja automatiseeritud otsuste tegemine<\/strong><\/p>\n<p style=\"padding-left: 40px;\">5.1. <strong>Profileerimist<\/strong> kasutatakse j\u00e4rgmistes protsessides ja see p\u00f5hineb j\u00e4rgmisel loogikal.<br \/>\n5.1.1. OlyBOOSTi pakutavate teenuste\/toodete turundamine veebisaidi liikluse anal\u00fc\u00fcsi ja veebisaidi kasutamise kindlakstegemise p\u00f5hjal.<br \/>\n5.2. Sellel veebisaidil <strong>automatiseeritud otsuste tegemist<\/strong> ei kasutata.<\/p>\n<p><strong>6. Isikuandmete edastamine<\/strong><\/p>\n<p style=\"padding-left: 40px;\">6.1. Teenuste osutamiseks ja\/v\u00f5i oma juriidiliste kohustuste t\u00e4itmiseks kasutab OlyBOOST isikuandmete volitatud t\u00f6\u00f6tlejatena partnereid, kes t\u00f6\u00f6tlevad andmeid OlyBOOSTi antud juhiste alusel ja ulatuses.<br \/>\n6.2. Isikuandmete t\u00f6\u00f6tlemisel edastab OlyBOOST teie isikuandmeid j\u00e4rgmistele vastuv\u00f5tjatele, kes v\u00f5ivad olla kas vastutavad t\u00f6\u00f6tlejad v\u00f5i volitatud t\u00f6\u00f6tlejad: oma kontserni ettev\u00f5tted, avaliku sektori asutused, kohtud, pangad, audiitorid ja \u00f5igusn\u00f5ustajad, kindlustusseltsid, anal\u00fc\u00fcsiteenuste pakkujad, pettuste avastamise ja ennetamise teenuse pakkujad, veebisaidi k\u00fclastajate autentimisteenuse pakkujad, uuringuteenuste pakkujad, arhiveerimisteenuste pakkujad, teabe edastamise ja kommunikatsiooniteenuste pakkujad, voogedastusteenuste vahendajad, vilepuhumise platvormide operaatorid.<br \/>\n6.3. Kui OlyBOOSTi partner, kes andmeid t\u00f6\u00f6tleb, asub v\u00e4ljaspool Euroopa Liitu, on isikuandmete edastamisel kasutatavad kaitsemeetmed j\u00e4rgmised: vastuv\u00f5tjariigis <a href=\"https:\/\/commission.europa.eu\/law\/law-topic\/data-protection\/international-dimension-data-protection\/adequacy-decisions_en\" target=\"_blank\" rel=\"noopener\">piisav andmekaitse tase<\/a> vastavalt Euroopa Komisjoni otsusele v\u00f5i Euroopa Komisjoni poolt koost\u00f6\u00f6lepingus v\u00e4ljat\u00f6\u00f6tatud <a href=\"https:\/\/commission.europa.eu\/law\/law-topic\/data-protection\/international-dimension-data-protection\/standard-contractual-clauses-scc_en\" target=\"_blank\" rel=\"noopener\">andmekaitse standardtingimuste kasutamine<\/a> (lisateabe saamiseks kl\u00f5psake vastaval lingil).<br \/>\n6.4. Isikuandmete kaasvastutav t\u00f6\u00f6tleja on Kungla Investeeringu Osa\u00fching (aadress Pronksi 19, Tallinn 10124, Eesti, +3726671250, <a href=\"mailto:estonia@oc.eu\">estonia@oc.eu<\/a>), kes kuulub samasse kontserni OlyBOOSTiga, kellega OlyBOOST t\u00f6\u00f6tleb isikuandmeid turundusteenuste\/toodete, veebianal\u00fc\u00fctika ja OlyBOOSTi ressursside haldamise eesm\u00e4rgil. Pooled on s\u00f5lminud selleks lepingu, mis v\u00f5imaldab pooltel jagada isikuandmeid k\u00e4esolevas privaatsusteates s\u00e4testatud eesm\u00e4rkide saavutamiseks.<\/p>\n<p><strong>7. Isikuandmete s\u00e4ilitamise t\u00e4htajad<\/strong><\/p>\n<p style=\"padding-left: 40px;\">7.1. Veebisaidi k\u00fclastaja isikuandmeid s\u00e4ilitatakse kuni t\u00f6\u00f6tlemise eesm\u00e4rkide t\u00e4itmiseni v\u00f5i kuni \u00f5igusaktidest tulenevate kohustuste t\u00e4itmiseni.<br \/>\n7.2. Veebisaidi k\u00fclastuse andmeid s\u00e4ilitatakse vastavalt k\u00fcpsiste teatises toodud s\u00e4ilitusaegadele. See s\u00f5ltub kasutatavate k\u00fcpsiste t\u00fc\u00fcpidest.<br \/>\n7.3. \u00d5igustatud huvi alusel kogutud isikuandmeid s\u00e4ilitatakse nii kaua, kui see on vajalik nende kogumise eesm\u00e4rkide saavutamiseks.<\/p>\n\t\t\t\t\t\t\t\t<\/div>\n\t\t\t\t<\/div>\n\t\t\t\t\t<\/div>\n\t\t\t\t<\/div>\n\t\t\t\t<\/div>\n\t\t","protected":false},"excerpt":{"rendered":"<p>Privaatsuspoliitika Kehtib alates: 10.09.2024 1. \u00dclds\u00e4tted 1.1. K\u00e4esolev teade selgitab veebisaidi k\u00fclastajate isikuandmete t\u00f6\u00f6tlemist veebisaidil ja isikuandmete t\u00f6\u00f6tlemisega seotud \u00f5igusi. 1.2. Andmet\u00f6\u00f6tleja on OB Holding 1 O\u00dc (edaspidi OlyBOOST), registrikood 14975047, aadress Pronksi 19, Tallinn 10124, Eesti, +3726671250, estonia@oc.eu . 1.3. Olyboost.eu andmekaitseametniku kontaktandmed on j\u00e4rgmised: olybetestoniaDPO@olybet.com, Pronksi 19, Tallinn 10124. 1.4. OLYBET rakendab asjakohaseid [&hellip;]<\/p>\n","protected":false},"author":2,"featured_media":0,"parent":0,"menu_order":0,"comment_status":"closed","ping_status":"open","template":"elementor_header_footer","meta":{"footnotes":""},"class_list":["post-572","page","type-page","status-publish","hentry"],"yoast_head":"<!-- This site is optimized with the Yoast SEO plugin v27.4 - https:\/\/yoast.com\/product\/yoast-seo-wordpress\/ -->\n<title>Privaatsuspoliitika - OlyBoost<\/title>\n<meta name=\"robots\" content=\"index, follow, max-snippet:-1, max-image-preview:large, max-video-preview:-1\" \/>\n<link rel=\"canonical\" href=\"https:\/\/olyboost.eu\/et\/privaatsuspoliitika\/\" \/>\n<meta property=\"og:locale\" content=\"et_EE\" \/>\n<meta property=\"og:type\" content=\"article\" \/>\n<meta property=\"og:title\" content=\"Privaatsuspoliitika - OlyBoost\" \/>\n<meta property=\"og:description\" content=\"Privaatsuspoliitika Kehtib alates: 10.09.2024 1. \u00dclds\u00e4tted 1.1. K\u00e4esolev teade selgitab veebisaidi k\u00fclastajate isikuandmete t\u00f6\u00f6tlemist veebisaidil ja isikuandmete t\u00f6\u00f6tlemisega seotud \u00f5igusi. 1.2. Andmet\u00f6\u00f6tleja on OB Holding 1 O\u00dc (edaspidi OlyBOOST), registrikood 14975047, aadress Pronksi 19, Tallinn 10124, Eesti, +3726671250, estonia@oc.eu . 1.3. Olyboost.eu andmekaitseametniku kontaktandmed on j\u00e4rgmised: olybetestoniaDPO@olybet.com, Pronksi 19, Tallinn 10124. 1.4. OLYBET rakendab asjakohaseid [&hellip;]\" \/>\n<meta property=\"og:url\" content=\"https:\/\/olyboost.eu\/et\/privaatsuspoliitika\/\" \/>\n<meta property=\"og:site_name\" content=\"OlyBoost\" \/>\n<meta property=\"article:modified_time\" content=\"2025-05-12T12:59:05+00:00\" \/>\n<meta name=\"twitter:card\" content=\"summary_large_image\" \/>\n<meta name=\"twitter:label1\" content=\"Est. reading time\" \/>\n\t<meta name=\"twitter:data1\" content=\"5 minutit\" \/>\n<script type=\"application\/ld+json\" class=\"yoast-schema-graph\">{\"@context\":\"https:\\\/\\\/schema.org\",\"@graph\":[{\"@type\":\"WebPage\",\"@id\":\"https:\\\/\\\/olyboost.eu\\\/et\\\/privaatsuspoliitika\\\/\",\"url\":\"https:\\\/\\\/olyboost.eu\\\/et\\\/privaatsuspoliitika\\\/\",\"name\":\"Privaatsuspoliitika - OlyBoost\",\"isPartOf\":{\"@id\":\"https:\\\/\\\/olyboost.eu\\\/et\\\/#website\"},\"datePublished\":\"2024-04-02T07:00:25+00:00\",\"dateModified\":\"2025-05-12T12:59:05+00:00\",\"breadcrumb\":{\"@id\":\"https:\\\/\\\/olyboost.eu\\\/et\\\/privaatsuspoliitika\\\/#breadcrumb\"},\"inLanguage\":\"et\",\"potentialAction\":[{\"@type\":\"ReadAction\",\"target\":[\"https:\\\/\\\/olyboost.eu\\\/et\\\/privaatsuspoliitika\\\/\"]}]},{\"@type\":\"BreadcrumbList\",\"@id\":\"https:\\\/\\\/olyboost.eu\\\/et\\\/privaatsuspoliitika\\\/#breadcrumb\",\"itemListElement\":[{\"@type\":\"ListItem\",\"position\":1,\"name\":\"Home\",\"item\":\"https:\\\/\\\/olyboost.eu\\\/et\\\/\"},{\"@type\":\"ListItem\",\"position\":2,\"name\":\"Privaatsuspoliitika\"}]},{\"@type\":\"WebSite\",\"@id\":\"https:\\\/\\\/olyboost.eu\\\/et\\\/#website\",\"url\":\"https:\\\/\\\/olyboost.eu\\\/et\\\/\",\"name\":\"OlyBoost\",\"description\":\"Your moments\",\"publisher\":{\"@id\":\"https:\\\/\\\/olyboost.eu\\\/et\\\/#organization\"},\"potentialAction\":[{\"@type\":\"SearchAction\",\"target\":{\"@type\":\"EntryPoint\",\"urlTemplate\":\"https:\\\/\\\/olyboost.eu\\\/et\\\/?s={search_term_string}\"},\"query-input\":{\"@type\":\"PropertyValueSpecification\",\"valueRequired\":true,\"valueName\":\"search_term_string\"}}],\"inLanguage\":\"et\"},{\"@type\":\"Organization\",\"@id\":\"https:\\\/\\\/olyboost.eu\\\/et\\\/#organization\",\"name\":\"OlyBoost\",\"url\":\"https:\\\/\\\/olyboost.eu\\\/et\\\/\",\"logo\":{\"@type\":\"ImageObject\",\"inLanguage\":\"et\",\"@id\":\"https:\\\/\\\/olyboost.eu\\\/et\\\/#\\\/schema\\\/logo\\\/image\\\/\",\"url\":\"https:\\\/\\\/olyboost.eu\\\/wp-content\\\/uploads\\\/2024\\\/04\\\/olyboost-logo-new-1.png\",\"contentUrl\":\"https:\\\/\\\/olyboost.eu\\\/wp-content\\\/uploads\\\/2024\\\/04\\\/olyboost-logo-new-1.png\",\"width\":1100,\"height\":326,\"caption\":\"OlyBoost\"},\"image\":{\"@id\":\"https:\\\/\\\/olyboost.eu\\\/et\\\/#\\\/schema\\\/logo\\\/image\\\/\"}}]}<\/script>\n<!-- \/ Yoast SEO plugin. -->","yoast_head_json":{"title":"Privaatsuspoliitika - OlyBoost","robots":{"index":"index","follow":"follow","max-snippet":"max-snippet:-1","max-image-preview":"max-image-preview:large","max-video-preview":"max-video-preview:-1"},"canonical":"https:\/\/olyboost.eu\/et\/privaatsuspoliitika\/","og_locale":"et_EE","og_type":"article","og_title":"Privaatsuspoliitika - OlyBoost","og_description":"Privaatsuspoliitika Kehtib alates: 10.09.2024 1. \u00dclds\u00e4tted 1.1. K\u00e4esolev teade selgitab veebisaidi k\u00fclastajate isikuandmete t\u00f6\u00f6tlemist veebisaidil ja isikuandmete t\u00f6\u00f6tlemisega seotud \u00f5igusi. 1.2. Andmet\u00f6\u00f6tleja on OB Holding 1 O\u00dc (edaspidi OlyBOOST), registrikood 14975047, aadress Pronksi 19, Tallinn 10124, Eesti, +3726671250, estonia@oc.eu . 1.3. Olyboost.eu andmekaitseametniku kontaktandmed on j\u00e4rgmised: olybetestoniaDPO@olybet.com, Pronksi 19, Tallinn 10124. 1.4. OLYBET rakendab asjakohaseid [&hellip;]","og_url":"https:\/\/olyboost.eu\/et\/privaatsuspoliitika\/","og_site_name":"OlyBoost","article_modified_time":"2025-05-12T12:59:05+00:00","twitter_card":"summary_large_image","twitter_misc":{"Est. reading time":"5 minutit"},"schema":{"@context":"https:\/\/schema.org","@graph":[{"@type":"WebPage","@id":"https:\/\/olyboost.eu\/et\/privaatsuspoliitika\/","url":"https:\/\/olyboost.eu\/et\/privaatsuspoliitika\/","name":"Privaatsuspoliitika - OlyBoost","isPartOf":{"@id":"https:\/\/olyboost.eu\/et\/#website"},"datePublished":"2024-04-02T07:00:25+00:00","dateModified":"2025-05-12T12:59:05+00:00","breadcrumb":{"@id":"https:\/\/olyboost.eu\/et\/privaatsuspoliitika\/#breadcrumb"},"inLanguage":"et","potentialAction":[{"@type":"ReadAction","target":["https:\/\/olyboost.eu\/et\/privaatsuspoliitika\/"]}]},{"@type":"BreadcrumbList","@id":"https:\/\/olyboost.eu\/et\/privaatsuspoliitika\/#breadcrumb","itemListElement":[{"@type":"ListItem","position":1,"name":"Home","item":"https:\/\/olyboost.eu\/et\/"},{"@type":"ListItem","position":2,"name":"Privaatsuspoliitika"}]},{"@type":"WebSite","@id":"https:\/\/olyboost.eu\/et\/#website","url":"https:\/\/olyboost.eu\/et\/","name":"OlyBoost","description":"Your moments","publisher":{"@id":"https:\/\/olyboost.eu\/et\/#organization"},"potentialAction":[{"@type":"SearchAction","target":{"@type":"EntryPoint","urlTemplate":"https:\/\/olyboost.eu\/et\/?s={search_term_string}"},"query-input":{"@type":"PropertyValueSpecification","valueRequired":true,"valueName":"search_term_string"}}],"inLanguage":"et"},{"@type":"Organization","@id":"https:\/\/olyboost.eu\/et\/#organization","name":"OlyBoost","url":"https:\/\/olyboost.eu\/et\/","logo":{"@type":"ImageObject","inLanguage":"et","@id":"https:\/\/olyboost.eu\/et\/#\/schema\/logo\/image\/","url":"https:\/\/olyboost.eu\/wp-content\/uploads\/2024\/04\/olyboost-logo-new-1.png","contentUrl":"https:\/\/olyboost.eu\/wp-content\/uploads\/2024\/04\/olyboost-logo-new-1.png","width":1100,"height":326,"caption":"OlyBoost"},"image":{"@id":"https:\/\/olyboost.eu\/et\/#\/schema\/logo\/image\/"}}]}},"publishpress_future_action":{"enabled":false,"date":"2026-05-07 07:52:57","action":"change-status","newStatus":"draft","terms":[],"taxonomy":"translation_priority","extraData":[]},"publishpress_future_workflow_manual_trigger":{"enabledWorkflows":[]},"_links":{"self":[{"href":"https:\/\/olyboost.eu\/et\/wp-json\/wp\/v2\/pages\/572","targetHints":{"allow":["GET"]}}],"collection":[{"href":"https:\/\/olyboost.eu\/et\/wp-json\/wp\/v2\/pages"}],"about":[{"href":"https:\/\/olyboost.eu\/et\/wp-json\/wp\/v2\/types\/page"}],"author":[{"embeddable":true,"href":"https:\/\/olyboost.eu\/et\/wp-json\/wp\/v2\/users\/2"}],"replies":[{"embeddable":true,"href":"https:\/\/olyboost.eu\/et\/wp-json\/wp\/v2\/comments?post=572"}],"version-history":[{"count":4,"href":"https:\/\/olyboost.eu\/et\/wp-json\/wp\/v2\/pages\/572\/revisions"}],"predecessor-version":[{"id":1581,"href":"https:\/\/olyboost.eu\/et\/wp-json\/wp\/v2\/pages\/572\/revisions\/1581"}],"wp:attachment":[{"href":"https:\/\/olyboost.eu\/et\/wp-json\/wp\/v2\/media?parent=572"}],"curies":[{"name":"wp","href":"https:\/\/api.w.org\/{rel}","templated":true}]}}