{"id":1588,"date":"2024-05-22T10:29:24","date_gmt":"2024-05-22T07:29:24","guid":{"rendered":"https:\/\/olyboost.eu\/uvjeti-koristenja\/"},"modified":"2025-05-14T17:36:39","modified_gmt":"2025-05-14T14:36:39","slug":"uvjeti-koristenja","status":"publish","type":"page","link":"https:\/\/olyboost.eu\/hr\/uvjeti-koristenja\/","title":{"rendered":"Uvjeti kori\u0161tenja"},"content":{"rendered":"\t\t<div data-elementor-type=\"wp-page\" data-elementor-id=\"1588\" class=\"elementor elementor-1588 elementor-375\" data-elementor-post-type=\"page\">\n\t\t\t\t<div data-particle_enable=\"false\" data-particle-mobile-disabled=\"false\" class=\"elementor-element elementor-element-2882f83 e-flex e-con-boxed e-con e-parent\" data-id=\"2882f83\" data-element_type=\"container\" data-e-type=\"container\" data-settings=\"{&quot;background_background&quot;:&quot;classic&quot;}\">\n\t\t\t\t\t<div class=\"e-con-inner\">\n\t\t\t\t<div class=\"elementor-element elementor-element-5523caa elementor-widget elementor-widget-heading\" data-id=\"5523caa\" data-element_type=\"widget\" data-e-type=\"widget\" data-widget_type=\"heading.default\">\n\t\t\t\t<div class=\"elementor-widget-container\">\n\t\t\t\t\t<h2 class=\"elementor-heading-title elementor-size-default\">Uvjeti kori\u0161tenja<\/h2>\t\t\t\t<\/div>\n\t\t\t\t<\/div>\n\t\t\t\t<div class=\"elementor-element elementor-element-3685489 elementor-widget elementor-widget-text-editor\" data-id=\"3685489\" data-element_type=\"widget\" data-e-type=\"widget\" data-widget_type=\"text-editor.default\">\n\t\t\t\t<div class=\"elementor-widget-container\">\n\t\t\t\t\t\t\t\t\t<p style=\"text-align: right;\"><strong>Va\u017ee\u0107i od: 10.09.2024.<\/strong><\/p>\n<p>1. Ova web stranica <a href=\"https:\/\/olyboost.eu\/hr\/\">www.olyboost.eu<\/a> (\u201e<strong>Web stranica<\/strong>\u201c) upravljana je od strane Kungla Investeeringu Osa\u00fching, registracijski broj 10103126, registrirana na adresi Pronksi 19, 10124 Tallinn, Estonija (\u201e<strong>Dru\u0161tvo<\/strong>\u201c ili \u201e<strong>mi<\/strong>\u201c).<\/p>\n<p>2. Posjetom ove Web stranice prihva\u0107ate ove Uvjete i odredbe te jam\u010dite da ste pro\u010ditali i razumjeli informacije sadr\u017eane u Obavijesti o privatnosti i Politici kola\u010di\u0107a u vezi s kori\u0161tenjem osobnih podataka tijekom posjete ovoj Web stranici, te da ste stariji od 18 godina. Ako ne prihva\u0107ate Uvjete i odredbe ili ste mla\u0111i od 18 godina, molimo napustite ovu Web stranicu.<\/p>\n<p>Sljede\u0107e aktivnosti su strogo zabranjene:<br \/>\u2022 Kori\u0161tenje Web stranice na bilo koji na\u010din koji bi mogao o\u0161tetiti, onesposobiti, preopteretiti ili naru\u0161iti Web stranicu.<br \/>\u2022 Poku\u0161aj neovla\u0161tenog pristupa bilo kojem dijelu Web stranice ili bilo kojem sustavu ili mre\u017ei povezanoj s Web stranicom.<br \/>\u2022 Kori\u0161tenje Web stranice u bilo koje nezakonite svrhe.<\/p>\n<p>3. <strong>Intelektualno vlasni\u0161tvo.<\/strong> Sadr\u017eaj, organizacija, grafika, dizajn, kompilacija i ostala pitanja vezana uz Web stranicu za\u0161ti\u0107ena su prema va\u017ee\u0107im zakonima Hrvatske, Europske unije i me\u0111unarodnim zakonima o autorskim pravima, za\u0161titnim znakovima i intelektualnom vlasni\u0161tvu. &#8220;OlyBOOST&#8221; i na\u0161i logotipi te drugi znakovi su za\u0161titni znakovi ili registrirani za\u0161titni znakovi Dru\u0161tva ili njegovih povezanih dru\u0161tava (\u201e<strong>Za\u0161titni znakovi<\/strong>\u201c). Isklju\u010divo posjedujemo ili imamo prava kori\u0161tenja svih prava, naslova i interesa u i prema svim Za\u0161titnim znakovima, dokumentaciji, softveru, sadr\u017eaju, grafici, dizajnu, podacima, ra\u010dunalnim kodovima, idejama, znanju, \u201eizgledu i dojmu\u201c, kompilacijama, magnetskim prijevodima, digitalnim konverzijama i drugim materijalima uklju\u010denim u Web stranicu i povezanim s Web stranicom, te svim modifikacijama i izvedenicama istih, i svim pravima intelektualnog vlasni\u0161tva vezanim uz to (\u201e<strong>Intelektualno vlasni\u0161tvo<\/strong>\u201c). Objavljivanje informacija ili materijala na Web stranici od strane nas ne predstavlja odricanje od bilo kojih prava na bilo koje Intelektualno vlasni\u0161tvo ili takve informacije i materijale. Ne\u0107ete osporavati, dovoditi u pitanje ili na drugi na\u010din naru\u0161avati vlasni\u0161tvo Dru\u0161tva nad Web stranicom i sadr\u017eajem na njoj ili valjanost ili provedivost prava Dru\u0161tva na Intelektualno vlasni\u0161tvo. Zadr\u017eavamo pravo, prema vlastitom naho\u0111enju, ure\u0111ivati ili brisati bilo koje informacije ili drugi sadr\u017eaj koji se pojavljuje na Web stranici u bilo kojem trenutku bez prethodne obavijesti. Ni\u0161ta sadr\u017eano u ovim Uvjetima i odredbama ne\u0107e se tuma\u010diti, bilo implicirano ili na drugi na\u010din, kao dodjeljivanje korisniku vlasni\u010dkog interesa u Intelektualnom vlasni\u0161tvu ili bilo kojem autorskom pravu, za\u0161titnom znaku, patentu ili drugom pravu intelektualnog vlasni\u0161tva Dru\u0161tva ili bilo koje tre\u0107e strane. Podlo\u017eno uvjetima i odredbama ovih Uvjeta i odredbi, Dru\u0161tvo vam dodjeljuje ograni\u010denu, besplatnu, neekskluzivnu, opozivu, raskidivu, osobnu licencu za kori\u0161tenje Intelektualnog vlasni\u0161tva isklju\u010divo za va\u0161u osobnu, nekomercijalnu upotrebu. Nijedan materijal na na\u0161oj Web stranici ne smije se preuzimati, distribuirati, reproducirati, ponovno objavljivati, objavljivati, prenositi ili kopirati u bilo kojem obliku ili na bilo koji na\u010din, bez prethodnog pismenog dopu\u0161tenja Dru\u0161tva, koje dopu\u0161tenje mo\u017ee biti uskra\u0107eno prema na\u0161em isklju\u010divom i apsolutnom naho\u0111enju.<\/p>\n<p>4. <strong>Svrha i proizvod.<\/strong> Dru\u0161tvo distribuira i prodaje OlyBOOST energetsko pi\u0107e (\u201e<strong>Proizvod<\/strong>\u201c). Svrha ove Web stranice je pru\u017eanje informacija o Proizvodu i njegovo ogla\u0161avanje. Sadr\u017eaj prikazan na Web stranici o Proizvodu je isklju\u010divo informativne prirode i nije namijenjen prodaji maloljetnicima.<\/p>\n<p>5. <strong>To\u010dnost informacija.<\/strong> Iako ula\u017eemo razumne napore kako bismo uklju\u010dili to\u010dne i a\u017eurirane informacije na Web stranicu, u najve\u0107oj mjeri dopu\u0161tenoj zakonom, ne dajemo i odri\u010demo se svih jamstava ili izjava o to\u010dnosti, ispravnosti, pouzdanosti ili na drugi na\u010din u vezi s takvim informacijama, te ne preuzimamo nikakvu odgovornost za bilo kakve propuste ili pogre\u0161ke (uklju\u010duju\u0107i, bez ograni\u010denja, tipografske pogre\u0161ke i tehni\u010dke pogre\u0161ke) u informacijama sadr\u017eanim na Web stranici.<\/p>\n<p>6. <strong>Bez jamstva.<\/strong> Dru\u0161tvo jam\u010di da Proizvod udovoljava svim normama i propisima u vezi sa sigurno\u0161\u0107u hrane i va\u017ee\u0107im propisima za energetska pi\u0107a, ali ne\u0107e imati nikakvu odgovornost prema bilo kojoj osobi koja kupuje ili na drugi na\u010din stje\u010de Proizvod za njegovu tr\u017ei\u0161nu prikladnost, prikladnost za odre\u0111enu svrhu ili bilo koja druga implicirana jamstva.<\/p>\n<p>7. <strong>Ograni\u010denje odgovornosti.<\/strong> U najve\u0107oj mjeri dopu\u0161tenoj va\u017ee\u0107im zakonom, Dru\u0161tvo ne\u0107e biti odgovorno za bilo kakve izravne ili neizravne \u0161tete, bilo predvidive ili ne, koje su na bilo koji na\u010din povezane s ovim Uvjetima i odredbama, bilo kakvim virusima koji utje\u010du na ovu Web stranicu, kori\u0161tenjem ili nemogu\u0107no\u0161\u0107u kori\u0161tenja ove Web stranice, rezultatima dobivenim kori\u0161tenjem ove Web stranice, gubitkom dobre volje ili dobiti, izgubljenim poslovanjem, kako god karakterizirano, i\/ili iz bilo kojeg drugog razloga, \u010dak i ako je unaprijed obavije\u0161teno o mogu\u0107nosti takvih \u0161teta ili gubitaka. Bez obzira na bilo \u0161to suprotno sadr\u017eano ovdje, u najve\u0107oj mjeri dopu\u0161tenoj va\u017ee\u0107im zakonom, ukupna odgovornost Dru\u0161tva prema vama za bilo koji razlog i bez obzira na oblik radnje, uvijek \u0107e biti ograni\u010dena na iznos koji ste platili, ako je bilo, Dru\u0161tvu u \u0161est (6) mjeseci prije doga\u0111aja koji su doveli do va\u0161eg zahtjeva.<\/p>\n<p>8. <strong>Obe\u0161te\u0107enje.<\/strong> Osim u mjeri u kojoj je to zabranjeno va\u017ee\u0107im zakonom, obe\u0161tetit \u0107ete i dr\u017eati nas, na\u0161e podru\u017enice, mati\u010dna dru\u0161tva, povezana dru\u0161tva, slu\u017ebenike, direktore, dioni\u010dare, pravne zastupnike, agente i druge partnere i zaposlenike, bezopasnima od gubitka, odgovornosti, tro\u0161kova, \u0161teta ili tro\u0161kova iz bilo kakvih i svih zahtjeva, radnji i tu\u017ebi, bilo osnovanih ili ne, te od i protiv bilo kakvih i svih zahtjeva, odgovornosti, presuda, gubitaka, \u0161teta, tro\u0161kova, naknada, odvjetni\u010dkih honorara i drugih tro\u0161kova svake prirode i karaktera zbog (i) va\u0161eg kori\u0161tenja Web stranice; (ii) va\u0161eg kr\u0161enja ili navodnog kr\u0161enja ovih Uvjeta i odredbi i\/ili bilo kojeg kr\u0161enja ili navodnog kr\u0161enja va\u0161ih izjava i jamstava navedenih u ovim Uvjetima i odredbama; (iii) va\u0161eg sudjelovanja u bilo kojem offline doga\u0111aju s markom OlyBOOST.<\/p>\n<p>9. <strong>Mjerodavno pravo i nadle\u017enost.<\/strong> Ovi Uvjeti i odredbe regulirani su zakonima Republike Hrvatske bez primjene bilo kojih na\u010dela sukoba zakona. Sve pravne radnje povezane s ovim Uvjetima i odredbama prvo \u0107e se podnijeti tijelu za za\u0161titu potro\u0161a\u010da. U slu\u010daju bilo kakvih pravnih sporova koji se ne mogu rije\u0161iti, spor \u0107e se podnijeti nadle\u017enom sudu u Zagrebu u Hrvatskoj i vodit \u0107e se prema zakonima o gra\u0111anskom postupku koji su na snazi u Republici Hrvatskoj.<\/p>\n<p>10. <strong>Zavr\u0161ne odredbe.<\/strong> Ako bilo koja odredba ovih Uvjeta i odredbi bude nezakonita, ni\u0161tavna ili iz bilo kojeg razloga neprovediva, tada \u0107e se ta odredba smatrati odvojivom od ovih Uvjeta i odredbi i ne\u0107e utjecati na valjanost i provedivost bilo kojih preostalih odredbi. Na\u0161 neuspjeh u provedbi bilo koje odredbe ovih Uvjeta i odredbi ne\u0107e se smatrati odricanjem od te odredbe niti prava na provedbu te odredbe. Ovi Uvjeti i odredbe ne stvaraju i ne\u0107e se tuma\u010diti kao stvaranje bilo kakvog partnerstva, zajedni\u010dkog pothvata, odnosa poslodavac-zaposlenik, agencije ili fran\u0161iznog odnosa izme\u0111u vas i nas. Ne smijete dodijeliti, prenijeti ili podlicencirati bilo koja ili sva svoja prava ili obveze prema ovim Uvjetima i odredbama bez na\u0161eg izri\u010ditog prethodnog pismenog pristanka<\/p>\n\t\t\t\t\t\t\t\t<\/div>\n\t\t\t\t<\/div>\n\t\t\t\t\t<\/div>\n\t\t\t\t<\/div>\n\t\t\t\t<\/div>\n\t\t","protected":false},"excerpt":{"rendered":"<p>Uvjeti kori\u0161tenja Va\u017ee\u0107i od: 10.09.2024. 1. Ova web stranica www.olyboost.eu (\u201eWeb stranica\u201c) upravljana je od strane Kungla Investeeringu Osa\u00fching, registracijski broj 10103126, registrirana na adresi Pronksi 19, 10124 Tallinn, Estonija (\u201eDru\u0161tvo\u201c ili \u201emi\u201c). 2. Posjetom ove Web stranice prihva\u0107ate ove Uvjete i odredbe te jam\u010dite da ste pro\u010ditali i razumjeli informacije sadr\u017eane u Obavijesti o [&hellip;]<\/p>\n","protected":false},"author":2,"featured_media":0,"parent":0,"menu_order":0,"comment_status":"closed","ping_status":"closed","template":"elementor_header_footer","meta":{"footnotes":""},"class_list":["post-1588","page","type-page","status-publish","hentry"],"yoast_head":"<!-- This site is optimized with the Yoast SEO plugin v27.4 - https:\/\/yoast.com\/product\/yoast-seo-wordpress\/ -->\n<title>Uvjeti kori\u0161tenja - OlyBoost<\/title>\n<meta name=\"robots\" content=\"index, follow, max-snippet:-1, max-image-preview:large, max-video-preview:-1\" \/>\n<link rel=\"canonical\" href=\"https:\/\/olyboost.eu\/hr\/uvjeti-koristenja\/\" \/>\n<meta property=\"og:locale\" content=\"hr_HR\" \/>\n<meta property=\"og:type\" content=\"article\" \/>\n<meta property=\"og:title\" content=\"Uvjeti kori\u0161tenja - OlyBoost\" \/>\n<meta property=\"og:description\" content=\"Uvjeti kori\u0161tenja Va\u017ee\u0107i od: 10.09.2024. 1. Ova web stranica www.olyboost.eu (\u201eWeb stranica\u201c) upravljana je od strane Kungla Investeeringu Osa\u00fching, registracijski broj 10103126, registrirana na adresi Pronksi 19, 10124 Tallinn, Estonija (\u201eDru\u0161tvo\u201c ili \u201emi\u201c). 2. Posjetom ove Web stranice prihva\u0107ate ove Uvjete i odredbe te jam\u010dite da ste pro\u010ditali i razumjeli informacije sadr\u017eane u Obavijesti o [&hellip;]\" \/>\n<meta property=\"og:url\" content=\"https:\/\/olyboost.eu\/hr\/uvjeti-koristenja\/\" \/>\n<meta property=\"og:site_name\" content=\"OlyBoost\" \/>\n<meta property=\"article:modified_time\" content=\"2025-05-14T14:36:39+00:00\" \/>\n<meta name=\"twitter:card\" content=\"summary_large_image\" \/>\n<meta name=\"twitter:label1\" content=\"Procijenjeno vrijeme \u010ditanja\" \/>\n\t<meta name=\"twitter:data1\" content=\"6 minuta\" \/>\n<script type=\"application\/ld+json\" class=\"yoast-schema-graph\">{\"@context\":\"https:\\\/\\\/schema.org\",\"@graph\":[{\"@type\":\"WebPage\",\"@id\":\"https:\\\/\\\/olyboost.eu\\\/hr\\\/uvjeti-koristenja\\\/\",\"url\":\"https:\\\/\\\/olyboost.eu\\\/hr\\\/uvjeti-koristenja\\\/\",\"name\":\"Uvjeti kori\u0161tenja - OlyBoost\",\"isPartOf\":{\"@id\":\"https:\\\/\\\/olyboost.eu\\\/hr\\\/#website\"},\"datePublished\":\"2024-05-22T07:29:24+00:00\",\"dateModified\":\"2025-05-14T14:36:39+00:00\",\"breadcrumb\":{\"@id\":\"https:\\\/\\\/olyboost.eu\\\/hr\\\/uvjeti-koristenja\\\/#breadcrumb\"},\"inLanguage\":\"hr\",\"potentialAction\":[{\"@type\":\"ReadAction\",\"target\":[\"https:\\\/\\\/olyboost.eu\\\/hr\\\/uvjeti-koristenja\\\/\"]}]},{\"@type\":\"BreadcrumbList\",\"@id\":\"https:\\\/\\\/olyboost.eu\\\/hr\\\/uvjeti-koristenja\\\/#breadcrumb\",\"itemListElement\":[{\"@type\":\"ListItem\",\"position\":1,\"name\":\"Home\",\"item\":\"https:\\\/\\\/olyboost.eu\\\/hr\\\/\"},{\"@type\":\"ListItem\",\"position\":2,\"name\":\"Uvjeti kori\u0161tenja\"}]},{\"@type\":\"WebSite\",\"@id\":\"https:\\\/\\\/olyboost.eu\\\/hr\\\/#website\",\"url\":\"https:\\\/\\\/olyboost.eu\\\/hr\\\/\",\"name\":\"OlyBoost\",\"description\":\"Your moments\",\"publisher\":{\"@id\":\"https:\\\/\\\/olyboost.eu\\\/hr\\\/#organization\"},\"potentialAction\":[{\"@type\":\"SearchAction\",\"target\":{\"@type\":\"EntryPoint\",\"urlTemplate\":\"https:\\\/\\\/olyboost.eu\\\/hr\\\/?s={search_term_string}\"},\"query-input\":{\"@type\":\"PropertyValueSpecification\",\"valueRequired\":true,\"valueName\":\"search_term_string\"}}],\"inLanguage\":\"hr\"},{\"@type\":\"Organization\",\"@id\":\"https:\\\/\\\/olyboost.eu\\\/hr\\\/#organization\",\"name\":\"OlyBoost\",\"url\":\"https:\\\/\\\/olyboost.eu\\\/hr\\\/\",\"logo\":{\"@type\":\"ImageObject\",\"inLanguage\":\"hr\",\"@id\":\"https:\\\/\\\/olyboost.eu\\\/hr\\\/#\\\/schema\\\/logo\\\/image\\\/\",\"url\":\"https:\\\/\\\/olyboost.eu\\\/wp-content\\\/uploads\\\/2024\\\/04\\\/olyboost-logo-new-1.png\",\"contentUrl\":\"https:\\\/\\\/olyboost.eu\\\/wp-content\\\/uploads\\\/2024\\\/04\\\/olyboost-logo-new-1.png\",\"width\":1100,\"height\":326,\"caption\":\"OlyBoost\"},\"image\":{\"@id\":\"https:\\\/\\\/olyboost.eu\\\/hr\\\/#\\\/schema\\\/logo\\\/image\\\/\"}}]}<\/script>\n<!-- \/ Yoast SEO plugin. -->","yoast_head_json":{"title":"Uvjeti kori\u0161tenja - OlyBoost","robots":{"index":"index","follow":"follow","max-snippet":"max-snippet:-1","max-image-preview":"max-image-preview:large","max-video-preview":"max-video-preview:-1"},"canonical":"https:\/\/olyboost.eu\/hr\/uvjeti-koristenja\/","og_locale":"hr_HR","og_type":"article","og_title":"Uvjeti kori\u0161tenja - OlyBoost","og_description":"Uvjeti kori\u0161tenja Va\u017ee\u0107i od: 10.09.2024. 1. Ova web stranica www.olyboost.eu (\u201eWeb stranica\u201c) upravljana je od strane Kungla Investeeringu Osa\u00fching, registracijski broj 10103126, registrirana na adresi Pronksi 19, 10124 Tallinn, Estonija (\u201eDru\u0161tvo\u201c ili \u201emi\u201c). 2. Posjetom ove Web stranice prihva\u0107ate ove Uvjete i odredbe te jam\u010dite da ste pro\u010ditali i razumjeli informacije sadr\u017eane u Obavijesti o [&hellip;]","og_url":"https:\/\/olyboost.eu\/hr\/uvjeti-koristenja\/","og_site_name":"OlyBoost","article_modified_time":"2025-05-14T14:36:39+00:00","twitter_card":"summary_large_image","twitter_misc":{"Procijenjeno vrijeme \u010ditanja":"6 minuta"},"schema":{"@context":"https:\/\/schema.org","@graph":[{"@type":"WebPage","@id":"https:\/\/olyboost.eu\/hr\/uvjeti-koristenja\/","url":"https:\/\/olyboost.eu\/hr\/uvjeti-koristenja\/","name":"Uvjeti kori\u0161tenja - OlyBoost","isPartOf":{"@id":"https:\/\/olyboost.eu\/hr\/#website"},"datePublished":"2024-05-22T07:29:24+00:00","dateModified":"2025-05-14T14:36:39+00:00","breadcrumb":{"@id":"https:\/\/olyboost.eu\/hr\/uvjeti-koristenja\/#breadcrumb"},"inLanguage":"hr","potentialAction":[{"@type":"ReadAction","target":["https:\/\/olyboost.eu\/hr\/uvjeti-koristenja\/"]}]},{"@type":"BreadcrumbList","@id":"https:\/\/olyboost.eu\/hr\/uvjeti-koristenja\/#breadcrumb","itemListElement":[{"@type":"ListItem","position":1,"name":"Home","item":"https:\/\/olyboost.eu\/hr\/"},{"@type":"ListItem","position":2,"name":"Uvjeti kori\u0161tenja"}]},{"@type":"WebSite","@id":"https:\/\/olyboost.eu\/hr\/#website","url":"https:\/\/olyboost.eu\/hr\/","name":"OlyBoost","description":"Your moments","publisher":{"@id":"https:\/\/olyboost.eu\/hr\/#organization"},"potentialAction":[{"@type":"SearchAction","target":{"@type":"EntryPoint","urlTemplate":"https:\/\/olyboost.eu\/hr\/?s={search_term_string}"},"query-input":{"@type":"PropertyValueSpecification","valueRequired":true,"valueName":"search_term_string"}}],"inLanguage":"hr"},{"@type":"Organization","@id":"https:\/\/olyboost.eu\/hr\/#organization","name":"OlyBoost","url":"https:\/\/olyboost.eu\/hr\/","logo":{"@type":"ImageObject","inLanguage":"hr","@id":"https:\/\/olyboost.eu\/hr\/#\/schema\/logo\/image\/","url":"https:\/\/olyboost.eu\/wp-content\/uploads\/2024\/04\/olyboost-logo-new-1.png","contentUrl":"https:\/\/olyboost.eu\/wp-content\/uploads\/2024\/04\/olyboost-logo-new-1.png","width":1100,"height":326,"caption":"OlyBoost"},"image":{"@id":"https:\/\/olyboost.eu\/hr\/#\/schema\/logo\/image\/"}}]}},"publishpress_future_action":{"enabled":false,"date":"2026-05-09 11:36:31","action":"change-status","newStatus":"draft","terms":[],"taxonomy":"translation_priority","extraData":[]},"publishpress_future_workflow_manual_trigger":{"enabledWorkflows":[]},"_links":{"self":[{"href":"https:\/\/olyboost.eu\/hr\/wp-json\/wp\/v2\/pages\/1588","targetHints":{"allow":["GET"]}}],"collection":[{"href":"https:\/\/olyboost.eu\/hr\/wp-json\/wp\/v2\/pages"}],"about":[{"href":"https:\/\/olyboost.eu\/hr\/wp-json\/wp\/v2\/types\/page"}],"author":[{"embeddable":true,"href":"https:\/\/olyboost.eu\/hr\/wp-json\/wp\/v2\/users\/2"}],"replies":[{"embeddable":true,"href":"https:\/\/olyboost.eu\/hr\/wp-json\/wp\/v2\/comments?post=1588"}],"version-history":[{"count":1,"href":"https:\/\/olyboost.eu\/hr\/wp-json\/wp\/v2\/pages\/1588\/revisions"}],"predecessor-version":[{"id":1589,"href":"https:\/\/olyboost.eu\/hr\/wp-json\/wp\/v2\/pages\/1588\/revisions\/1589"}],"wp:attachment":[{"href":"https:\/\/olyboost.eu\/hr\/wp-json\/wp\/v2\/media?parent=1588"}],"curies":[{"name":"wp","href":"https:\/\/api.w.org\/{rel}","templated":true}]}}