{"id":1613,"date":"2024-04-02T07:00:25","date_gmt":"2024-04-02T04:00:25","guid":{"rendered":"https:\/\/olyboost.eu\/privatumo-politika\/"},"modified":"2025-05-30T10:27:41","modified_gmt":"2025-05-30T07:27:41","slug":"privatumo-politika","status":"publish","type":"page","link":"https:\/\/olyboost.eu\/lt\/privatumo-politika\/","title":{"rendered":"Privatumo politika"},"content":{"rendered":"\t\t<div data-elementor-type=\"wp-page\" data-elementor-id=\"1613\" class=\"elementor elementor-1613 elementor-3\" data-elementor-post-type=\"page\">\n\t\t\t\t<div data-particle_enable=\"false\" data-particle-mobile-disabled=\"false\" class=\"elementor-element elementor-element-4ad5b709 e-flex e-con-boxed e-con e-parent\" data-id=\"4ad5b709\" data-element_type=\"container\" data-e-type=\"container\" data-settings=\"{&quot;background_background&quot;:&quot;classic&quot;}\">\n\t\t\t\t\t<div class=\"e-con-inner\">\n\t\t\t\t<div class=\"elementor-element elementor-element-08dbf19 elementor-widget elementor-widget-heading\" data-id=\"08dbf19\" data-element_type=\"widget\" data-e-type=\"widget\" data-widget_type=\"heading.default\">\n\t\t\t\t<div class=\"elementor-widget-container\">\n\t\t\t\t\t<h2 class=\"elementor-heading-title elementor-size-default\">Privatumo politika<\/h2>\t\t\t\t<\/div>\n\t\t\t\t<\/div>\n\t\t\t\t<div class=\"elementor-element elementor-element-d6fd040 elementor-widget elementor-widget-text-editor\" data-id=\"d6fd040\" data-element_type=\"widget\" data-e-type=\"widget\" data-widget_type=\"text-editor.default\">\n\t\t\t\t<div class=\"elementor-widget-container\">\n\t\t\t\t\t\t\t\t\t<p style=\"text-align: right;\"><strong>Galioja nuo 2025 m. gegu\u017e\u0117s 27 d.<\/strong><\/p>\n<p>1. <strong>Bendrosios nuostatos<\/strong><\/p>\n<p style=\"padding-left: 40px;\">1.1. \u0160iame prane\u0161ime nurodyta, kaip internetin\u0117je svetain\u0117je tvarkomi jos lankytoj\u0173 asmens duomenys ir apra\u0161ytos lankytoj\u0173 teis\u0117s, susijusios su asmens duomen\u0173 tvarkymu.<br \/>\n1.2. Duomen\u0173 valdytojas yra \u201eOB Holding 1\u201c O\u00dc (toliau \u2013 \u201eOlyBOOST\u201c), \u012fmon\u0117s kodas 14975047, adresas Pronksi g. 19, 10124 Talinas, Estija, tel. +3726671250, <a href=\"mailto:estonia@oc.eu\">estonia@oc.eu<\/a>.<br \/>\n1.3. Olyboost.eu duomen\u0173 apsaugos pareig\u016bno kontaktiniai duomenys yra \u0161ie: <a href=\"mailto:olybetestoniaDPO@olybet.com\">olybetestoniaDPO@olybet.com<\/a>, Pronksi g. 19, 10124 Talinas, Estija.<br \/>\n1.4. OLYBET taiko atitinkamas technines ir organizacines priemones, skirtas apsaugoti asmens duomenis nuo neteis\u0117tos prieigos, neteis\u0117to atskleidimo, nety\u010dinio praradimo, pakeitimo, sunaikinimo ar kitokio neteis\u0117to tvarkymo. Taip pat reikalaujame, kad m\u016bs\u0173 partneriai, su kuriais bendradarbiaujame ir, kuriems \u0161iame privatumo prane\u0161ime nustatyta tvarka perduodame asmens duomenis, \u012fgyvendint\u0173 b\u016btinas organizacines, fizines ir IT saugumo priemones. Ta\u010diau pa\u017eymime, kad net ir naudojant visas technines ir organizacines priemones asmens duomenims apsaugoti, tam tikra, pvz.: kibernetini\u0173 atak\u0173, elektros dingimo, programin\u0117s \u012frangos klaid\u0173 ar piktavali\u0161k\u0173 veiksm\u0173 rizika vis tiek i\u0161lieka. Pasteb\u0117j\u0119 tok\u012f pa\u017eeidim\u0105, imsim\u0117s vis\u0173 pagr\u012fst\u0173 priemoni\u0173, siekdami su\u0161velninti ir suma\u017einti m\u016bs\u0173 svetain\u0117s lankytojams kylan\u010di\u0105 rizik\u0105.<br \/>\n1.5. Su asmens duomen\u0173 tvarkymu susijusios nuostatos taip pat gali b\u016bti \u012ftrauktos \u012f susitarimus tarp internetin\u0117s svetain\u0117s lankytojo ir \u201eOlyBet\u201c, pvz.: Internetin\u0117s svetain\u0117s naudojimo s\u0105lygas. Tokiu atveju, kilus prie\u0161taravimams tarp nuostat\u0173, taikomos Internetin\u0117s svetain\u0117s naudojimo s\u0105lygose numatytos nuostatos.<br \/>\n1.6. Atlikus bet kokius \u201eOlyBet\u201c prane\u0161imo apie asmens duomen\u0173 tvark\u0105 pakeitimus, atnaujinta prane\u0161imo versija bus paskelbta internetin\u0117je svetain\u0117je <a href=\"https:\/\/olyboost.eu\/lt\/\">www.olyboost.eu<\/a>.<\/p>\n<p>2. <strong>Svetain\u0117s lankytoj\u0173 teis\u0117s, susijusios su j\u0173 asmens duomen\u0173 tvarkymu<\/strong><\/p>\n<p style=\"padding-left: 40px;\">2.1. Svetain\u0117s lankytojas turi teis\u0119 \u017einoti, ar \u201eOlyBOOST\u201c tvarko jo asmens duomenis, ir, jei taip, gauti min\u0117t\u0173 duomen\u0173 kopij\u0105.<br \/>\n2.2. Svetain\u0117s lankytojas turi teis\u0119 pra\u0161yti i\u0161taisyti netikslius savo asmens duomenis.<br \/>\n2.3. Jei duomenys tvarkomi sutikimo pagrindu, internetin\u0117s svetain\u0117s lankytojas turi teis\u0119 bet kada at\u0161aukti savo sutikim\u0105 tvarkyti asmens duomenis (pvz.: sutikim\u0105 d\u0117l tiesiogin\u0117s rinkodaros). Sutikimo at\u0161aukimas nepa\u017eeid\u017eia duomen\u0173 tvarkymo, kuris buvo atliekamas iki sutikimo at\u0161aukimo, teis\u0117tumo.<br \/>\n2.4. Internetin\u0117s svetain\u0117s lankytojas turi teis\u0119 reikalauti i\u0161trinti savo asmens duomenis. Sutikimo arba teis\u0117to intereso pagrindu tvarkomus duomenis \u201eOlyBOOST\u201c gali i\u0161trinti tik tuo atveju, \u201eOlyBOOST\u201c interesai n\u0117ra svarbesni u\u017e svetain\u0117s lankytojo interesus. Teis\u0117 reikalauti i\u0161trinti asmens duomenis netaikoma duomenims, kurie tvarkomi vykdant teisinius ar sutartinius \u012fsipareigojimus, kol tokie teisiniai ar sutartiniai \u012fsipareigojimai galioja.<br \/>\n2.5. Internetin\u0117s svetain\u0117s lankytojas turi teis\u0119 nesutikti su savo asmens duomen\u0173 tvarkymu (ypa\u010d remdamasis teis\u0117tu interesu) ir pagr\u012fstais atvejais apriboti savo asmens duomen\u0173 tvarkym\u0105.<br \/>\n2.6. Internetin\u0117s svetain\u0117s lankytojas savo asmens duomenis, kuriuos jis pateik\u0117 sutikimo pagrindu ar sutarties sudarymo tikslais, turi teis\u0119 gauti susistemintu ir kompiuterio skaitomu formatu (jei \u012fmanoma tai techni\u0161kai \u012fgyvendinti) ir persi\u0173sti tuos duomenis kitoms \u012fmon\u0117ms.<br \/>\n2.7. Internetin\u0117s svetain\u0117s lankytojas turi teis\u0119 pateikti skund\u0105 d\u0117l asmens duomen\u0173 tvarkymo. Skundai teikiami Estijos duomen\u0173 apsaugos inspekcijai elektroniniu pa\u0161tu info@aki.ee arba adresu Tatari 39, Talinas.<\/p>\n<p>3. <strong>Tvarkomi asmens duomenys ir j\u0173 \u0161altiniai<\/strong><\/p>\n<p style=\"padding-left: 40px;\">3.1. \u201eOlyBOOST\u201c tvarko toliau nurodytus internetin\u0117s svetain\u0117s lankytoj\u0173 asmens duomenis:<br \/>\n3.1.1. <strong>duomenis apie apsilankymus internetin\u0117je svetain\u0117je<\/strong>: IP adres\u0105 (taip pat ir viet\u0105 pagal IP adres\u0105), interneto paslaug\u0173 teik\u0117j\u0105, i\u0161orinio internetinio \u0161altinio (ang. \u201ereferrer\u201c) URL adres\u0105, dat\u0105, laik\u0105, prieigos simbol\u012f, sesijos rakt\u0105, interneto nar\u0161ykl\u0117s tip\u0105 ir versij\u0105, operacin\u0119 sistem\u0105, perduot\u0173 duomen\u0173 kiek\u012f ir b\u016bsen\u0105, MAC adres\u0105;<br \/>\n3.1.2. <strong>Slapuk\u0173 duomenis<\/strong>: \u201eOlyBOOST\u201c savo internetin\u0117se svetain\u0117se naudoja slapukus, kuri\u0173 tikslas optimizuoti svetain\u0117s veikl\u0105 ir jos funkcijas. Slapukai gali rinkti asmens duomenis. I\u0161samesn\u0117 informacija apra\u0161yta \u201eOlyBOOST\u201c slapuk\u0173 politikoje.<br \/>\n3.2. \u201eOlyBOOST\u201c netvarko su internetin\u0117s svetain\u0117s lankytoju susijusi\u0173 speciali\u0173 kategorij\u0173 asmens duomen\u0173 (t.y. duomen\u0173 apie rasin\u0119 ar etnin\u0119 kilm\u0119, religinius ar filosofinius \u012fsitikinimus, lytin\u012f gyvenim\u0105, seksualin\u0119 orientacij\u0105, politines pa\u017ei\u016bras, naryst\u0119 profesin\u0117se s\u0105jungose, informacijos apie sveikat\u0105, genetini\u0173 ir biometrini\u0173 duomen\u0173).<br \/>\n3.3. Priklausomai nuo duomen\u0173 tikslo ir pob\u016bd\u017eio, \u201eOlyBOOST\u201c su internetin\u0117s svetain\u0117s lankytoju susijusius asmens duomenis renka i\u0161 internetin\u0117s svetain\u0117s lankytojo, jo nar\u0161ykl\u0117s slapuk\u0173 ir interneto paslaug\u0173 teik\u0117jo.<\/p>\n<p>4. <strong>Asmens duomen\u0173 tvarkymo teisinis pagrindas ir tikslai<\/strong><\/p>\n<p style=\"text-align: left; padding-left: 40px;\">4.1. Internetin\u0117s svetain\u0117s lankytojo asmens duomen\u0173 tvarkymo teisiniai pagrindai yra \u0161ie: sutartini\u0173 \u012fsipareigojim\u0173 vykdymas, duomen\u0173 subjekto sutikimas ir \u201eOlyBOOST\u201c teis\u0117tas interesas. Toliau pateikiamas duomen\u0173 tvarkymo veiksm\u0173 ir j\u0173 teisini\u0173 pagrind\u0173 s\u0105ra\u0161as:<br \/>\n4.1.1. Sutarties vykdymo tikslais tvarkomi duomenys: <strong>duomenys apie apsilankymus internetin\u0117je svetain\u0117je, slapuk\u0173 duomenys.<\/strong><br \/>\n4.1.2. Teis\u0117t\u0173 interes\u0173 pagrindu tvarkomi duomenys: <strong>duomenys apie apsilankymus internetin\u0117je svetain\u0117je, slapuk\u0173 duomenys.<\/strong><br \/>\n4.2. Internetin\u0117s svetain\u0117s lankytojo asmens duomen\u0173 tvarkymo tikslai yra \u0161ie: svetain\u0117s turinio rodymas, \u201eOlyBOOST\u201c paslaug\u0173 ir (arba) produkt\u0173 rinkodara, internetin\u0117s svetain\u0117s lankytoj\u0173 atsiliepim\u0173 tvarkymas, internetin\u0117s svetain\u0117s lankytoj\u0173 baz\u0117s pl\u0117timas, internetin\u0117s svetain\u0117s lankytoj\u0173 lojalumo didinimas ir prid\u0117tin\u0117s vert\u0117s suteikimas, \u201eOlyBOOST\u201c i\u0161tekli\u0173 valdymas, internetin\u0117s svetain\u0117s tobulinimas.<br \/>\n4.3. Tais atvejais, kai duomenys tvarkomi \u012fgyvendinant teisinius ar sutartinius \u012fsipareigojimus, tokius asmens duomenis internetin\u0117s svetain\u0117s lankytojas pateikti privalo. Nepateikus toki\u0173 duomen\u0173, \u201eOlyBOOST\u201c negal\u0117s vykdyti savo sutartini\u0173 \u012fsipareigojim\u0173, o internetin\u0117s svetain\u0117s lankytojas negal\u0117s naudotis visomis si\u016blomomis paslaugomis.<br \/>\n4.4. \u201eOlyBOOST\u201c asmens duomenis teis\u0117to intereso pagrindu tvarko tais atvejais, kai nustato, kad \u012fmon\u0117s teis\u0117tas interesas tam tikrais tikslais tvarkyti asmens duomenis yra svarbesnis u\u017e internetin\u0117s svetain\u0117s lankytojo interesus ir teises.<br \/>\n4.5. Jei asmens duomenys tvarkomi internetin\u0117s svetain\u0117s lankytojo sutikimo pagrindu, sutikim\u0105 tvarkyti asmens duomenis galima at\u0161aukti kreipiantis \u012f duomen\u0173 apsaugos pareig\u016bn\u0105, kurio kontaktiniai duomenys pateikti 1.3 punkte, arba paspaudus prenumeratos atsisakymo nuorod\u0105 kiekvieno rinkodaros prane\u0161imo pabaigoje.<\/p>\n<p>5. <strong>Profiliavimas ir automatizuotas sprendim\u0173 pri\u0117mimas<\/strong><\/p>\n<p style=\"padding-left: 40px;\">5.1. Profiliavimas naudojamas toliau apra\u0161ytuose procesuose ir atliekamas vadovaujantis apra\u0161yta logika.<br \/>\n5.1.1. \u201eOlyBOOST\u201c si\u016blom\u0173 paslaug\u0173 ir (arba) produkt\u0173 rinkodara, remiantis svetain\u0117s lankomumo analize ir svetain\u0117s naudojimo duomenimis.<br \/>\n5.2. <strong>Automatizuotas sprendim\u0173 pri\u0117mimas<\/strong> \u0161ioje internetin\u0117je svetain\u0117je nenaudojamas.<\/p>\n<p>6. <strong>Asmens duomen\u0173 perdavimas<\/strong><\/p>\n<p style=\"padding-left: 40px;\">6.1. Paslaugoms teikti ir (arba) teisiniams \u012fsipareigojimams vykdyti \u201eOlyBOOST\u201c naudojasi partneri\u0173, kurie yra asmens duomen\u0173 tvarkytojai, paslaugomis. Jie duomenis tvarko remdamiesi \u201eOlyBOOST\u201c nurodymais ir j\u0173 apimtimi.<br \/>\n6.2. Tvarkomus j\u016bs\u0173 asmens duomenis \u201eOlyBOOST\u201c perduos toliau nurodytiems gav\u0117jams, kurie gali b\u016bti duomen\u0173 valdytojai arba tvarkytojai. Tvarkomi asmens duomenys gali b\u016bti perduodami grup\u0117s \u012fmon\u0117ms, vald\u017eios institucijoms, teismams, bankams, auditoriams ir teisiniams patar\u0117jams, draudimo bendrov\u0117ms, analitikos paslaug\u0173 teik\u0117jams, suk\u010diavimo aptikimo ir prevencijos paslaug\u0173 teik\u0117jams, svetain\u0117s lankytoj\u0173 autenti\u0161kumo nustatymo paslaug\u0173 teik\u0117jams, apklaus\u0173 paslaug\u0173 teik\u0117jams, archyvavimo paslaug\u0173 teik\u0117jams, informacijos perdavimo ir ry\u0161i\u0173 paslaug\u0173 teik\u0117jams, transliacijos paslaug\u0173 tarpininkams, prane\u0161im\u0173 apie pa\u017eeidimus platformos operatoriams.<br \/>\n6.3. Jei duomenis tvarkantis \u201eOlyBOOST\u201c partneris \u012fsik\u016br\u0119s ne Europos S\u0105jungoje, perduodant asmens duomenis turi b\u016bti taikomos \u0161ios apsaugos priemon\u0117s: u\u017etikrinamas <a href=\"https:\/\/commission.europa.eu\/law\/law-topic\/data-protection\/international-dimension-data-protection\/adequacy-decisions_en\" target=\"_blank\" rel=\"noopener\">tinkamas duomen\u0173 apsaugos lygis<\/a> duomenis priiman\u010dioje \u0161alyje pagal Europos Komisijos sprendim\u0105 arba bendradarbiavimo sutartyje turi b\u016bti \u012ftrauktos Europos Komisijos parengtos <a href=\"https:\/\/commission.europa.eu\/law\/law-topic\/data-protection\/international-dimension-data-protection\/standard-contractual-clauses-scc_en\" target=\"_blank\" rel=\"noopener\">standartin\u0117s sutarties s\u0105lygos d\u0117l duomen\u0173 apsaugos<\/a> (daugiau informacijos rasite paspaud\u0119 atitinkam\u0105 nuorod\u0105).<br \/>\n6.4. Bendras asmens duomen\u0173 valdytojas yra \u012fmon\u0117 \u201eKungla Investeeringu Osa\u00fching\u201c (\u012fsik\u016brusi adresu Pronksi g. 19, 10124 Talinas, Estija, +3726671250, <a href=\"mailto:estonia@oc.eu\">estonia@oc.eu<\/a>), kuri priklauso tai pa\u010diai \u012fmoni\u0173 grupei kaip ir \u201eOlyBOOST\u201c. Su ja \u201eOlyBOOST\u201c tvarko asmens duomenis rinkodaros paslaug\u0173 \/ produkt\u0173, internetin\u0117s svetain\u0117s analitikos ir \u201eOlyBOOST\u201c i\u0161tekli\u0173 valdymo tikslais. \u0160iuo klausimu \u0161alys yra sudariusios susitarim\u0105, kuris leid\u017eia joms dalytis asmenine informacija \u012fgyvendindamos \u0161iame Privatumo prane\u0161ime numatytus tikslus.<\/p>\n<p>7. <strong>Asmens duomen\u0173 saugojimo terminai<\/strong><\/p>\n<p>7.1. Internetin\u0117s svetain\u0117s asmens duomenys saugomi tol, kol \u012fgyvendinami duomen\u0173 tvarkymo tikslai arba \u012fvykdomi teis\u0117s aktuose numatyti \u012fsipareigojimai.<br \/>7.2. Apsilankymo internetin\u0117je svetain\u0117je duomenys saugomi laikantis Prane\u0161ime apie slapukus nurodyt\u0173 saugojimo termin\u0173. Jie priklauso nuo naudojam\u0173 slapuk\u0173 r\u016b\u0161ies.<br \/>7.3. Teis\u0117to intereso pagrindu surinkti asmens duomenys saugomi tol, kol jie yra reikalingi j\u0173 surinkimo tikslais.<\/p>\n\t\t\t\t\t\t\t\t<\/div>\n\t\t\t\t<\/div>\n\t\t\t\t\t<\/div>\n\t\t\t\t<\/div>\n\t\t\t\t<\/div>\n\t\t","protected":false},"excerpt":{"rendered":"<p>Privatumo politika Galioja nuo 2025 m. gegu\u017e\u0117s 27 d. 1. Bendrosios nuostatos 1.1. \u0160iame prane\u0161ime nurodyta, kaip internetin\u0117je svetain\u0117je tvarkomi jos lankytoj\u0173 asmens duomenys ir apra\u0161ytos lankytoj\u0173 teis\u0117s, susijusios su asmens duomen\u0173 tvarkymu. 1.2. Duomen\u0173 valdytojas yra \u201eOB Holding 1\u201c O\u00dc (toliau \u2013 \u201eOlyBOOST\u201c), \u012fmon\u0117s kodas 14975047, adresas Pronksi g. 19, 10124 Talinas, Estija, tel. [&hellip;]<\/p>\n","protected":false},"author":2,"featured_media":0,"parent":0,"menu_order":0,"comment_status":"closed","ping_status":"open","template":"elementor_header_footer","meta":{"footnotes":""},"class_list":["post-1613","page","type-page","status-publish","hentry"],"yoast_head":"<!-- This site is optimized with the Yoast SEO plugin v27.4 - https:\/\/yoast.com\/product\/yoast-seo-wordpress\/ -->\n<title>Privatumo politika - OlyBoost<\/title>\n<meta name=\"robots\" content=\"index, follow, max-snippet:-1, max-image-preview:large, max-video-preview:-1\" \/>\n<link rel=\"canonical\" href=\"https:\/\/olyboost.eu\/lt\/privatumo-politika\/\" \/>\n<meta property=\"og:locale\" content=\"lt_LT\" \/>\n<meta property=\"og:type\" content=\"article\" \/>\n<meta property=\"og:title\" content=\"Privatumo politika - OlyBoost\" \/>\n<meta property=\"og:description\" content=\"Privatumo politika Galioja nuo 2025 m. gegu\u017e\u0117s 27 d. 1. Bendrosios nuostatos 1.1. \u0160iame prane\u0161ime nurodyta, kaip internetin\u0117je svetain\u0117je tvarkomi jos lankytoj\u0173 asmens duomenys ir apra\u0161ytos lankytoj\u0173 teis\u0117s, susijusios su asmens duomen\u0173 tvarkymu. 1.2. Duomen\u0173 valdytojas yra \u201eOB Holding 1\u201c O\u00dc (toliau \u2013 \u201eOlyBOOST\u201c), \u012fmon\u0117s kodas 14975047, adresas Pronksi g. 19, 10124 Talinas, Estija, tel. [&hellip;]\" \/>\n<meta property=\"og:url\" content=\"https:\/\/olyboost.eu\/lt\/privatumo-politika\/\" \/>\n<meta property=\"og:site_name\" content=\"OlyBoost\" \/>\n<meta property=\"article:modified_time\" content=\"2025-05-30T07:27:41+00:00\" \/>\n<meta name=\"twitter:card\" content=\"summary_large_image\" \/>\n<meta name=\"twitter:label1\" content=\"Est. reading time\" \/>\n\t<meta name=\"twitter:data1\" content=\"6 minut\u0117s\" \/>\n<script type=\"application\/ld+json\" class=\"yoast-schema-graph\">{\"@context\":\"https:\\\/\\\/schema.org\",\"@graph\":[{\"@type\":\"WebPage\",\"@id\":\"https:\\\/\\\/olyboost.eu\\\/lt\\\/privatumo-politika\\\/\",\"url\":\"https:\\\/\\\/olyboost.eu\\\/lt\\\/privatumo-politika\\\/\",\"name\":\"Privatumo politika - OlyBoost\",\"isPartOf\":{\"@id\":\"https:\\\/\\\/olyboost.eu\\\/lt\\\/#website\"},\"datePublished\":\"2024-04-02T04:00:25+00:00\",\"dateModified\":\"2025-05-30T07:27:41+00:00\",\"breadcrumb\":{\"@id\":\"https:\\\/\\\/olyboost.eu\\\/lt\\\/privatumo-politika\\\/#breadcrumb\"},\"inLanguage\":\"lt-LT\",\"potentialAction\":[{\"@type\":\"ReadAction\",\"target\":[\"https:\\\/\\\/olyboost.eu\\\/lt\\\/privatumo-politika\\\/\"]}]},{\"@type\":\"BreadcrumbList\",\"@id\":\"https:\\\/\\\/olyboost.eu\\\/lt\\\/privatumo-politika\\\/#breadcrumb\",\"itemListElement\":[{\"@type\":\"ListItem\",\"position\":1,\"name\":\"Home\",\"item\":\"https:\\\/\\\/olyboost.eu\\\/lt\\\/\"},{\"@type\":\"ListItem\",\"position\":2,\"name\":\"Privatumo politika\"}]},{\"@type\":\"WebSite\",\"@id\":\"https:\\\/\\\/olyboost.eu\\\/lt\\\/#website\",\"url\":\"https:\\\/\\\/olyboost.eu\\\/lt\\\/\",\"name\":\"OlyBoost\",\"description\":\"Your moments\",\"publisher\":{\"@id\":\"https:\\\/\\\/olyboost.eu\\\/lt\\\/#organization\"},\"potentialAction\":[{\"@type\":\"SearchAction\",\"target\":{\"@type\":\"EntryPoint\",\"urlTemplate\":\"https:\\\/\\\/olyboost.eu\\\/lt\\\/?s={search_term_string}\"},\"query-input\":{\"@type\":\"PropertyValueSpecification\",\"valueRequired\":true,\"valueName\":\"search_term_string\"}}],\"inLanguage\":\"lt-LT\"},{\"@type\":\"Organization\",\"@id\":\"https:\\\/\\\/olyboost.eu\\\/lt\\\/#organization\",\"name\":\"OlyBoost\",\"url\":\"https:\\\/\\\/olyboost.eu\\\/lt\\\/\",\"logo\":{\"@type\":\"ImageObject\",\"inLanguage\":\"lt-LT\",\"@id\":\"https:\\\/\\\/olyboost.eu\\\/lt\\\/#\\\/schema\\\/logo\\\/image\\\/\",\"url\":\"https:\\\/\\\/olyboost.eu\\\/wp-content\\\/uploads\\\/2024\\\/04\\\/olyboost-logo-new-1.png\",\"contentUrl\":\"https:\\\/\\\/olyboost.eu\\\/wp-content\\\/uploads\\\/2024\\\/04\\\/olyboost-logo-new-1.png\",\"width\":1100,\"height\":326,\"caption\":\"OlyBoost\"},\"image\":{\"@id\":\"https:\\\/\\\/olyboost.eu\\\/lt\\\/#\\\/schema\\\/logo\\\/image\\\/\"}}]}<\/script>\n<!-- \/ Yoast SEO plugin. -->","yoast_head_json":{"title":"Privatumo politika - OlyBoost","robots":{"index":"index","follow":"follow","max-snippet":"max-snippet:-1","max-image-preview":"max-image-preview:large","max-video-preview":"max-video-preview:-1"},"canonical":"https:\/\/olyboost.eu\/lt\/privatumo-politika\/","og_locale":"lt_LT","og_type":"article","og_title":"Privatumo politika - OlyBoost","og_description":"Privatumo politika Galioja nuo 2025 m. gegu\u017e\u0117s 27 d. 1. Bendrosios nuostatos 1.1. \u0160iame prane\u0161ime nurodyta, kaip internetin\u0117je svetain\u0117je tvarkomi jos lankytoj\u0173 asmens duomenys ir apra\u0161ytos lankytoj\u0173 teis\u0117s, susijusios su asmens duomen\u0173 tvarkymu. 1.2. Duomen\u0173 valdytojas yra \u201eOB Holding 1\u201c O\u00dc (toliau \u2013 \u201eOlyBOOST\u201c), \u012fmon\u0117s kodas 14975047, adresas Pronksi g. 19, 10124 Talinas, Estija, tel. [&hellip;]","og_url":"https:\/\/olyboost.eu\/lt\/privatumo-politika\/","og_site_name":"OlyBoost","article_modified_time":"2025-05-30T07:27:41+00:00","twitter_card":"summary_large_image","twitter_misc":{"Est. reading time":"6 minut\u0117s"},"schema":{"@context":"https:\/\/schema.org","@graph":[{"@type":"WebPage","@id":"https:\/\/olyboost.eu\/lt\/privatumo-politika\/","url":"https:\/\/olyboost.eu\/lt\/privatumo-politika\/","name":"Privatumo politika - OlyBoost","isPartOf":{"@id":"https:\/\/olyboost.eu\/lt\/#website"},"datePublished":"2024-04-02T04:00:25+00:00","dateModified":"2025-05-30T07:27:41+00:00","breadcrumb":{"@id":"https:\/\/olyboost.eu\/lt\/privatumo-politika\/#breadcrumb"},"inLanguage":"lt-LT","potentialAction":[{"@type":"ReadAction","target":["https:\/\/olyboost.eu\/lt\/privatumo-politika\/"]}]},{"@type":"BreadcrumbList","@id":"https:\/\/olyboost.eu\/lt\/privatumo-politika\/#breadcrumb","itemListElement":[{"@type":"ListItem","position":1,"name":"Home","item":"https:\/\/olyboost.eu\/lt\/"},{"@type":"ListItem","position":2,"name":"Privatumo politika"}]},{"@type":"WebSite","@id":"https:\/\/olyboost.eu\/lt\/#website","url":"https:\/\/olyboost.eu\/lt\/","name":"OlyBoost","description":"Your moments","publisher":{"@id":"https:\/\/olyboost.eu\/lt\/#organization"},"potentialAction":[{"@type":"SearchAction","target":{"@type":"EntryPoint","urlTemplate":"https:\/\/olyboost.eu\/lt\/?s={search_term_string}"},"query-input":{"@type":"PropertyValueSpecification","valueRequired":true,"valueName":"search_term_string"}}],"inLanguage":"lt-LT"},{"@type":"Organization","@id":"https:\/\/olyboost.eu\/lt\/#organization","name":"OlyBoost","url":"https:\/\/olyboost.eu\/lt\/","logo":{"@type":"ImageObject","inLanguage":"lt-LT","@id":"https:\/\/olyboost.eu\/lt\/#\/schema\/logo\/image\/","url":"https:\/\/olyboost.eu\/wp-content\/uploads\/2024\/04\/olyboost-logo-new-1.png","contentUrl":"https:\/\/olyboost.eu\/wp-content\/uploads\/2024\/04\/olyboost-logo-new-1.png","width":1100,"height":326,"caption":"OlyBoost"},"image":{"@id":"https:\/\/olyboost.eu\/lt\/#\/schema\/logo\/image\/"}}]}},"publishpress_future_action":{"enabled":false,"date":"2026-05-09 11:41:49","action":"change-status","newStatus":"draft","terms":[],"taxonomy":"translation_priority","extraData":[]},"publishpress_future_workflow_manual_trigger":{"enabledWorkflows":[]},"_links":{"self":[{"href":"https:\/\/olyboost.eu\/lt\/wp-json\/wp\/v2\/pages\/1613","targetHints":{"allow":["GET"]}}],"collection":[{"href":"https:\/\/olyboost.eu\/lt\/wp-json\/wp\/v2\/pages"}],"about":[{"href":"https:\/\/olyboost.eu\/lt\/wp-json\/wp\/v2\/types\/page"}],"author":[{"embeddable":true,"href":"https:\/\/olyboost.eu\/lt\/wp-json\/wp\/v2\/users\/2"}],"replies":[{"embeddable":true,"href":"https:\/\/olyboost.eu\/lt\/wp-json\/wp\/v2\/comments?post=1613"}],"version-history":[{"count":1,"href":"https:\/\/olyboost.eu\/lt\/wp-json\/wp\/v2\/pages\/1613\/revisions"}],"predecessor-version":[{"id":1614,"href":"https:\/\/olyboost.eu\/lt\/wp-json\/wp\/v2\/pages\/1613\/revisions\/1614"}],"wp:attachment":[{"href":"https:\/\/olyboost.eu\/lt\/wp-json\/wp\/v2\/media?parent=1613"}],"curies":[{"name":"wp","href":"https:\/\/api.w.org\/{rel}","templated":true}]}}