{"id":1616,"date":"2024-05-22T10:29:24","date_gmt":"2024-05-22T07:29:24","guid":{"rendered":"https:\/\/olyboost.eu\/taisykles-ir-salygos\/"},"modified":"2025-05-30T10:33:56","modified_gmt":"2025-05-30T07:33:56","slug":"taisykles-ir-salygos","status":"publish","type":"page","link":"https:\/\/olyboost.eu\/lt\/taisykles-ir-salygos\/","title":{"rendered":"Taisykl\u0117s ir S\u0105lygos"},"content":{"rendered":"\t\t<div data-elementor-type=\"wp-page\" data-elementor-id=\"1616\" class=\"elementor elementor-1616 elementor-375\" data-elementor-post-type=\"page\">\n\t\t\t\t<div data-particle_enable=\"false\" data-particle-mobile-disabled=\"false\" class=\"elementor-element elementor-element-2882f83 e-flex e-con-boxed e-con e-parent\" data-id=\"2882f83\" data-element_type=\"container\" data-e-type=\"container\" data-settings=\"{&quot;background_background&quot;:&quot;classic&quot;}\">\n\t\t\t\t\t<div class=\"e-con-inner\">\n\t\t\t\t<div class=\"elementor-element elementor-element-5523caa elementor-widget elementor-widget-heading\" data-id=\"5523caa\" data-element_type=\"widget\" data-e-type=\"widget\" data-widget_type=\"heading.default\">\n\t\t\t\t<div class=\"elementor-widget-container\">\n\t\t\t\t\t<h2 class=\"elementor-heading-title elementor-size-default\">Taisykl\u0117s ir s\u0105lygos<\/h2>\t\t\t\t<\/div>\n\t\t\t\t<\/div>\n\t\t\t\t<div class=\"elementor-element elementor-element-3685489 elementor-widget elementor-widget-text-editor\" data-id=\"3685489\" data-element_type=\"widget\" data-e-type=\"widget\" data-widget_type=\"text-editor.default\">\n\t\t\t\t<div class=\"elementor-widget-container\">\n\t\t\t\t\t\t\t\t\t<p style=\"text-align: right;\"><strong>Galioja nuo 2024 m. rugs\u0117jo 10 d.<\/strong><\/p>\n<p>1. Internetin\u0117s svetain\u0117s <a href=\"https:\/\/olyboost.eu\/lt\/\">www.olyboost.eu<\/a> (<strong>toliau \u2013 Svetain\u0117<\/strong>) valdytojas yra \u012fmon\u0117 \u201eKungla Investeeringu Osa\u00fching\u201c, \u012fmon\u0117s kodas 10103126, registruotos buvein\u0117s adresas Pronksi 19, 10124 Talinas, Estija (toliau \u2013 <strong>\u012emon\u0117<\/strong> arba <strong>mes<\/strong>).<\/p>\n<p>2. Lankydamiesi \u0161ioje Svetain\u0117je, j\u016bs sutinkate su \u0161iomis internetin\u0117s svetain\u0117s naudojimo s\u0105lygomis ir patvirtinate, kad esate susipa\u017ein\u0119 su Privatumo prane\u0161ime bei Slapuk\u0173 politikoje pateikta informacija d\u0117l asmens duomen\u0173 naudojimo lankantis \u0161ioje internetin\u0117je svetain\u0117je, taip pat patvirtinate, kad esate ne jaunesni nei 18 met\u0173 am\u017eiaus. Jei nesutinkate su \u0161iomis internetin\u0117s svetain\u0117s naudojimo s\u0105lygomis arba esate jaunesni nei 18 met\u0173 am\u017eiaus, pra\u0161ome palikti Svetain\u0119.<\/p>\n<p>Grie\u017etai draud\u017eiama:<br \/>\u2022 naudoti Svetain\u0119 tokiais b\u016bdais, kurie gal\u0117t\u0173 j\u0105 sugadinti ar i\u0161jungti, apsunkinti ar sutrikdyti jos darb\u0105;<br \/>\u2022 m\u0117ginti patekti \u012f kuri\u0105 nors Svetain\u0117s dal\u012f, su Svetaine susijusias sistemas ar tinklus;<br \/>\u2022 naudoti Svetain\u0119 neteis\u0117tais tikslais.<\/p>\n<p>3. <strong>Intelektin\u0117 nuosavyb\u0117<\/strong>. Svetain\u0117s turin\u012f, strukt\u016br\u0105, grafik\u0105, dizain\u0105, sud\u0117t\u012f ir kitus su ja susijusius dalykus saugo galiojantys Estijos, Europos S\u0105jungos ir tarptautiniai autori\u0173 teisi\u0173, preki\u0173 \u017eenkl\u0173 ir intelektin\u0117s nuosavyb\u0117s \u012fstatymai. \u201eOlyBOOST\u201c, m\u016bs\u0173 logotipai ir kiti \u017eenklai yra \u012emon\u0117s arba su ja susijusi\u0173 grup\u0117s \u012fmoni\u0173 preki\u0173 \u017eenklai arba registruoti preki\u0173 \u017eenklai (toliau \u2013 <strong>Preki\u0173 \u017eenklai<\/strong>). Mums i\u0161imtine nuosavyb\u0117s teise priklauso arba mes turime teis\u0119 naudotis visomis teis\u0117mis, nuosavyb\u0117s teis\u0117mis ir interesais \u012f visus Preki\u0173 \u017eenklus, dokumentus, programin\u0119 \u012frang\u0105, turin\u012f, grafik\u0105, dizain\u0105, duomenis, kompiuterinius kodus, id\u0117jas, praktin\u0119 patirt\u012f, vartotojo s\u0105sajas, sud\u0117tis, magnetines konversijas, skaitmenines konversijas ir kit\u0105 Svetain\u0117je esan\u010di\u0105 ar su ja susijusi\u0105 med\u017eiag\u0105, taip pat \u012f visas jos modifikacijas ir i\u0161vestinius k\u016brinius bei visas su tuo susijusias intelektin\u0117s nuosavyb\u0117s teises (toliau \u2013 Intelektin\u0117 nuosavyb\u0117). Informacijos ar med\u017eiagos paskelbimas Svetain\u0117je n\u0117ra teisi\u0173 \u012f koki\u0105 nors intelektin\u0119 nuosavyb\u0119, toki\u0105 informacij\u0105 ir med\u017eiag\u0105 atsisakymas. J\u016bs negalite gin\u010dyti, sk\u0173sti ar kaip nors kitaip riboti \u012emon\u0117s nuosavyb\u0117s teisi\u0173 \u012f Svetain\u0119 bei jos turin\u012f, \u012emon\u0117s teisi\u0173 \u012f intelektin\u0119 nuosavyb\u0119 galiojimo ar \u012fgyvendinamumo. Mes pasiliekame teis\u0119 bet kuriuo metu savo nuo\u017ei\u016bra, be i\u0161ankstinio \u012fsp\u0117jimo pakeisti arba pa\u0161alinti bet koki\u0105 Svetain\u0117je esan\u010di\u0105 informacij\u0105 ar kit\u0105 turin\u012f. Nei viena \u0161i\u0173 Internetin\u0117s svetain\u0117s naudojimo s\u0105lyg\u0173 nuostata negali b\u016bti ai\u0161kinama kaip netiesiogiai ar kaip nors kitaip suteikianti naudotojui nuosavyb\u0117s teis\u0119 \u012f intelektin\u0119 nuosavyb\u0119 ar kitas \u012emon\u0117s ar tre\u010diosios \u0161alies autori\u0173 teises, preki\u0173 \u017eenklus, patentus ar kitas intelektin\u0117s nuosavyb\u0117s teises. Vadovaudamasi \u0161iomis Internetin\u0117s svetain\u0117s naudojimo s\u0105lygomis, \u012emon\u0117 suteikia jums ribot\u0105, nemokam\u0105, nei\u0161imtin\u0119, at\u0161aukiam\u0105, panaikinam\u0105, nutraukiam\u0105, asmenin\u0119 licencij\u0105 naudoti Intelektin\u0119 nuosavyb\u0119 tik j\u016bs\u0173 asmeniniais, nekomerciniais tikslais. Be i\u0161ankstinio ra\u0161ti\u0161ko \u012emon\u0117s leidimo, kurio mes savo nuo\u017ei\u016bra ir sprendimu galime nesuteikti, si\u0173stis, platinti, kopijuoti, perspausdinti, skelbti ar perduoti Svetain\u0117s med\u017eiag\u0105 kokia nors forma ar priemon\u0117mis yra draud\u017eiama.<\/p>\n<p>4. <strong>Tikslas ir produktas<\/strong>. \u012emon\u0117 platina ir parduoda energin\u012f g\u0117rim\u0105 \u201eOlyBOOST\u201c (toliau \u2013 Produktas). \u0160i svetain\u0117 skirta skelbti informacij\u0105 apie Produkt\u0105 ir prekiauti Produktu. Svetain\u0117je skelbiamas turinys apie Produkt\u0105 yra tik informacinio pob\u016bd\u017eio, o turinys n\u0117ra skirtas nepilname\u010diams.<\/p>\n<p>5. <strong>Informacijos tikslumas<\/strong>. Mes dedame visas \u012fmanomas pastangas, kad Svetain\u0117je b\u016bt\u0173 pateikta tiksli ir atnaujinta informacija, ta\u010diau, kiek tai leid\u017eia \u012fstatymai, nesuteikiame joki\u0173 garantij\u0173 ar patvirtinim\u0173 d\u0117l \u0161ios informacijos tikslumo, teisingumo, patikimumo ar kit\u0173 aspekt\u0173 ir neprisiimame jokios atsakomyb\u0117s u\u017e Svetain\u0117je esan\u010dios informacijos tr\u016bkumus ar klaidas (\u012fskaitant, be kita ko, spausdinimo ir technines klaidas).<\/p>\n<p>6. <strong>Garantija<\/strong>. \u012emon\u0117 garantuoja, kad Produktas atitinka vis\u0173 su maisto sauga susijusi\u0173 standart\u0173 ir reglament\u0173 bei energiniams g\u0117rimams taikom\u0173 reglament\u0173 nuostatas, ta\u010diau joki\u0173 asmen\u0173, kurie perka ar kitaip \u012fsigyja produkt\u0105, at\u017evilgiu neprisiima atsakomyb\u0117s d\u0117l produkto tinkamumo parduoti, tinkamumo konkre\u010diam tikslui ar koki\u0173 nors kit\u0173 numanom\u0173 garantij\u0173.<\/p>\n<p>7. <strong>Atsakomyb\u0117s ribojimas<\/strong>. Kiek leid\u017eia galiojantys teis\u0117s aktai, \u012emon\u0117 neatsako u\u017e joki\u0105 tiesiogin\u0119 ar netiesiogin\u0119 \u017eal\u0105, nepriklausomai nuo to, ar j\u0105 buvo galima numatyti ar ne, kuri kokiu nors b\u016bdu yra susijusi su \u0161iomis Internetin\u0117s svetain\u0117s naudojimo s\u0105lygomis, \u0161i\u0105 Svetain\u0119 veikian\u010diais virusais, Svetain\u0117s naudojimu ar negal\u0117jimu jos naudoti, naudojant Svetain\u0119 gautais rezultatais, prarastu presti\u017eu, pelnu ar kokiomis nors verslo galimyb\u0117mis, ir (arba) kokiomis kitokiomis prie\u017eastimis, net jei apie tokios \u017ealos ar nuostoli\u0173 galimyb\u0119 buvo prane\u0161ta i\u0161 anksto. Nepa\u017eeid\u017eiant \u0161iose s\u0105lygose esan\u010di\u0173 prie\u0161taraujan\u010di\u0173 nuostat\u0173, kiek tai leid\u017eia galiojantys \u012fstatymai, bendra \u012emon\u0117s atsakomyb\u0117 jums, nepriklausomai nuo prie\u017easties ir ie\u0161kinio formos, visada ribojama suma, kuri\u0105 j\u016bs sumok\u0117jote (jei mok\u0117jote) \u012emonei per \u0161e\u0161is (6) m\u0117nesius iki \u012fvyki\u0173, d\u0117l kuri\u0173 buvo pateikta j\u016bs\u0173 pretenzija.<\/p>\n<p>8. <strong>\u017dalos atlyginimas<\/strong>. I\u0161skyrus atvejus, kai tai draud\u017eiama pagal galiojan\u010dius \u012fstatymus, j\u016bs \u012fsipareigojate apsaugoti mus, m\u016bs\u0173 dukterines, pagrindines \u012fmones, filialus, pareig\u016bnus, direktorius, akcininkus, teisinius atstovus, agentus ir kitus partnerius bei darbuotojus nuo nuostoli\u0173, atsakomyb\u0117s, \u017ealos ar i\u0161laid\u0173, susijusi\u0173 su visomis pretenzijomis, ie\u0161kiniais ir teismo procesais, nepriklausomai nuo to, ar jie yra nepagr\u012fsti, ar ne, ir nuo vis\u0173 pretenzij\u0173, \u012fsipareigojim\u0173, sprendim\u0173, nuostoli\u0173, \u017ealos, i\u0161laid\u0173, mokes\u010di\u0173, honorar\u0173 advokatams ir kit\u0173 kokio nors pob\u016bd\u017eio ir kilm\u0117s i\u0161laid\u0173, susijusi\u0173 su (i) j\u016bs\u0173 naudojimusi Svetaine; (ii) j\u016bs\u0173 padarytu \u0161i\u0173 internetin\u0117s svetain\u0117s naudojimo s\u0105lyg\u0173 pa\u017eeidimu ar tariamu pa\u017eeidimu ir (arba) bet kokiu \u0161iose internetin\u0117s svetain\u0117s naudojimo s\u0105lygose esan\u010di\u0173 parei\u0161kim\u0173 ir garantij\u0173 pa\u017eeidimu ar tariamu pa\u017eeidimu (iii) j\u016bs\u0173 dalyvavimu bet kuriame \u201eOlyBOOST\u201c prek\u0117s \u017eenklu pa\u017eym\u0117tame ne internetiniame renginyje.<\/p>\n<p>9. <strong>Taikoma teis\u0117 ir jurisdikcija<\/strong>. \u0160ioms internetin\u0117s svetain\u0117s naudojimo s\u0105lygoms taikomi Estijos Respublikos \u012fstatymai, neatsi\u017evelgiant \u012f \u012fstatym\u0173 kolizijos principus. Visi su \u0161iomis internetin\u0117s svetain\u0117s naudojimo s\u0105lygomis susij\u0119 teisiniai skundai turi b\u016bti teikiami vartotoj\u0173 teisi\u0173 apsaugos institucijai. Tais atvejais, kai gin\u010do i\u0161spr\u0119sti nepavyksta, jis turi b\u016bti perduotas Harju apygardos teismui Taline (Estija) ir nagrin\u0117jamas pagal Estijos Respublikoje galiojan\u010dius civilinio proceso \u012fstatymus.<\/p>\n<p>10. <strong>Galutin\u0117s nuostatos<\/strong>. Paai\u0161k\u0117jus, kad kuri nors \u0161i\u0173 internetin\u0117s svetain\u0117s naudojimo s\u0105lyg\u0173 nuostata yra neteis\u0117ta, negaliojanti ar d\u0117l kokios nors prie\u017easties ne\u012fgyvendinama, tokia nuostata atsiejama nuo \u0161i\u0173 s\u0105lyg\u0173 ir neturi \u012ftakos likusi\u0173 nuostat\u0173 galiojimui ir \u012fgyvendinimui. Jeigu mes nevykdome kurios nors \u0161i\u0173 internetin\u0117s svetain\u0117s naudojimo s\u0105lyg\u0173 nuostatos, tai nerei\u0161kia, kad mes jos atsisakome, ir nesuteikia teis\u0117s reikalauti toki\u0105 nuostat\u0105 vykdyti. \u0160ios internetin\u0117s svetain\u0117s naudojimo s\u0105lygos nesukuria jokios j\u016bs\u0173 ir m\u016bs\u0173 partneryst\u0117s, bendros \u012fmon\u0117s, darbdavio ir darbuotojo, agent\u016bros ar fran\u0161iz\u0117s dav\u0117jo ir fran\u0161iz\u0117s gav\u0117jo santyki\u0173. Be ai\u0161kaus i\u0161ankstinio ra\u0161ti\u0161ko m\u016bs\u0173 sutikimo j\u016bs negalite perleisti, perduoti ar sublicencijuoti joki\u0173 teisi\u0173 ar \u012fsipareigojim\u0173 pagal \u0161ias s\u0105lygas. Mes galime perleisti, perduoti ar sublicencijuoti visas savo teises ar \u012fsipareigojimus pagal \u0161ias s\u0105lygas be joki\u0173 apribojim\u0173. Visos dokumente esan\u010dios antra\u0161t\u0117s, dali\u0173 ar skyri\u0173 pavadinimai pateikti tik patogumo sumetimais ir jokiais b\u016bdais neapibr\u0117\u017eia ir nepaai\u0161kina joki\u0173 skyri\u0173 ar nuostat\u0173. Atitinkamais atvejais ir jei nenurodyta kitaip, visi vienaskaitos forma panaudoti terminai turi toki\u0105 pat reik\u0161m\u0119, kaip ir daugiskaitos forma. \u017dodis \u201e\u012fskaitant\u201c arba jo variantai \u0161iose internetin\u0117s svetain\u0117s naudojimo s\u0105lygose rei\u0161kia t\u0105 pat\u012f kaip ir fraz\u0117 \u201e\u012fskaitant, bet neapsiribojant\u201c. \u0160ios s\u0105lygos, \u012fskaitant visas \u012f jas \u012ftrauktas s\u0105lygas, sudaro vis\u0105 j\u016bs\u0173 ir m\u016bs\u0173 susitarim\u0105, susijus\u012f su \u0161i\u0173 s\u0105lyg\u0173 dalyku, ir pakei\u010dia visus ankstesnius ar vienalaikius ra\u0161ti\u0161kus ar \u017eodinius su min\u0117tuoju dalyku susijusius susitarimus. Mes neprisiimame atsakomyb\u0117s u\u017e jok\u012f \u012fsipareigojim\u0173 nevykdym\u0105, jei tai \u012fvyksta d\u0117l prie\u017eas\u010di\u0173, kuri\u0173 mes negalime kontroliuoti.<\/p>\n\t\t\t\t\t\t\t\t<\/div>\n\t\t\t\t<\/div>\n\t\t\t\t\t<\/div>\n\t\t\t\t<\/div>\n\t\t\t\t<\/div>\n\t\t","protected":false},"excerpt":{"rendered":"<p>Taisykl\u0117s ir s\u0105lygos Galioja nuo 2024 m. rugs\u0117jo 10 d. 1. Internetin\u0117s svetain\u0117s www.olyboost.eu (toliau \u2013 Svetain\u0117) valdytojas yra \u012fmon\u0117 \u201eKungla Investeeringu Osa\u00fching\u201c, \u012fmon\u0117s kodas 10103126, registruotos buvein\u0117s adresas Pronksi 19, 10124 Talinas, Estija (toliau \u2013 \u012emon\u0117 arba mes). 2. Lankydamiesi \u0161ioje Svetain\u0117je, j\u016bs sutinkate su \u0161iomis internetin\u0117s svetain\u0117s naudojimo s\u0105lygomis ir patvirtinate, kad esate [&hellip;]<\/p>\n","protected":false},"author":2,"featured_media":0,"parent":0,"menu_order":0,"comment_status":"closed","ping_status":"closed","template":"elementor_header_footer","meta":{"footnotes":""},"class_list":["post-1616","page","type-page","status-publish","hentry"],"yoast_head":"<!-- This site is optimized with the Yoast SEO plugin v27.5 - https:\/\/yoast.com\/product\/yoast-seo-wordpress\/ -->\n<title>Taisykl\u0117s ir S\u0105lygos - OlyBoost<\/title>\n<meta name=\"robots\" content=\"index, follow, max-snippet:-1, max-image-preview:large, max-video-preview:-1\" \/>\n<link rel=\"canonical\" href=\"https:\/\/olyboost.eu\/lt\/taisykles-ir-salygos\/\" \/>\n<meta property=\"og:locale\" content=\"lt_LT\" \/>\n<meta property=\"og:type\" content=\"article\" \/>\n<meta property=\"og:title\" content=\"Taisykl\u0117s ir S\u0105lygos - OlyBoost\" \/>\n<meta property=\"og:description\" content=\"Taisykl\u0117s ir s\u0105lygos Galioja nuo 2024 m. rugs\u0117jo 10 d. 1. Internetin\u0117s svetain\u0117s www.olyboost.eu (toliau \u2013 Svetain\u0117) valdytojas yra \u012fmon\u0117 \u201eKungla Investeeringu Osa\u00fching\u201c, \u012fmon\u0117s kodas 10103126, registruotos buvein\u0117s adresas Pronksi 19, 10124 Talinas, Estija (toliau \u2013 \u012emon\u0117 arba mes). 2. Lankydamiesi \u0161ioje Svetain\u0117je, j\u016bs sutinkate su \u0161iomis internetin\u0117s svetain\u0117s naudojimo s\u0105lygomis ir patvirtinate, kad esate [&hellip;]\" \/>\n<meta property=\"og:url\" content=\"https:\/\/olyboost.eu\/lt\/taisykles-ir-salygos\/\" \/>\n<meta property=\"og:site_name\" content=\"OlyBoost\" \/>\n<meta property=\"article:modified_time\" content=\"2025-05-30T07:33:56+00:00\" \/>\n<meta name=\"twitter:card\" content=\"summary_large_image\" \/>\n<meta name=\"twitter:label1\" content=\"Est. reading time\" \/>\n\t<meta name=\"twitter:data1\" content=\"7 minut\u0117s\" \/>\n<script type=\"application\/ld+json\" class=\"yoast-schema-graph\">{\"@context\":\"https:\\\/\\\/schema.org\",\"@graph\":[{\"@type\":\"WebPage\",\"@id\":\"https:\\\/\\\/olyboost.eu\\\/lt\\\/taisykles-ir-salygos\\\/\",\"url\":\"https:\\\/\\\/olyboost.eu\\\/lt\\\/taisykles-ir-salygos\\\/\",\"name\":\"Taisykl\u0117s ir S\u0105lygos - OlyBoost\",\"isPartOf\":{\"@id\":\"https:\\\/\\\/olyboost.eu\\\/lt\\\/#website\"},\"datePublished\":\"2024-05-22T07:29:24+00:00\",\"dateModified\":\"2025-05-30T07:33:56+00:00\",\"breadcrumb\":{\"@id\":\"https:\\\/\\\/olyboost.eu\\\/lt\\\/taisykles-ir-salygos\\\/#breadcrumb\"},\"inLanguage\":\"lt-LT\",\"potentialAction\":[{\"@type\":\"ReadAction\",\"target\":[\"https:\\\/\\\/olyboost.eu\\\/lt\\\/taisykles-ir-salygos\\\/\"]}]},{\"@type\":\"BreadcrumbList\",\"@id\":\"https:\\\/\\\/olyboost.eu\\\/lt\\\/taisykles-ir-salygos\\\/#breadcrumb\",\"itemListElement\":[{\"@type\":\"ListItem\",\"position\":1,\"name\":\"Home\",\"item\":\"https:\\\/\\\/olyboost.eu\\\/lt\\\/\"},{\"@type\":\"ListItem\",\"position\":2,\"name\":\"Taisykl\u0117s ir S\u0105lygos\"}]},{\"@type\":\"WebSite\",\"@id\":\"https:\\\/\\\/olyboost.eu\\\/lt\\\/#website\",\"url\":\"https:\\\/\\\/olyboost.eu\\\/lt\\\/\",\"name\":\"OlyBoost\",\"description\":\"Your moments\",\"publisher\":{\"@id\":\"https:\\\/\\\/olyboost.eu\\\/lt\\\/#organization\"},\"potentialAction\":[{\"@type\":\"SearchAction\",\"target\":{\"@type\":\"EntryPoint\",\"urlTemplate\":\"https:\\\/\\\/olyboost.eu\\\/lt\\\/?s={search_term_string}\"},\"query-input\":{\"@type\":\"PropertyValueSpecification\",\"valueRequired\":true,\"valueName\":\"search_term_string\"}}],\"inLanguage\":\"lt-LT\"},{\"@type\":\"Organization\",\"@id\":\"https:\\\/\\\/olyboost.eu\\\/lt\\\/#organization\",\"name\":\"OlyBoost\",\"url\":\"https:\\\/\\\/olyboost.eu\\\/lt\\\/\",\"logo\":{\"@type\":\"ImageObject\",\"inLanguage\":\"lt-LT\",\"@id\":\"https:\\\/\\\/olyboost.eu\\\/lt\\\/#\\\/schema\\\/logo\\\/image\\\/\",\"url\":\"https:\\\/\\\/olyboost.eu\\\/wp-content\\\/uploads\\\/2024\\\/04\\\/olyboost-logo-new-1.png\",\"contentUrl\":\"https:\\\/\\\/olyboost.eu\\\/wp-content\\\/uploads\\\/2024\\\/04\\\/olyboost-logo-new-1.png\",\"width\":1100,\"height\":326,\"caption\":\"OlyBoost\"},\"image\":{\"@id\":\"https:\\\/\\\/olyboost.eu\\\/lt\\\/#\\\/schema\\\/logo\\\/image\\\/\"}}]}<\/script>\n<!-- \/ Yoast SEO plugin. -->","yoast_head_json":{"title":"Taisykl\u0117s ir S\u0105lygos - OlyBoost","robots":{"index":"index","follow":"follow","max-snippet":"max-snippet:-1","max-image-preview":"max-image-preview:large","max-video-preview":"max-video-preview:-1"},"canonical":"https:\/\/olyboost.eu\/lt\/taisykles-ir-salygos\/","og_locale":"lt_LT","og_type":"article","og_title":"Taisykl\u0117s ir S\u0105lygos - OlyBoost","og_description":"Taisykl\u0117s ir s\u0105lygos Galioja nuo 2024 m. rugs\u0117jo 10 d. 1. Internetin\u0117s svetain\u0117s www.olyboost.eu (toliau \u2013 Svetain\u0117) valdytojas yra \u012fmon\u0117 \u201eKungla Investeeringu Osa\u00fching\u201c, \u012fmon\u0117s kodas 10103126, registruotos buvein\u0117s adresas Pronksi 19, 10124 Talinas, Estija (toliau \u2013 \u012emon\u0117 arba mes). 2. Lankydamiesi \u0161ioje Svetain\u0117je, j\u016bs sutinkate su \u0161iomis internetin\u0117s svetain\u0117s naudojimo s\u0105lygomis ir patvirtinate, kad esate [&hellip;]","og_url":"https:\/\/olyboost.eu\/lt\/taisykles-ir-salygos\/","og_site_name":"OlyBoost","article_modified_time":"2025-05-30T07:33:56+00:00","twitter_card":"summary_large_image","twitter_misc":{"Est. reading time":"7 minut\u0117s"},"schema":{"@context":"https:\/\/schema.org","@graph":[{"@type":"WebPage","@id":"https:\/\/olyboost.eu\/lt\/taisykles-ir-salygos\/","url":"https:\/\/olyboost.eu\/lt\/taisykles-ir-salygos\/","name":"Taisykl\u0117s ir S\u0105lygos - OlyBoost","isPartOf":{"@id":"https:\/\/olyboost.eu\/lt\/#website"},"datePublished":"2024-05-22T07:29:24+00:00","dateModified":"2025-05-30T07:33:56+00:00","breadcrumb":{"@id":"https:\/\/olyboost.eu\/lt\/taisykles-ir-salygos\/#breadcrumb"},"inLanguage":"lt-LT","potentialAction":[{"@type":"ReadAction","target":["https:\/\/olyboost.eu\/lt\/taisykles-ir-salygos\/"]}]},{"@type":"BreadcrumbList","@id":"https:\/\/olyboost.eu\/lt\/taisykles-ir-salygos\/#breadcrumb","itemListElement":[{"@type":"ListItem","position":1,"name":"Home","item":"https:\/\/olyboost.eu\/lt\/"},{"@type":"ListItem","position":2,"name":"Taisykl\u0117s ir S\u0105lygos"}]},{"@type":"WebSite","@id":"https:\/\/olyboost.eu\/lt\/#website","url":"https:\/\/olyboost.eu\/lt\/","name":"OlyBoost","description":"Your moments","publisher":{"@id":"https:\/\/olyboost.eu\/lt\/#organization"},"potentialAction":[{"@type":"SearchAction","target":{"@type":"EntryPoint","urlTemplate":"https:\/\/olyboost.eu\/lt\/?s={search_term_string}"},"query-input":{"@type":"PropertyValueSpecification","valueRequired":true,"valueName":"search_term_string"}}],"inLanguage":"lt-LT"},{"@type":"Organization","@id":"https:\/\/olyboost.eu\/lt\/#organization","name":"OlyBoost","url":"https:\/\/olyboost.eu\/lt\/","logo":{"@type":"ImageObject","inLanguage":"lt-LT","@id":"https:\/\/olyboost.eu\/lt\/#\/schema\/logo\/image\/","url":"https:\/\/olyboost.eu\/wp-content\/uploads\/2024\/04\/olyboost-logo-new-1.png","contentUrl":"https:\/\/olyboost.eu\/wp-content\/uploads\/2024\/04\/olyboost-logo-new-1.png","width":1100,"height":326,"caption":"OlyBoost"},"image":{"@id":"https:\/\/olyboost.eu\/lt\/#\/schema\/logo\/image\/"}}]}},"publishpress_future_action":{"enabled":false,"date":"2026-05-11 13:17:41","action":"change-status","newStatus":"draft","terms":[],"taxonomy":"translation_priority","extraData":[]},"publishpress_future_workflow_manual_trigger":{"enabledWorkflows":[]},"_links":{"self":[{"href":"https:\/\/olyboost.eu\/lt\/wp-json\/wp\/v2\/pages\/1616","targetHints":{"allow":["GET"]}}],"collection":[{"href":"https:\/\/olyboost.eu\/lt\/wp-json\/wp\/v2\/pages"}],"about":[{"href":"https:\/\/olyboost.eu\/lt\/wp-json\/wp\/v2\/types\/page"}],"author":[{"embeddable":true,"href":"https:\/\/olyboost.eu\/lt\/wp-json\/wp\/v2\/users\/2"}],"replies":[{"embeddable":true,"href":"https:\/\/olyboost.eu\/lt\/wp-json\/wp\/v2\/comments?post=1616"}],"version-history":[{"count":1,"href":"https:\/\/olyboost.eu\/lt\/wp-json\/wp\/v2\/pages\/1616\/revisions"}],"predecessor-version":[{"id":1617,"href":"https:\/\/olyboost.eu\/lt\/wp-json\/wp\/v2\/pages\/1616\/revisions\/1617"}],"wp:attachment":[{"href":"https:\/\/olyboost.eu\/lt\/wp-json\/wp\/v2\/media?parent=1616"}],"curies":[{"name":"wp","href":"https:\/\/api.w.org\/{rel}","templated":true}]}}