{"id":1605,"date":"2024-04-02T07:00:25","date_gmt":"2024-04-02T04:00:25","guid":{"rendered":"https:\/\/olyboost.eu\/privatuma-politika\/"},"modified":"2025-05-30T08:56:13","modified_gmt":"2025-05-30T05:56:13","slug":"privatuma-politika","status":"publish","type":"page","link":"https:\/\/olyboost.eu\/lv\/privatuma-politika\/","title":{"rendered":"Priv\u0101tuma politika"},"content":{"rendered":"\t\t<div data-elementor-type=\"wp-page\" data-elementor-id=\"1605\" class=\"elementor elementor-1605 elementor-3\" data-elementor-post-type=\"page\">\n\t\t\t\t<div data-particle_enable=\"false\" data-particle-mobile-disabled=\"false\" class=\"elementor-element elementor-element-4ad5b709 e-flex e-con-boxed e-con e-parent\" data-id=\"4ad5b709\" data-element_type=\"container\" data-e-type=\"container\" data-settings=\"{&quot;background_background&quot;:&quot;classic&quot;}\">\n\t\t\t\t\t<div class=\"e-con-inner\">\n\t\t\t\t<div class=\"elementor-element elementor-element-08dbf19 elementor-widget elementor-widget-heading\" data-id=\"08dbf19\" data-element_type=\"widget\" data-e-type=\"widget\" data-widget_type=\"heading.default\">\n\t\t\t\t<div class=\"elementor-widget-container\">\n\t\t\t\t\t<h2 class=\"elementor-heading-title elementor-size-default\">Priv\u0101tuma politika<\/h2>\t\t\t\t<\/div>\n\t\t\t\t<\/div>\n\t\t\t\t<div class=\"elementor-element elementor-element-d6fd040 elementor-widget elementor-widget-text-editor\" data-id=\"d6fd040\" data-element_type=\"widget\" data-e-type=\"widget\" data-widget_type=\"text-editor.default\">\n\t\t\t\t<div class=\"elementor-widget-container\">\n\t\t\t\t\t\t\t\t\t<p style=\"text-align: right;\"><strong>Sp\u0113k\u0101 no: 10.05.2025<\/strong><\/p>\n<p>1. <strong>Visp\u0101r\u012bgie noteikumi<\/strong><\/p>\n<p style=\"padding-left: 40px;\">1.1 \u0160is pazi\u0146ojums skaidro vietnes apmekl\u0113t\u0101ju personas datu apstr\u0101di \u0161aj\u0101 vietn\u0113, k\u0101 ar\u012b ties\u012bbas saist\u012bb\u0101 ar personas datu apstr\u0101di.<\/p>\n<p><\/p>\n<p style=\"padding-left: 40px;\">1.2 1.2. Datu p\u0101rzinis ir OB Holding 1 O\u00dc (turpm\u0101k \u2013 OlyBOOST), re\u0123istr\u0101cijas kods 14975047, adrese Pronksi 19, Tallina 10124, Igaunija, t\u0101lrunis +3726671250, e-pasts: <a href=\"mailto:estonia@oc.eu\">estonia@oc.eu<\/a>.<\/p>\n<p><\/p>\n<p style=\"padding-left: 40px;\">1.3 Olyboost.eu Datu aizsardz\u012bbas speci\u0101lista kontaktinform\u0101cija ir \u0161\u0101da: <a href=\"mailto:olybetestoniaDPO@olybet.com\">olybetestoniaDPO@olybet.com<\/a>, Pronksi 19, Tallina 10124.<\/p>\n<p><\/p>\n<p style=\"padding-left: 40px;\">1.4 OLYBET \u012bsteno atbilsto\u0161us tehniskos un organizatoriskos pas\u0101kumus, lai aizsarg\u0101tu personas datus no neat\u013cautas piek\u013cuves, nelikum\u012bgas izpau\u0161anas, nejau\u0161as zaud\u0113\u0161anas, izmai\u0146\u0101m, izn\u012bcin\u0101\u0161anas vai citas nelikum\u012bgas apstr\u0101des. M\u0113s ar\u012b piepras\u0101m no m\u016bsu sadarb\u012bbas partneriem, kuriem m\u0113s nododam personas datus saska\u0146\u0101 ar \u0161o Priv\u0101tuma pazi\u0146ojumu, \u012bstenot nepiecie\u0161amos organizatoriskos, fiziskos un IT dro\u0161\u012bbas pas\u0101kumus. Tom\u0113r l\u016bdzu \u0146emiet v\u0113r\u0101, ka, izmantojot visus tehniskos un organizatoriskos pas\u0101kumus personas datu aizsardz\u012bbai, joproj\u0101m past\u0101v da\u017ei riski, piem\u0113ram, kiberuzbrukums, elektr\u012bbas zudums, programmat\u016bras k\u013c\u016bda vai \u013caunpr\u0101t\u012bgas darb\u012bbas no personas puses. Atkl\u0101jot \u0161\u0101du p\u0101rk\u0101pumu, m\u0113s veiksim visus sapr\u0101t\u012bgos so\u013cus, lai samazin\u0101tu un mazin\u0101tu risku m\u016bsu vietnes apmekl\u0113t\u0101jiem.<\/p>\n<p><\/p>\n<p style=\"padding-left: 40px;\">1.5 Noteikumi par personas datu apstr\u0101di var tikt iek\u013cauti ar\u012b l\u012bgumos starp vietnes apmekl\u0113t\u0101ju un OlyBet, piem\u0113ram, Lieto\u0161anas noteikumos. \u0160\u0101d\u0101 gad\u012bjum\u0101, ja rodas noteikumu pretrunas, piem\u0113rojami b\u016bs Lieto\u0161anas noteikumos vieno\u0161an\u0101s ietvertie noteikumi.<\/p>\n<p><\/p>\n<p style=\"padding-left: 40px;\">1.6 Ja OlyBet veiks izmai\u0146as personas datu apstr\u0101des pazi\u0146ojum\u0101, t\u0101 public\u0113s atjaunin\u0101to versiju sav\u0101 vietn\u0113 <a href=\"https:\/\/olyboost.eu\/lv\/\">www.olyboost.eu<\/a>.<\/p>\n<p>2. <strong>Vietnes apmekl\u0113t\u0101ja ties\u012bbas saist\u012bb\u0101 ar savu personas datu apstr\u0101di<\/strong><\/p>\n<p style=\"padding-left: 40px;\">2.1. Vietnes apmekl\u0113t\u0101jam ir ties\u012bbas sa\u0146emt inform\u0101ciju par to, vai OlyBOOST apstr\u0101d\u0101 vi\u0146a personas datus, un, ja t\u0101 ir, sa\u0146emt \u0161o datu kopiju.<br \/>\n2.2. Vietnes apmekl\u0113t\u0101jam ir ties\u012bbas piepras\u012bt vi\u0146a personas datu neprecizit\u0101\u0161u labo\u0161anu.<br \/>\n2.3. Vietnes apmekl\u0113t\u0101jam ir ties\u012bbas jebkur\u0101 laik\u0101 atsaukt savu piekri\u0161anu personas datu apstr\u0101dei (piem\u0113ram, piekri\u0161anu tie\u0161ajam m\u0101rketingam), ja apstr\u0101de tiek veikta uz piekri\u0161anas pamata. Piekri\u0161anas atsauk\u0161ana neietekm\u0113 t\u0101s apstr\u0101des likum\u012bbu, kas notika pirms piekri\u0161anas atsauk\u0161anas.<\/p>\n<p><\/p>\n<p style=\"padding-left: 40px;\">2.4. Vietnes apmekl\u0113t\u0101jam ir ties\u012bbas piepras\u012bt savu personas datu dz\u0113\u0161anu. OlyBOOST var dz\u0113st datus, kas tiek apstr\u0101d\u0101ti uz piekri\u0161anas vai le\u0123it\u012bmo intere\u0161u pamata, ja OlyBOOST intereses nav svar\u012bg\u0101kas par vietnes apmekl\u0113t\u0101ja interes\u0113m. Ties\u012bbas uz datu dz\u0113\u0161anu neattiecas uz datiem, kas tiek apstr\u0101d\u0101ti, lai izpild\u012btu juridiskas vai l\u012bgumiskas saist\u012bbas, kam\u0113r \u0161\u012bs saist\u012bbas ir sp\u0113k\u0101.<\/p>\n<p><\/p>\n<p style=\"padding-left: 40px;\">2.5. Vietnes apmekl\u0113t\u0101jam ir ties\u012bbas iebilst pret savu personas datu apstr\u0101di (\u012bpa\u0161i, ja t\u0101 balst\u012bta uz le\u0123it\u012bm\u0101m interes\u0113m) un, ja tas ir pamatoti, piepras\u012bt savu datu apstr\u0101des ierobe\u017eo\u0161anu.<\/p>\n<p><\/p>\n<p style=\"padding-left: 40px;\">2.6. Vietnes apmekl\u0113t\u0101jam ir ties\u012bbas sa\u0146emt savus personas datus, kurus vi\u0146\u0161 ir iesniedzis, pamatojoties uz piekri\u0161anu vai l\u012bguma izpildi, struktur\u0113t\u0101 un ma\u0161\u012bnlas\u0101m\u0101 form\u0101t\u0101 (ja tas ir tehniski iesp\u0113jams), lai tos p\u0101rs\u016bt\u012btu citam uz\u0146\u0113mumam.<\/p>\n<p><\/p>\n<p style=\"padding-left: 40px;\">2.7. Vietnes apmekl\u0113t\u0101jam ir ties\u012bbas iesniegt s\u016bdz\u012bbu par personas datu apstr\u0101di Igaunijas Datu aizsardz\u012bbas inspekcijai, rakstot uz e-pastu info@aki.ee vai kl\u0101tien\u0113, Tatari iel\u0101 39, Tallin\u0101.<\/p>\n<p>3. <strong>Apstr\u0101d\u0101tie personas dati un to avoti<\/strong><\/p>\n<p style=\"padding-left: 40px;\">3.1. OlyBOOST apstr\u0101d\u0101 \u0161\u0101dus vietnes apmekl\u0113t\u0101ju personas datus:<br \/>\n3.1.1. Vietnes apmekl\u0113juma dati: IP adrese (tostarp atra\u0161an\u0101s vieta, kas noteikta p\u0113c IP adreses), interneta pakalpojumu sniedz\u0113js, atsauces URL (referrer), datums, laiks, piek\u013cuves mar\u0137ieris (access token), sesijas atsl\u0113ga, t\u012bmek\u013ca p\u0101rl\u016bkprogrammas tips un versija, oper\u0113t\u0101jsist\u0113ma, p\u0101rs\u016bt\u012bto datu apjoms un statuss, MAC adrese;<br \/>\n3.1.2. S\u012bkdat\u0146u dati: OlyBOOST sav\u0101s vietn\u0113s izmanto s\u012bkdatnes, lai optimiz\u0113tu viet\u0146u darb\u012bbu un to funkcijas. S\u012bkdatnes var v\u0101kt personas datus. Papildu inform\u0101ciju skatiet OlyBOOST S\u012bkdat\u0146u pazi\u0146ojum\u0101.<\/p>\n<p><\/p>\n<p style=\"padding-left: 40px;\">3.2. OlyBOOST neapstr\u0101d\u0101 \u012bpa\u0161as kategorijas personas datus, kas attiecas uz vietnes apmekl\u0113t\u0101ju (datus par rasu vai etnisko izcelsmi, reli\u0123isko vai filozofisko p\u0101rliec\u012bbu, dzimumdz\u012bvi, seksu\u0101lo orient\u0101ciju, politiskajiem uzskatiem, dal\u012bbu arodbiedr\u012bb\u0101s, inform\u0101ciju par vesel\u012bbu, k\u0101 ar\u012b \u0123en\u0113tiskos un biometriskos datus).<\/p>\n<p><\/p>\n<p style=\"padding-left: 40px;\">3.3. Atkar\u012bb\u0101 no apstr\u0101des m\u0113r\u0137a un rakstura, OlyBOOST v\u0101c personas datus par vietnes apmekl\u0113t\u0101ju no pa\u0161a vietnes apmekl\u0113t\u0101ja, vi\u0146a p\u0101rl\u016bkprogrammas ar s\u012bkdat\u0146u starpniec\u012bbu, k\u0101 ar\u012b no vietnes apmekl\u0113t\u0101ja interneta pakalpojumu sniedz\u0113ja.<\/p>\n<p>4. <strong>Personas datu apstr\u0101des tiesiskais pamats un m\u0113r\u0137i<\/strong><\/p>\n<p style=\"padding-left: 40px;\">4.1. Vietnes apmekl\u0113t\u0101ja personas datu apstr\u0101des tiesiskais pamats ir: l\u012bgumsaist\u012bbu izpilde, datu subjekta piekri\u0161ana un OlyBOOST le\u0123it\u012bm\u0101s intereses. Zem\u0101k nor\u0101d\u012bti apstr\u0101des veidi un to tiesiskais pamats:<\/p>\n<p><\/p>\n<p style=\"padding-left: 40px;\">4.1.1. L\u012bguma izpildes nol\u016bk\u0101 m\u0113s apstr\u0101d\u0101jam: vietnes apmekl\u0113juma datus, s\u012bkdat\u0146u datus.<br \/>\n4.1.2. Pamatojoties uz le\u0123it\u012bmaj\u0101m interes\u0113m, m\u0113s apstr\u0101d\u0101jam: vietnes apmekl\u0113juma datus, s\u012bkdat\u0146u datus.<\/p>\n<p><\/p>\n<p style=\"padding-left: 40px;\">4.2. Vietnes apmekl\u0113t\u0101ja personas datu apstr\u0101des m\u0113r\u0137i ir: satura att\u0113lo\u0161ana Vietn\u0113, OlyBOOST pakalpojumu\/produktu m\u0101rketings, vietnes apmekl\u0113t\u0101ju atsauksmju apstr\u0101de, vietnes apmekl\u0113t\u0101ju loka papla\u0161in\u0101\u0161ana, lojalit\u0101tes veido\u0161ana un pievienot\u0101s v\u0113rt\u012bbas nodro\u0161in\u0101\u0161ana, OlyBOOST resursu p\u0101rvald\u012bba, k\u0101 ar\u012b vietnes uzlabo\u0161ana.<\/p>\n<p><\/p>\n<p style=\"padding-left: 40px;\">4.3. Ja personas dati tiek apstr\u0101d\u0101ti, lai izpild\u012btu juridiskas vai l\u012bgumiskas saist\u012bbas, vietnes apmekl\u0113t\u0101jam ir pien\u0101kums sniegt \u0161\u0101dus personas datus. Ja \u0161ie dati netiks sniegti, OlyBOOST nevar\u0113s izpild\u012bt savas l\u012bgumisk\u0101s vai juridisk\u0101s saist\u012bbas, un tas ierobe\u017eos vietnes apmekl\u0113t\u0101ja iesp\u0113jas izmantot pied\u0101v\u0101tos pakalpojumus.<\/p>\n<p><\/p>\n<p style=\"padding-left: 40px;\">4.4. Ja OlyBOOST apstr\u0101d\u0101 personas datus, pamatojoties uz le\u0123it\u012bm\u0101m interes\u0113m, OlyBOOST ir izv\u0113rt\u0113jis, ka t\u0101 le\u0123it\u012bm\u0101 interese apstr\u0101d\u0101t personas datus noteiktiem m\u0113r\u0137iem p\u0101rsniedz vietnes apmekl\u0113t\u0101ja intereses un ties\u012bbas.<\/p>\n<p><\/p>\n<p style=\"padding-left: 40px;\">4.5. Ja personas dati tiek apstr\u0101d\u0101ti, pamatojoties uz vietnes apmekl\u0113t\u0101ja piekri\u0161anu, \u0161\u012b piekri\u0161ana jebkur\u0101 laik\u0101 ir atsaucama, sazinoties ar datu aizsardz\u012bbas speci\u0101listu, kura kontaktinform\u0101cija nor\u0101d\u012bta 1.3. punkt\u0101, vai noklik\u0161\u0137inot uz atteik\u0161an\u0101s saites katra m\u0101rketinga pazi\u0146ojuma beig\u0101s.<\/p>\n<p>5. <strong>Profil\u0113\u0161ana un automatiz\u0113tu l\u0113mumu pie\u0146em\u0161ana<\/strong><\/p>\n<p style=\"padding-left: 40px;\">5.1. Profil\u0113\u0161ana tiek izmantota \u0161\u0101dos procesos un balst\u0101s uz \u0161\u0101du lo\u0123iku:<\/p>\n<p><\/p>\n<p style=\"padding-left: 40px;\">5.1.1. OlyBOOST pied\u0101v\u0101to pakalpojumu\/produktu m\u0101rketings, pamatojoties uz vietnes apmekl\u0113juma anal\u012bzi un vietnes izmanto\u0161anas noteik\u0161anu.<\/p>\n<p><\/p>\n<p style=\"padding-left: 40px;\">5.2. Automatiz\u0113ta l\u0113mumu pie\u0146em\u0161ana \u0161aj\u0101 vietn\u0113 netiek izmantota.<\/p>\n<p>6. <strong>Personas datu p\u0101rs\u016bt\u012b\u0161ana<\/strong><\/p>\n<p style=\"padding-left: 40px;\">6.1. Lai sniegtu pakalpojumus un\/vai izpild\u012btu savas juridisk\u0101s saist\u012bbas, OlyBOOST izmanto partnerus k\u0101 personas datu apstr\u0101d\u0101t\u0101jus, kuri apstr\u0101d\u0101 datus saska\u0146\u0101 ar OlyBOOST sniegtajiem nor\u0101d\u012bjumiem un apstr\u0101des apm\u0113ru.<\/p>\n<p><\/p>\n<p style=\"padding-left: 40px;\">6.2. Apstr\u0101d\u0101jot personas datus, OlyBOOST p\u0101rs\u016bt\u012bs j\u016bsu personas datus \u0161\u0101diem sa\u0146\u0113m\u0113jiem, kuri var b\u016bt gan datu p\u0101rzi\u0146i, gan apstr\u0101d\u0101t\u0101ji: t\u0101s pa\u0161as grupas uz\u0146\u0113mumi, valsts iest\u0101des, tiesas, bankas, revidenti un juridiskie konsultanti, apdro\u0161in\u0101\u0161anas sabiedr\u012bbas, anal\u012btikas pakalpojumu sniedz\u0113ji, kr\u0101p\u0161anas atkl\u0101\u0161anas un nov\u0113r\u0161anas pakalpojumu sniedz\u0113ji, vietnes apmekl\u0113t\u0101ju autentifik\u0101cijas pakalpojumu sniedz\u0113ji, aptauju pakalpojumu sniedz\u0113ji, arhiv\u0113\u0161anas pakalpojumu sniedz\u0113ji, inform\u0101cijas p\u0101rs\u016bt\u012b\u0161anas un komunik\u0101ciju pakalpojumu sniedz\u0113ji, straum\u0113\u0161anas pakalpojumu starpnieki, zi\u0146ojumu snieg\u0161anas platformu operatori.<\/p>\n<p><\/p>\n<p style=\"padding-left: 40px;\">6.3. Ja OlyBOOST datu apstr\u0101d\u0101t\u0101js atrodas \u0101rpus Eiropas Savien\u012bbas, tad personas datu p\u0101rs\u016bt\u012b\u0161anai izmantotie aizsardz\u012bbas pas\u0101kumi ir: atbilsto\u0161s datu aizsardz\u012bbas l\u012bmenis sa\u0146\u0113m\u0113jvalst\u012b saska\u0146\u0101 ar Eiropas Komisijas l\u0113mumu, vai Eiropas Komisijas izstr\u0101d\u0101to standarta l\u012bguma noteikumu izmanto\u0161ana datu aizsardz\u012bbas jom\u0101 sadarb\u012bbas l\u012bgum\u0101 (lai ieg\u016btu vair\u0101k inform\u0101cijas, noklik\u0161\u0137iniet uz atbilsto\u0161\u0101s saites).<\/p>\n<p><\/p>\n<p style=\"padding-left: 40px;\">6.4. Kop\u0113jais personas datu p\u0101rzinis ir Kungla Investeeringu Osa\u00fching (adrese: Pronksi 19, Tallina 10124, Igaunija, t\u0101lrunis +3726671250, e-pasts: <a href=\"mailto:estonia@oc.eu\">estonia@oc.eu<\/a>), kas ir da\u013ca no t\u0101s pa\u0161as grupas k\u0101 OlyBOOST, ar kuru OlyBOOST apstr\u0101d\u0101 personas datus pakalpojumu\/produktu m\u0101rketinga, vietnes anal\u012btikas un OlyBOOST resursu p\u0101rvald\u012bbas nol\u016bkos. Puses ir nosl\u0113gu\u0161as l\u012bgumu \u0161aj\u0101 sakar\u0101, kas \u013cauj pus\u0113m dal\u012bties ar personas datiem, lai sasniegtu \u0161aj\u0101 Priv\u0101tuma pazi\u0146ojum\u0101 iek\u013cautos m\u0113r\u0137us.<\/p>\n<p>7. <strong>Personas datu glab\u0101\u0161anas laika ierobe\u017eojumi<\/strong><\/p>\n<p style=\"padding-left: 40px;\">7.1. Vietnes apmekl\u0113t\u0101ja personas dati tiek glab\u0101ti l\u012bdz apstr\u0101des m\u0113r\u0137u izpildei vai l\u012bdz tiek izpild\u012btas no likumdo\u0161anas izrieto\u0161\u0101s saist\u012bbas.<\/p>\n<p><\/p>\n<p style=\"padding-left: 40px;\">7.2. Vietnes apmekl\u0113juma dati tiek glab\u0101ti saska\u0146\u0101 ar S\u012bkdat\u0146u pazi\u0146ojum\u0101 nor\u0101d\u012btajiem glab\u0101\u0161anas laikiem. Tas ir atkar\u012bgs no izmantoto s\u012bkdat\u0146u veidiem.<\/p>\n<p><\/p>\n<p style=\"padding-left: 40px;\">7.3. Personas dati, kas sav\u0101kti, pamatojoties uz le\u0123it\u012bm\u0101m interes\u0113m, tiek glab\u0101ti tik ilgi, cik nepiecie\u0161ams to izpild\u012b\u0161anai.<\/p>\n\t\t\t\t\t\t\t\t<\/div>\n\t\t\t\t<\/div>\n\t\t\t\t\t<\/div>\n\t\t\t\t<\/div>\n\t\t\t\t<\/div>\n\t\t","protected":false},"excerpt":{"rendered":"<p>Priv\u0101tuma politika Sp\u0113k\u0101 no: 10.05.2025 1. Visp\u0101r\u012bgie noteikumi 1.1 \u0160is pazi\u0146ojums skaidro vietnes apmekl\u0113t\u0101ju personas datu apstr\u0101di \u0161aj\u0101 vietn\u0113, k\u0101 ar\u012b ties\u012bbas saist\u012bb\u0101 ar personas datu apstr\u0101di. 1.2 1.2. Datu p\u0101rzinis ir OB Holding 1 O\u00dc (turpm\u0101k \u2013 OlyBOOST), re\u0123istr\u0101cijas kods 14975047, adrese Pronksi 19, Tallina 10124, Igaunija, t\u0101lrunis +3726671250, e-pasts: estonia@oc.eu. 1.3 Olyboost.eu Datu [&hellip;]<\/p>\n","protected":false},"author":2,"featured_media":0,"parent":0,"menu_order":0,"comment_status":"closed","ping_status":"open","template":"elementor_header_footer","meta":{"footnotes":""},"class_list":["post-1605","page","type-page","status-publish","hentry"],"yoast_head":"<!-- This site is optimized with the Yoast SEO plugin v27.4 - https:\/\/yoast.com\/product\/yoast-seo-wordpress\/ -->\n<title>Priv\u0101tuma politika - OlyBoost<\/title>\n<meta name=\"robots\" content=\"index, follow, max-snippet:-1, max-image-preview:large, max-video-preview:-1\" \/>\n<link rel=\"canonical\" href=\"https:\/\/olyboost.eu\/lv\/privatuma-politika\/\" \/>\n<meta property=\"og:locale\" content=\"lv_LV\" \/>\n<meta property=\"og:type\" content=\"article\" \/>\n<meta property=\"og:title\" content=\"Priv\u0101tuma politika - OlyBoost\" \/>\n<meta property=\"og:description\" content=\"Priv\u0101tuma politika Sp\u0113k\u0101 no: 10.05.2025 1. Visp\u0101r\u012bgie noteikumi 1.1 \u0160is pazi\u0146ojums skaidro vietnes apmekl\u0113t\u0101ju personas datu apstr\u0101di \u0161aj\u0101 vietn\u0113, k\u0101 ar\u012b ties\u012bbas saist\u012bb\u0101 ar personas datu apstr\u0101di. 1.2 1.2. Datu p\u0101rzinis ir OB Holding 1 O\u00dc (turpm\u0101k \u2013 OlyBOOST), re\u0123istr\u0101cijas kods 14975047, adrese Pronksi 19, Tallina 10124, Igaunija, t\u0101lrunis +3726671250, e-pasts: estonia@oc.eu. 1.3 Olyboost.eu Datu [&hellip;]\" \/>\n<meta property=\"og:url\" content=\"https:\/\/olyboost.eu\/lv\/privatuma-politika\/\" \/>\n<meta property=\"og:site_name\" content=\"OlyBoost\" \/>\n<meta property=\"article:modified_time\" content=\"2025-05-30T05:56:13+00:00\" \/>\n<meta name=\"twitter:card\" content=\"summary_large_image\" \/>\n<meta name=\"twitter:label1\" content=\"Est. reading time\" \/>\n\t<meta name=\"twitter:data1\" content=\"8 minutes\" \/>\n<script type=\"application\/ld+json\" class=\"yoast-schema-graph\">{\"@context\":\"https:\\\/\\\/schema.org\",\"@graph\":[{\"@type\":\"WebPage\",\"@id\":\"https:\\\/\\\/olyboost.eu\\\/lv\\\/privatuma-politika\\\/\",\"url\":\"https:\\\/\\\/olyboost.eu\\\/lv\\\/privatuma-politika\\\/\",\"name\":\"Priv\u0101tuma politika - OlyBoost\",\"isPartOf\":{\"@id\":\"https:\\\/\\\/olyboost.eu\\\/lv\\\/#website\"},\"datePublished\":\"2024-04-02T04:00:25+00:00\",\"dateModified\":\"2025-05-30T05:56:13+00:00\",\"breadcrumb\":{\"@id\":\"https:\\\/\\\/olyboost.eu\\\/lv\\\/privatuma-politika\\\/#breadcrumb\"},\"inLanguage\":\"lv-LV\",\"potentialAction\":[{\"@type\":\"ReadAction\",\"target\":[\"https:\\\/\\\/olyboost.eu\\\/lv\\\/privatuma-politika\\\/\"]}]},{\"@type\":\"BreadcrumbList\",\"@id\":\"https:\\\/\\\/olyboost.eu\\\/lv\\\/privatuma-politika\\\/#breadcrumb\",\"itemListElement\":[{\"@type\":\"ListItem\",\"position\":1,\"name\":\"Home\",\"item\":\"https:\\\/\\\/olyboost.eu\\\/lv\\\/\"},{\"@type\":\"ListItem\",\"position\":2,\"name\":\"Priv\u0101tuma politika\"}]},{\"@type\":\"WebSite\",\"@id\":\"https:\\\/\\\/olyboost.eu\\\/lv\\\/#website\",\"url\":\"https:\\\/\\\/olyboost.eu\\\/lv\\\/\",\"name\":\"OlyBoost\",\"description\":\"Your moments\",\"publisher\":{\"@id\":\"https:\\\/\\\/olyboost.eu\\\/lv\\\/#organization\"},\"potentialAction\":[{\"@type\":\"SearchAction\",\"target\":{\"@type\":\"EntryPoint\",\"urlTemplate\":\"https:\\\/\\\/olyboost.eu\\\/lv\\\/?s={search_term_string}\"},\"query-input\":{\"@type\":\"PropertyValueSpecification\",\"valueRequired\":true,\"valueName\":\"search_term_string\"}}],\"inLanguage\":\"lv-LV\"},{\"@type\":\"Organization\",\"@id\":\"https:\\\/\\\/olyboost.eu\\\/lv\\\/#organization\",\"name\":\"OlyBoost\",\"url\":\"https:\\\/\\\/olyboost.eu\\\/lv\\\/\",\"logo\":{\"@type\":\"ImageObject\",\"inLanguage\":\"lv-LV\",\"@id\":\"https:\\\/\\\/olyboost.eu\\\/lv\\\/#\\\/schema\\\/logo\\\/image\\\/\",\"url\":\"https:\\\/\\\/olyboost.eu\\\/wp-content\\\/uploads\\\/2024\\\/04\\\/olyboost-logo-new-1.png\",\"contentUrl\":\"https:\\\/\\\/olyboost.eu\\\/wp-content\\\/uploads\\\/2024\\\/04\\\/olyboost-logo-new-1.png\",\"width\":1100,\"height\":326,\"caption\":\"OlyBoost\"},\"image\":{\"@id\":\"https:\\\/\\\/olyboost.eu\\\/lv\\\/#\\\/schema\\\/logo\\\/image\\\/\"}}]}<\/script>\n<!-- \/ Yoast SEO plugin. -->","yoast_head_json":{"title":"Priv\u0101tuma politika - OlyBoost","robots":{"index":"index","follow":"follow","max-snippet":"max-snippet:-1","max-image-preview":"max-image-preview:large","max-video-preview":"max-video-preview:-1"},"canonical":"https:\/\/olyboost.eu\/lv\/privatuma-politika\/","og_locale":"lv_LV","og_type":"article","og_title":"Priv\u0101tuma politika - OlyBoost","og_description":"Priv\u0101tuma politika Sp\u0113k\u0101 no: 10.05.2025 1. Visp\u0101r\u012bgie noteikumi 1.1 \u0160is pazi\u0146ojums skaidro vietnes apmekl\u0113t\u0101ju personas datu apstr\u0101di \u0161aj\u0101 vietn\u0113, k\u0101 ar\u012b ties\u012bbas saist\u012bb\u0101 ar personas datu apstr\u0101di. 1.2 1.2. Datu p\u0101rzinis ir OB Holding 1 O\u00dc (turpm\u0101k \u2013 OlyBOOST), re\u0123istr\u0101cijas kods 14975047, adrese Pronksi 19, Tallina 10124, Igaunija, t\u0101lrunis +3726671250, e-pasts: estonia@oc.eu. 1.3 Olyboost.eu Datu [&hellip;]","og_url":"https:\/\/olyboost.eu\/lv\/privatuma-politika\/","og_site_name":"OlyBoost","article_modified_time":"2025-05-30T05:56:13+00:00","twitter_card":"summary_large_image","twitter_misc":{"Est. reading time":"8 minutes"},"schema":{"@context":"https:\/\/schema.org","@graph":[{"@type":"WebPage","@id":"https:\/\/olyboost.eu\/lv\/privatuma-politika\/","url":"https:\/\/olyboost.eu\/lv\/privatuma-politika\/","name":"Priv\u0101tuma politika - OlyBoost","isPartOf":{"@id":"https:\/\/olyboost.eu\/lv\/#website"},"datePublished":"2024-04-02T04:00:25+00:00","dateModified":"2025-05-30T05:56:13+00:00","breadcrumb":{"@id":"https:\/\/olyboost.eu\/lv\/privatuma-politika\/#breadcrumb"},"inLanguage":"lv-LV","potentialAction":[{"@type":"ReadAction","target":["https:\/\/olyboost.eu\/lv\/privatuma-politika\/"]}]},{"@type":"BreadcrumbList","@id":"https:\/\/olyboost.eu\/lv\/privatuma-politika\/#breadcrumb","itemListElement":[{"@type":"ListItem","position":1,"name":"Home","item":"https:\/\/olyboost.eu\/lv\/"},{"@type":"ListItem","position":2,"name":"Priv\u0101tuma politika"}]},{"@type":"WebSite","@id":"https:\/\/olyboost.eu\/lv\/#website","url":"https:\/\/olyboost.eu\/lv\/","name":"OlyBoost","description":"Your moments","publisher":{"@id":"https:\/\/olyboost.eu\/lv\/#organization"},"potentialAction":[{"@type":"SearchAction","target":{"@type":"EntryPoint","urlTemplate":"https:\/\/olyboost.eu\/lv\/?s={search_term_string}"},"query-input":{"@type":"PropertyValueSpecification","valueRequired":true,"valueName":"search_term_string"}}],"inLanguage":"lv-LV"},{"@type":"Organization","@id":"https:\/\/olyboost.eu\/lv\/#organization","name":"OlyBoost","url":"https:\/\/olyboost.eu\/lv\/","logo":{"@type":"ImageObject","inLanguage":"lv-LV","@id":"https:\/\/olyboost.eu\/lv\/#\/schema\/logo\/image\/","url":"https:\/\/olyboost.eu\/wp-content\/uploads\/2024\/04\/olyboost-logo-new-1.png","contentUrl":"https:\/\/olyboost.eu\/wp-content\/uploads\/2024\/04\/olyboost-logo-new-1.png","width":1100,"height":326,"caption":"OlyBoost"},"image":{"@id":"https:\/\/olyboost.eu\/lv\/#\/schema\/logo\/image\/"}}]}},"publishpress_future_action":{"enabled":false,"date":"2026-05-08 06:10:53","action":"change-status","newStatus":"draft","terms":[],"taxonomy":"translation_priority","extraData":[]},"publishpress_future_workflow_manual_trigger":{"enabledWorkflows":[]},"_links":{"self":[{"href":"https:\/\/olyboost.eu\/lv\/wp-json\/wp\/v2\/pages\/1605","targetHints":{"allow":["GET"]}}],"collection":[{"href":"https:\/\/olyboost.eu\/lv\/wp-json\/wp\/v2\/pages"}],"about":[{"href":"https:\/\/olyboost.eu\/lv\/wp-json\/wp\/v2\/types\/page"}],"author":[{"embeddable":true,"href":"https:\/\/olyboost.eu\/lv\/wp-json\/wp\/v2\/users\/2"}],"replies":[{"embeddable":true,"href":"https:\/\/olyboost.eu\/lv\/wp-json\/wp\/v2\/comments?post=1605"}],"version-history":[{"count":1,"href":"https:\/\/olyboost.eu\/lv\/wp-json\/wp\/v2\/pages\/1605\/revisions"}],"predecessor-version":[{"id":1606,"href":"https:\/\/olyboost.eu\/lv\/wp-json\/wp\/v2\/pages\/1605\/revisions\/1606"}],"wp:attachment":[{"href":"https:\/\/olyboost.eu\/lv\/wp-json\/wp\/v2\/media?parent=1605"}],"curies":[{"name":"wp","href":"https:\/\/api.w.org\/{rel}","templated":true}]}}