{"id":1608,"date":"2024-05-22T10:29:24","date_gmt":"2024-05-22T07:29:24","guid":{"rendered":"https:\/\/olyboost.eu\/noteikumi-un-nosacijumi\/"},"modified":"2025-05-30T09:00:23","modified_gmt":"2025-05-30T06:00:23","slug":"noteikumi-un-nosacijumi","status":"publish","type":"page","link":"https:\/\/olyboost.eu\/lv\/noteikumi-un-nosacijumi\/","title":{"rendered":"Noteikumi un nosac\u012bjumi"},"content":{"rendered":"\t\t<div data-elementor-type=\"wp-page\" data-elementor-id=\"1608\" class=\"elementor elementor-1608 elementor-375\" data-elementor-post-type=\"page\">\n\t\t\t\t<div data-particle_enable=\"false\" data-particle-mobile-disabled=\"false\" class=\"elementor-element elementor-element-2882f83 e-flex e-con-boxed e-con e-parent\" data-id=\"2882f83\" data-element_type=\"container\" data-e-type=\"container\" data-settings=\"{&quot;background_background&quot;:&quot;classic&quot;}\">\n\t\t\t\t\t<div class=\"e-con-inner\">\n\t\t\t\t<div class=\"elementor-element elementor-element-5523caa elementor-widget elementor-widget-heading\" data-id=\"5523caa\" data-element_type=\"widget\" data-e-type=\"widget\" data-widget_type=\"heading.default\">\n\t\t\t\t<div class=\"elementor-widget-container\">\n\t\t\t\t\t<h2 class=\"elementor-heading-title elementor-size-default\">Noteikumi un nosac\u012bjumi<\/h2>\t\t\t\t<\/div>\n\t\t\t\t<\/div>\n\t\t\t\t<div class=\"elementor-element elementor-element-3685489 elementor-widget elementor-widget-text-editor\" data-id=\"3685489\" data-element_type=\"widget\" data-e-type=\"widget\" data-widget_type=\"text-editor.default\">\n\t\t\t\t<div class=\"elementor-widget-container\">\n\t\t\t\t\t\t\t\t\t<p style=\"text-align: right;\"><strong>Sp\u0113k\u0101 no: 10.09.2024<\/strong><\/p>\n<p>1. \u0160\u012b vietne <a href=\"https:\/\/olyboost.eu\/lv\/\">www.olyboost.eu<\/a> (\u201c<strong>Vietne<\/strong>\u201d) tiek p\u0101rvald\u012bta no Kungla Investeeringu Osa\u00fching, re\u0123istr\u0101cijas kods 10103126, re\u0123istr\u0113ts adres\u0113: Pronksi 19, 10124 Tallina, Igaunija (\u201c<strong>Uz\u0146\u0113mums<\/strong>\u201d vai \u201c<strong>m\u0113s<\/strong>\u201d).<\/p>\n<p>2. Apmekl\u0113jot \u0161o Vietni, j\u016bs piekr\u012btat \u0161iem Lieto\u0161anas noteikumiem un apliecin\u0101t, ka esat izlas\u012bjis un sapratis inform\u0101ciju, kas ietverta Priv\u0101tuma pazi\u0146ojum\u0101 un S\u012bkdat\u0146u politik\u0101 attiec\u012bb\u0101 uz personas datu izmanto\u0161anu, apmekl\u0113jot \u0161o Vietni, k\u0101 ar\u012b apliecin\u0101t, ka esat vec\u0101ks par 18 gadiem. Ja nepiekr\u012btat Lieto\u0161anas noteikumiem vai jums nav 18 gadi, l\u016bdzu, atst\u0101jiet \u0161o Vietni.<\/p>\n<p>Sekas p\u0101rk\u0101pumiem:<br \/>Turpm\u0101k min\u0113t\u0101s darb\u012bbas ir stingri aizliegtas:<br \/>\u2022 Vietnes izmanto\u0161ana jebk\u0101d\u0101 veid\u0101, kas var\u0113tu kait\u0113t, atsl\u0113gt, p\u0101rslogot vai samazin\u0101t Vietnes darb\u012bbu.<br \/>\u2022 M\u0113\u0123in\u0101jumi ieg\u016bt neat\u013cautu piek\u013cuvi jebkurai Vietnes da\u013cai vai jebk\u0101diem sist\u0113mas vai t\u012bkliem, kas savienoti ar Vietni.<br \/>\u2022 Vietnes izmanto\u0161ana jebk\u0101diem nelikum\u012bgiem m\u0113r\u0137iem.<\/p>\n<p>3. <strong>Intelektu\u0101l\u0101 \u012bpa\u0161uma ties\u012bbas<\/strong><br \/>Vietnes saturs, organiz\u0101cija, grafika, dizains, apkopojumi un citas ar Vietni saist\u012bt\u0101s lietas ir aizsarg\u0101tas ar piem\u0113rojamiem Igaunijas, Eiropas Savien\u012bbas un starptautiskajiem autorties\u012bbu, pre\u010du z\u012bmju un intelektu\u0101l\u0101 \u012bpa\u0161uma likumiem. &#8220;OlyBOOST&#8221; un m\u016bsu logotipi un citi z\u012bmoli ir uz\u0146\u0113muma vai t\u0101 saist\u012bto grupas uz\u0146\u0113mumu pre\u010du z\u012bmes vai re\u0123istr\u0113tas pre\u010du z\u012bmes (&#8220;<strong>Pre\u010du z\u012bmes<\/strong>&#8220;). Mums ekskluz\u012bvi pieder vai mums ir lieto\u0161anas ties\u012bbas uz vis\u0101m ties\u012bb\u0101m, nosaukumiem un interes\u0113m, kas saist\u012btas ar vis\u0101m Pre\u010du z\u012bm\u0113m, dokument\u0101ciju, programmat\u016bru, saturu, grafiku, dizainiem, datiem, datoru kodiem, idej\u0101m, zin\u0101\u0161an\u0101m, &#8220;izskatu un saj\u016btu&#8221;, apkopojumiem, magn\u0113tisk\u0101m tulko\u0161an\u0101m, digit\u0101laj\u0101m konversij\u0101m un citiem materi\u0101liem, kas ietverti Vietn\u0113 un saist\u012bti ar Vietni, k\u0101 ar\u012b vis\u0101m to modifik\u0101cij\u0101m un atvasin\u0101tiem darbiem, un vis\u0101m intelektu\u0101l\u0101 \u012bpa\u0161uma ties\u012bb\u0101m, kas ar to saist\u012btas (&#8220;<strong>Intelektu\u0101lais \u012bpa\u0161ums<\/strong>&#8220;). Inform\u0101cijas vai materi\u0101lu ievieto\u0161ana Vietn\u0113 no m\u016bsu puses nenoz\u012bm\u0113 atteik\u0161anos no jebkur\u0101m ties\u012bb\u0101m uz Intelektu\u0101lo \u012bpa\u0161umu vai \u0161\u0101du inform\u0101ciju un materi\u0101lus. Jums nav ties\u012bbu apstr\u012bd\u0113t, ap\u0161aub\u012bt vai cit\u0101di kav\u0113t Uz\u0146\u0113muma \u012bpa\u0161umties\u012bbas uz Vietni un taj\u0101 eso\u0161o saturu vai Uz\u0146\u0113muma ties\u012bbu sp\u0113k\u0101 esam\u012bbu un izpild\u0101m\u012bbu attiec\u012bb\u0101 uz Intelektu\u0101lo \u012bpa\u0161umu. M\u0113s paturam ties\u012bbas p\u0113c m\u016bsu vienpus\u0113jas izv\u0113les redi\u0123\u0113t vai dz\u0113st jebkuru inform\u0101ciju vai citu saturu, kas par\u0101d\u0101s Vietn\u0113 jebkur\u0101 laik\u0101, bez iepriek\u0161\u0113ja br\u012bdin\u0101juma. Nekas \u0161ajos Lieto\u0161anas noteikumos nedr\u012bkst tikt interpret\u0113ts, tie\u0161i vai netie\u0161i, k\u0101 ties\u012bbu pie\u0161\u0137ir\u0161ana lietot\u0101jam uz Intelektu\u0101lo \u012bpa\u0161umu vai jebkuru autorties\u012bbu, pre\u010du z\u012bmi, patentu vai citu intelektu\u0101l\u0101 \u012bpa\u0161uma ties\u012bbu no Uz\u0146\u0113muma vai jebkuras tre\u0161\u0101s puses. Saska\u0146\u0101 ar \u0161iem Lieto\u0161anas noteikumiem Uz\u0146\u0113mums pie\u0161\u0137ir jums ierobe\u017eotu, bezatl\u012bdz\u012bbas, neekskluz\u012bvu, atsaucamu, termi\u0146am pak\u013cautu, personisku licenci izmantot Intelektu\u0101lo \u012bpa\u0161umu tikai j\u016bsu person\u012bgajai, nekomerci\u0101lajai lieto\u0161anai. Neviens materi\u0101ls m\u016bsu Vietn\u0113 nevar tikt lejupiel\u0101d\u0113ts, izplat\u012bts, reproduc\u0113ts, public\u0113ts, nos\u016bt\u012bts vai kop\u0113ts jebkur\u0101 form\u0101 vai ar jebk\u0101diem l\u012bdzek\u013ciem, ja vien tas nav izdar\u012bts p\u0113c Uz\u0146\u0113muma iepriek\u0161\u0113jas rakstiskas at\u013caujas, kuru m\u0113s varam atteikt p\u0113c m\u016bsu vienpus\u0113jas un absol\u016btas izv\u0113les.<\/p>\n<p>4. <strong>M\u0113r\u0137is un Produkts<\/strong><br \/>Uz\u0146\u0113mums izplata un p\u0101rdod OlyBOOST ener\u0123ijas dz\u0113rienu (turpm\u0101k \u201c<strong>Produkts<\/strong>\u201d). \u0160\u012bs Vietnes m\u0113r\u0137is ir sniegt inform\u0101ciju par Produktu un veicin\u0101t t\u0101 p\u0101rdo\u0161anu. Vietn\u0113 public\u0113tais saturs par Produktu ir tikai informat\u012bvs un nav paredz\u0113ts p\u0101rdo\u0161anai nepilngad\u012bgajiem.<\/p>\n<p>5. <strong>Inform\u0101cijas precizit\u0101te<\/strong><br \/>M\u0113s pieliekam sapr\u0101t\u012bgas p\u016bles, lai iek\u013cautu prec\u012bzu un aktu\u0101lu inform\u0101ciju \u0161aj\u0101 Vietn\u0113, ta\u010du, cikt\u0101l to at\u013cauj likums, m\u0113s negarant\u0113jam un izsl\u0113dzam visas garantijas vai apgalvojumus attiec\u012bb\u0101 uz \u0161\u0101das inform\u0101cijas precizit\u0101ti, pareiz\u012bbu, uzticam\u012bbu vai citiem aspektiem, un neuz\u0146emamies atbild\u012bbu vai pien\u0101kumus par jebk\u0101diem izlaidumiem vai k\u013c\u016bd\u0101m (tai skait\u0101, bez ierobe\u017eojuma, tipogr\u0101fisk\u0101m k\u013c\u016bd\u0101m un tehnisk\u0101m k\u013c\u016bd\u0101m) inform\u0101cij\u0101, kas ietverta Vietn\u0113.<\/p>\n<p>6. <strong>Bez garantij\u0101m<\/strong><br \/>Uz\u0146\u0113mums garant\u0113, ka Produkts atbilst vis\u0101m p\u0101rtikas dro\u0161\u012bbas norm\u0101m un regul\u0101m un attiec\u012bgaj\u0101m regul\u0101m ener\u0123ijas dz\u0113rieniem, ta\u010du neuz\u0146emas atbild\u012bbu pret person\u0101m, kas ieg\u0101d\u0101jas vai cit\u0101di ieg\u016bst Produktu, attiec\u012bb\u0101 uz t\u0101 tirgojam\u012bbu, piem\u0113rot\u012bbu konkr\u0113tam m\u0113r\u0137im vai jebkur\u0101m cit\u0101m netie\u0161\u0101m garantij\u0101m.<\/p>\n<p>7. <strong>Atbild\u012bbas ierobe\u017eojums<\/strong><br \/>Cikt\u0101l to at\u013cauj piem\u0113rojamais likums, Uz\u0146\u0113mums neb\u016bs atbild\u012bgs par jebk\u0101diem tie\u0161iem vai netie\u0161iem zaud\u0113jumiem, neatkar\u012bgi no t\u0101, vai tie bija paredzami vai ne, kas jebk\u0101d\u0101 veid\u0101 ir saist\u012bti ar \u0161iem Lieto\u0161anas noteikumiem, jebk\u0101diem v\u012brusiem, kas ietekm\u0113 \u0161o Vietni, Vietnes izmanto\u0161anu vai neiesp\u0113jam\u012bbu to izmantot, rezult\u0101tiem, kas ieg\u016bti no Vietnes izmanto\u0161anas, zaud\u0113to reput\u0101ciju vai pe\u013c\u0146u, zaud\u0113tu biznesu, neatkar\u012bgi no t\u0101, k\u0101 tie tiek raksturoti, un\/vai jebkuru citu c\u0113loni, pat ja iepriek\u0161 esat inform\u0113ts par iesp\u0113jamo \u0161\u0101du zaud\u0113jumu vai boj\u0101jumu iesp\u0113jam\u012bbu. Neskatoties uz jebko, kas ir pretrun\u0101 ar \u0161o noteikumu saturu, cikt\u0101l to at\u013cauj piem\u0113rojamais likums, Uz\u0146\u0113muma kop\u0113j\u0101 atbild\u012bba pret jums par jebkuru c\u0113loni un neatkar\u012bgi no pras\u012bbas formas vienm\u0113r b\u016bs ierobe\u017eota ar summu, kuru j\u016bs esat samaks\u0101jis Uz\u0146\u0113mumam p\u0113d\u0113jo se\u0161u (6) m\u0113ne\u0161u laik\u0101 pirms notikumiem, kas rad\u012bju\u0161i j\u016bsu pras\u012bjumu.<\/p>\n<p>8. <strong>Atl\u012bdz\u012bba<\/strong><br \/>Cikt\u0101l to nepie\u013cauj piem\u0113rojamais likums, j\u016bs ap\u0146emas atl\u012bdzin\u0101t un aizsarg\u0101t m\u016bs, m\u016bsu meitas uz\u0146\u0113mumus, m\u0101tes uz\u0146\u0113mumus, saist\u012btos uz\u0146\u0113mumus, amatpersonas, vad\u012bt\u0101jus, akcion\u0101rus, juridiskos p\u0101rst\u0101vjus, a\u0123entus un citus partnerus un darbiniekus no zaud\u0113jumiem, atbild\u012bbas, izmaks\u0101m, boj\u0101jumiem vai izdevumiem, kas radu\u0161ies no jebk\u0101diem un visiem pras\u012bjumiem, darb\u012bb\u0101m un pras\u012bb\u0101m, neatkar\u012bgi no t\u0101, vai t\u0101s ir nepamatotas vai citas, un no jebkuriem un visiem pras\u012bjumiem, atbild\u012bbas, spriedumiem, zaud\u0113jumiem, boj\u0101jumiem, izmaks\u0101m, izdevumiem, advok\u0101tu honor\u0101riem un citiem izdevumiem jebkura veida un rakstura, kas rodas no (i) j\u016bsu Vietnes izmanto\u0161anas; (ii) j\u016bsu \u0161\u0101du Lieto\u0161anas noteikumu p\u0101rk\u0101puma vai iesp\u0113jama p\u0101rk\u0101puma un\/vai jebkura j\u016bsu p\u0101rst\u0101vju un garantiju p\u0101rk\u0101puma vai iesp\u0113jama p\u0101rk\u0101puma, kas nor\u0101d\u012bts \u0161ajos Lieto\u0161anas noteikumos; (iii) j\u016bsu piedal\u012b\u0161an\u0101s jebk\u0101d\u0101 OlyBOOST z\u012bmola pas\u0101kum\u0101 \u0101rpus tie\u0161saistes.<\/p>\n<p>9. <strong>Piem\u0113rojamais likums un jurisdikcija<\/strong><br \/>\u0160ie Lieto\u0161anas noteikumi ir reglament\u0113ti Igaunijas Republikas likumiem, neietekm\u0113jot jebk\u0101dus ties\u012bbu normu pretrun\u012bguma principus. Jebkuras tiesiskas darb\u012bbas, kas saist\u012btas ar \u0161iem Lieto\u0161anas noteikumiem, vispirms j\u0101iesniedz pat\u0113r\u0113t\u0101ju aizsardz\u012bbas iest\u0101d\u0113. Ja rodas jebk\u0101das tiesiskas domstarp\u012bbas, kuras nevar atrisin\u0101t, domstarp\u012bbas j\u0101izskata Harju apgabala ties\u0101 Tallin\u0101, Igaunij\u0101, un t\u0101s tiks risin\u0101tas saska\u0146\u0101 ar Igaunijas Republikas sp\u0113k\u0101 eso\u0161ajiem civilties\u012bbu procesiem.<\/p>\n<p>10. <strong>Nosl\u0113guma noteikumi<\/strong><br \/>Ja k\u0101ds no \u0161iem Lieto\u0161anas noteikumiem ir nelikum\u012bgs, sp\u0113k\u0101 neeso\u0161s vai k\u0101da iemesla d\u0113\u013c neizpild\u0101ms, tad \u0161is noteikums tiek uzskat\u012bts par atdal\u0101mu no \u0161iem Lieto\u0161anas noteikumiem, un tas neietekm\u0113s p\u0101r\u0113jo noteikumu sp\u0113k\u0101 esam\u012bbu un izpild\u0101m\u012bbu. M\u016bsu nesp\u0113ja izpild\u012bt jebkuru no \u0161iem Lieto\u0161anas noteikumiem netiks uzskat\u012bta par atteik\u0161anos no \u0161\u012b noteikuma vai ties\u012bb\u0101m to izpild\u012bt. \u0160ie Lieto\u0161anas noteikumi nenosaka un netiks interpret\u0113ti k\u0101 jebk\u0101da veida partnerattiec\u012bbu, kopuz\u0146\u0113muma, darba dev\u0113ja-darbinieka, a\u0123enta vai fran\u0161\u012bzes dev\u0113ja-fran\u0161\u012bzes \u0146\u0113m\u0113ja attiec\u012bbu izveide starp jums un mums. J\u016bs nevarat pie\u0161\u0137irt, nodot vai sublicenc\u0113t jebkuras vai visas savas ties\u012bbas vai pien\u0101kumus, kas izriet no \u0161iem Lieto\u0161anas noteikumiem, bez m\u016bsu izteiktas iepriek\u0161\u0113jas rakstiskas piekri\u0161anas. M\u0113s varam pie\u0161\u0137irt, nodot vai sublicenc\u0113t jebkuras vai visas m\u016bsu ties\u012bbas vai pien\u0101kumus, kas izriet no \u0161iem Lieto\u0161anas noteikumiem, bez ierobe\u017eojumiem. Jebkura virsraksta, uzraksta vai sada\u013cas nosaukuma iek\u013cau\u0161ana \u0161ajos Lieto\u0161anas noteikumos ir tikai \u0113rt\u012bbas nol\u016bkos, un tas nek\u0101d\u0101 veid\u0101 nenosaka vai neizskaidro k\u0101du no \u0161\u012bm sada\u013c\u0101m vai noteikumiem. Visi termini, kas ir defin\u0113ti vienskaitl\u012b, tiks interpret\u0113ti ar tiem pa\u0161iem noz\u012bm\u0113m, kad tie tiek izmantoti daudzskaitl\u012b, ja tas ir piem\u0113rojami un ja nav nor\u0101d\u012bts cit\u0101di. Jebkura terminu &#8220;ieskaitot&#8221; vai t\u0101 vari\u0101cijas lieto\u0161ana \u0161ajos Lieto\u0161anas noteikumos tiks interpret\u0113ta k\u0101 sekojo\u0161a fr\u0101ze &#8220;bez ierobe\u017eojuma&#8221;. \u0160ie Lieto\u0161anas noteikumi, tai skait\u0101 jebkuri \u0161ajos noteikumos iek\u013cautie papildus noteikumi, ir piln\u012bgs l\u012bgums starp jums un mums, kas attiecas uz \u0161o jaut\u0101jumu, un tas aizst\u0101j jebk\u0101dus iepriek\u0161\u0113jus vai taj\u0101 laik\u0101 nosl\u0113gtos rakstiskos vai mutiskos l\u012bgumus vai vieno\u0161an\u0101s starp jums un mums par \u0161o jaut\u0101jumu. M\u0113s neb\u016bsim atbild\u012bgi par jebk\u0101du nesp\u0113ju izpild\u012bt jebk\u0101du saist\u012bbu, kas ir \u0101rpus m\u016bsu kontroles.<\/p>\n\t\t\t\t\t\t\t\t<\/div>\n\t\t\t\t<\/div>\n\t\t\t\t\t<\/div>\n\t\t\t\t<\/div>\n\t\t\t\t<\/div>\n\t\t","protected":false},"excerpt":{"rendered":"<p>Noteikumi un nosac\u012bjumi Sp\u0113k\u0101 no: 10.09.2024 1. \u0160\u012b vietne www.olyboost.eu (\u201cVietne\u201d) tiek p\u0101rvald\u012bta no Kungla Investeeringu Osa\u00fching, re\u0123istr\u0101cijas kods 10103126, re\u0123istr\u0113ts adres\u0113: Pronksi 19, 10124 Tallina, Igaunija (\u201cUz\u0146\u0113mums\u201d vai \u201cm\u0113s\u201d). 2. Apmekl\u0113jot \u0161o Vietni, j\u016bs piekr\u012btat \u0161iem Lieto\u0161anas noteikumiem un apliecin\u0101t, ka esat izlas\u012bjis un sapratis inform\u0101ciju, kas ietverta Priv\u0101tuma pazi\u0146ojum\u0101 un S\u012bkdat\u0146u politik\u0101 attiec\u012bb\u0101 [&hellip;]<\/p>\n","protected":false},"author":2,"featured_media":0,"parent":0,"menu_order":0,"comment_status":"closed","ping_status":"closed","template":"elementor_header_footer","meta":{"footnotes":""},"class_list":["post-1608","page","type-page","status-publish","hentry"],"yoast_head":"<!-- This site is optimized with the Yoast SEO plugin v27.4 - https:\/\/yoast.com\/product\/yoast-seo-wordpress\/ -->\n<title>Noteikumi un nosac\u012bjumi - OlyBoost<\/title>\n<meta name=\"robots\" content=\"index, follow, max-snippet:-1, max-image-preview:large, max-video-preview:-1\" \/>\n<link rel=\"canonical\" href=\"https:\/\/olyboost.eu\/lv\/noteikumi-un-nosacijumi\/\" \/>\n<meta property=\"og:locale\" content=\"lv_LV\" \/>\n<meta property=\"og:type\" content=\"article\" \/>\n<meta property=\"og:title\" content=\"Noteikumi un nosac\u012bjumi - OlyBoost\" \/>\n<meta property=\"og:description\" content=\"Noteikumi un nosac\u012bjumi Sp\u0113k\u0101 no: 10.09.2024 1. \u0160\u012b vietne www.olyboost.eu (\u201cVietne\u201d) tiek p\u0101rvald\u012bta no Kungla Investeeringu Osa\u00fching, re\u0123istr\u0101cijas kods 10103126, re\u0123istr\u0113ts adres\u0113: Pronksi 19, 10124 Tallina, Igaunija (\u201cUz\u0146\u0113mums\u201d vai \u201cm\u0113s\u201d). 2. Apmekl\u0113jot \u0161o Vietni, j\u016bs piekr\u012btat \u0161iem Lieto\u0161anas noteikumiem un apliecin\u0101t, ka esat izlas\u012bjis un sapratis inform\u0101ciju, kas ietverta Priv\u0101tuma pazi\u0146ojum\u0101 un S\u012bkdat\u0146u politik\u0101 attiec\u012bb\u0101 [&hellip;]\" \/>\n<meta property=\"og:url\" content=\"https:\/\/olyboost.eu\/lv\/noteikumi-un-nosacijumi\/\" \/>\n<meta property=\"og:site_name\" content=\"OlyBoost\" \/>\n<meta property=\"article:modified_time\" content=\"2025-05-30T06:00:23+00:00\" \/>\n<meta name=\"twitter:card\" content=\"summary_large_image\" \/>\n<meta name=\"twitter:label1\" content=\"Est. reading time\" \/>\n\t<meta name=\"twitter:data1\" content=\"8 minutes\" \/>\n<script type=\"application\/ld+json\" class=\"yoast-schema-graph\">{\"@context\":\"https:\\\/\\\/schema.org\",\"@graph\":[{\"@type\":\"WebPage\",\"@id\":\"https:\\\/\\\/olyboost.eu\\\/lv\\\/noteikumi-un-nosacijumi\\\/\",\"url\":\"https:\\\/\\\/olyboost.eu\\\/lv\\\/noteikumi-un-nosacijumi\\\/\",\"name\":\"Noteikumi un nosac\u012bjumi - OlyBoost\",\"isPartOf\":{\"@id\":\"https:\\\/\\\/olyboost.eu\\\/lv\\\/#website\"},\"datePublished\":\"2024-05-22T07:29:24+00:00\",\"dateModified\":\"2025-05-30T06:00:23+00:00\",\"breadcrumb\":{\"@id\":\"https:\\\/\\\/olyboost.eu\\\/lv\\\/noteikumi-un-nosacijumi\\\/#breadcrumb\"},\"inLanguage\":\"lv-LV\",\"potentialAction\":[{\"@type\":\"ReadAction\",\"target\":[\"https:\\\/\\\/olyboost.eu\\\/lv\\\/noteikumi-un-nosacijumi\\\/\"]}]},{\"@type\":\"BreadcrumbList\",\"@id\":\"https:\\\/\\\/olyboost.eu\\\/lv\\\/noteikumi-un-nosacijumi\\\/#breadcrumb\",\"itemListElement\":[{\"@type\":\"ListItem\",\"position\":1,\"name\":\"Home\",\"item\":\"https:\\\/\\\/olyboost.eu\\\/lv\\\/\"},{\"@type\":\"ListItem\",\"position\":2,\"name\":\"Noteikumi un nosac\u012bjumi\"}]},{\"@type\":\"WebSite\",\"@id\":\"https:\\\/\\\/olyboost.eu\\\/lv\\\/#website\",\"url\":\"https:\\\/\\\/olyboost.eu\\\/lv\\\/\",\"name\":\"OlyBoost\",\"description\":\"Your moments\",\"publisher\":{\"@id\":\"https:\\\/\\\/olyboost.eu\\\/lv\\\/#organization\"},\"potentialAction\":[{\"@type\":\"SearchAction\",\"target\":{\"@type\":\"EntryPoint\",\"urlTemplate\":\"https:\\\/\\\/olyboost.eu\\\/lv\\\/?s={search_term_string}\"},\"query-input\":{\"@type\":\"PropertyValueSpecification\",\"valueRequired\":true,\"valueName\":\"search_term_string\"}}],\"inLanguage\":\"lv-LV\"},{\"@type\":\"Organization\",\"@id\":\"https:\\\/\\\/olyboost.eu\\\/lv\\\/#organization\",\"name\":\"OlyBoost\",\"url\":\"https:\\\/\\\/olyboost.eu\\\/lv\\\/\",\"logo\":{\"@type\":\"ImageObject\",\"inLanguage\":\"lv-LV\",\"@id\":\"https:\\\/\\\/olyboost.eu\\\/lv\\\/#\\\/schema\\\/logo\\\/image\\\/\",\"url\":\"https:\\\/\\\/olyboost.eu\\\/wp-content\\\/uploads\\\/2024\\\/04\\\/olyboost-logo-new-1.png\",\"contentUrl\":\"https:\\\/\\\/olyboost.eu\\\/wp-content\\\/uploads\\\/2024\\\/04\\\/olyboost-logo-new-1.png\",\"width\":1100,\"height\":326,\"caption\":\"OlyBoost\"},\"image\":{\"@id\":\"https:\\\/\\\/olyboost.eu\\\/lv\\\/#\\\/schema\\\/logo\\\/image\\\/\"}}]}<\/script>\n<!-- \/ Yoast SEO plugin. -->","yoast_head_json":{"title":"Noteikumi un nosac\u012bjumi - OlyBoost","robots":{"index":"index","follow":"follow","max-snippet":"max-snippet:-1","max-image-preview":"max-image-preview:large","max-video-preview":"max-video-preview:-1"},"canonical":"https:\/\/olyboost.eu\/lv\/noteikumi-un-nosacijumi\/","og_locale":"lv_LV","og_type":"article","og_title":"Noteikumi un nosac\u012bjumi - OlyBoost","og_description":"Noteikumi un nosac\u012bjumi Sp\u0113k\u0101 no: 10.09.2024 1. \u0160\u012b vietne www.olyboost.eu (\u201cVietne\u201d) tiek p\u0101rvald\u012bta no Kungla Investeeringu Osa\u00fching, re\u0123istr\u0101cijas kods 10103126, re\u0123istr\u0113ts adres\u0113: Pronksi 19, 10124 Tallina, Igaunija (\u201cUz\u0146\u0113mums\u201d vai \u201cm\u0113s\u201d). 2. Apmekl\u0113jot \u0161o Vietni, j\u016bs piekr\u012btat \u0161iem Lieto\u0161anas noteikumiem un apliecin\u0101t, ka esat izlas\u012bjis un sapratis inform\u0101ciju, kas ietverta Priv\u0101tuma pazi\u0146ojum\u0101 un S\u012bkdat\u0146u politik\u0101 attiec\u012bb\u0101 [&hellip;]","og_url":"https:\/\/olyboost.eu\/lv\/noteikumi-un-nosacijumi\/","og_site_name":"OlyBoost","article_modified_time":"2025-05-30T06:00:23+00:00","twitter_card":"summary_large_image","twitter_misc":{"Est. reading time":"8 minutes"},"schema":{"@context":"https:\/\/schema.org","@graph":[{"@type":"WebPage","@id":"https:\/\/olyboost.eu\/lv\/noteikumi-un-nosacijumi\/","url":"https:\/\/olyboost.eu\/lv\/noteikumi-un-nosacijumi\/","name":"Noteikumi un nosac\u012bjumi - OlyBoost","isPartOf":{"@id":"https:\/\/olyboost.eu\/lv\/#website"},"datePublished":"2024-05-22T07:29:24+00:00","dateModified":"2025-05-30T06:00:23+00:00","breadcrumb":{"@id":"https:\/\/olyboost.eu\/lv\/noteikumi-un-nosacijumi\/#breadcrumb"},"inLanguage":"lv-LV","potentialAction":[{"@type":"ReadAction","target":["https:\/\/olyboost.eu\/lv\/noteikumi-un-nosacijumi\/"]}]},{"@type":"BreadcrumbList","@id":"https:\/\/olyboost.eu\/lv\/noteikumi-un-nosacijumi\/#breadcrumb","itemListElement":[{"@type":"ListItem","position":1,"name":"Home","item":"https:\/\/olyboost.eu\/lv\/"},{"@type":"ListItem","position":2,"name":"Noteikumi un nosac\u012bjumi"}]},{"@type":"WebSite","@id":"https:\/\/olyboost.eu\/lv\/#website","url":"https:\/\/olyboost.eu\/lv\/","name":"OlyBoost","description":"Your moments","publisher":{"@id":"https:\/\/olyboost.eu\/lv\/#organization"},"potentialAction":[{"@type":"SearchAction","target":{"@type":"EntryPoint","urlTemplate":"https:\/\/olyboost.eu\/lv\/?s={search_term_string}"},"query-input":{"@type":"PropertyValueSpecification","valueRequired":true,"valueName":"search_term_string"}}],"inLanguage":"lv-LV"},{"@type":"Organization","@id":"https:\/\/olyboost.eu\/lv\/#organization","name":"OlyBoost","url":"https:\/\/olyboost.eu\/lv\/","logo":{"@type":"ImageObject","inLanguage":"lv-LV","@id":"https:\/\/olyboost.eu\/lv\/#\/schema\/logo\/image\/","url":"https:\/\/olyboost.eu\/wp-content\/uploads\/2024\/04\/olyboost-logo-new-1.png","contentUrl":"https:\/\/olyboost.eu\/wp-content\/uploads\/2024\/04\/olyboost-logo-new-1.png","width":1100,"height":326,"caption":"OlyBoost"},"image":{"@id":"https:\/\/olyboost.eu\/lv\/#\/schema\/logo\/image\/"}}]}},"publishpress_future_action":{"enabled":false,"date":"2026-05-08 07:04:14","action":"change-status","newStatus":"draft","terms":[],"taxonomy":"translation_priority","extraData":[]},"publishpress_future_workflow_manual_trigger":{"enabledWorkflows":[]},"_links":{"self":[{"href":"https:\/\/olyboost.eu\/lv\/wp-json\/wp\/v2\/pages\/1608","targetHints":{"allow":["GET"]}}],"collection":[{"href":"https:\/\/olyboost.eu\/lv\/wp-json\/wp\/v2\/pages"}],"about":[{"href":"https:\/\/olyboost.eu\/lv\/wp-json\/wp\/v2\/types\/page"}],"author":[{"embeddable":true,"href":"https:\/\/olyboost.eu\/lv\/wp-json\/wp\/v2\/users\/2"}],"replies":[{"embeddable":true,"href":"https:\/\/olyboost.eu\/lv\/wp-json\/wp\/v2\/comments?post=1608"}],"version-history":[{"count":1,"href":"https:\/\/olyboost.eu\/lv\/wp-json\/wp\/v2\/pages\/1608\/revisions"}],"predecessor-version":[{"id":1609,"href":"https:\/\/olyboost.eu\/lv\/wp-json\/wp\/v2\/pages\/1608\/revisions\/1609"}],"wp:attachment":[{"href":"https:\/\/olyboost.eu\/lv\/wp-json\/wp\/v2\/media?parent=1608"}],"curies":[{"name":"wp","href":"https:\/\/api.w.org\/{rel}","templated":true}]}}